{"id":138,"date":"2024-03-12T09:29:48","date_gmt":"2024-03-12T08:29:48","guid":{"rendered":"https:\/\/plazadetoroscordoba.com\/fertilizers\/"},"modified":"2025-05-19T10:15:34","modified_gmt":"2025-05-19T08:15:34","slug":"subscriptions","status":"publish","type":"page","link":"https:\/\/plazadetoroscordoba.com\/en\/subscriptions\/","title":{"rendered":"Subscriptions"},"content":{"rendered":"<section class=\"l-section wpb_row us_custom_c70c97eb height_medium\"><div class=\"l-section-h i-cf\"><div class=\"g-cols vc_row via_grid cols_2 laptops-cols_inherit tablets-cols_1 mobiles-cols_1 valign_middle type_default stacking_default\" style=\"--columns-gap:4vw;\"><div class=\"wpb_column vc_column_container us_custom_04bc1869\"><div class=\"vc_column-inner\"><h1 class=\"w-text us_custom_2774bef1\"><span class=\"w-text-h\"><span class=\"w-text-value\">C\u00f3rdoba bull subscriptions<\/span><\/span><\/h1><div class=\"w-separator size_medium\"><\/div><div class=\"w-hwrapper us_custom_feadd1a9 valign_top wrap align_none\" style=\"--hwrapper-gap:2.2rem\"><div class=\"wpb_text_column\"><div class=\"wpb_wrapper\"><p><strong>Save money<br \/>\n<\/strong> up to 25% off<\/p>\n<\/div><\/div><div class=\"wpb_text_column\"><div class=\"wpb_wrapper\"><p><strong>Disponibilidad<\/strong><br \/>\nuntil May 23<\/p>\n<\/div><\/div><\/div><div class=\"w-separator size_medium\"><\/div><div class=\"w-btn-wrapper align_none\"><button class=\"w-btn us-btn-style_1 us_custom_510ba617 icon_atleft\" type=\"button\"><i class=\"material-icons\">task_alt<\/i><span class=\"w-btn-label\">Not available<\/span><\/button><\/div><\/div><\/div><div class=\"wpb_column vc_column_container\"><div class=\"vc_column-inner\"><div class=\"w-image us_custom_be776f20 style_shadow-2 has_ratio align_none\"><div class=\"w-image-h\"><div style=\"padding-bottom:100%\"><\/div><div class=\"w-image-shadow\" style=\"background-image:url(https:\/\/plazadetoroscordoba.com\/wp-content\/uploads\/2024\/03\/Abonos-toros-cordoba.webp);\"><\/div><img decoding=\"async\" width=\"550\" height=\"550\" src=\"https:\/\/plazadetoroscordoba.com\/wp-content\/uploads\/2024\/03\/Abonos-toros-cordoba.webp\" class=\"attachment-large size-large\" alt=\"buy bullfighting subscriptions cordoba bullring\" loading=\"lazy\" \/><\/div><\/div><\/div><\/div><\/div><\/div><\/section><section class=\"l-section wpb_row height_medium\"><div class=\"l-section-h i-cf\"><div class=\"g-cols vc_row via_grid cols_1 laptops-cols_inherit tablets-cols_inherit mobiles-cols_1 valign_top type_default stacking_default\"><div class=\"wpb_column vc_column_container\"><div class=\"vc_column-inner\"><div class=\"wpb_text_column us_custom_435c636a\"><div class=\"wpb_wrapper\"><h2 style=\"text-align: center;\">What do the subscriptions include?<\/h2>\n<\/div><\/div><div class=\"w-separator size_medium\"><\/div><div class=\"g-cols wpb_row via_grid cols_3 laptops-cols_2 tablets-cols_2 mobiles-cols_1 valign_top type_default\" style=\"--columns-gap:1.5rem;\"><div class=\"wpb_column vc_column_container\"><div class=\"vc_column-inner\"><div class=\"w-iconbox us_custom_13427bc9 iconpos_top style_circle color_primary align_left\"><div class=\"w-iconbox-icon\" style=\"font-size:1.8rem;\"><i class=\"fas fa-ticket\"><\/i><\/div><div class=\"w-iconbox-meta\"><h4 class=\"w-iconbox-title\">6 Entries<\/h4><div class=\"w-iconbox-text\"><p>Tickets with location to be chosen by the spectator for the entire bullfighting fair in Cordoba.<\/p>\n<\/div><\/div><\/div><\/div><\/div><div class=\"wpb_column vc_column_container\"><div class=\"vc_column-inner\"><div class=\"w-iconbox us_custom_13427bc9 iconpos_top style_circle color_primary align_left\"><div class=\"w-iconbox-icon\" style=\"font-size:1.8rem;\"><i class=\"fas fa-percent\"><\/i><\/div><div class=\"w-iconbox-meta\"><h4 class=\"w-iconbox-title\">25% Discount<\/h4><div class=\"w-iconbox-text\"><p>Buy all tickets with a 25% discount compared to buying them individually.<\/p>\n<\/div><\/div><\/div><\/div><\/div><div class=\"wpb_column vc_column_container\"><div class=\"vc_column-inner\"><div class=\"w-iconbox us_custom_13427bc9 iconpos_top style_circle color_primary align_left\"><div class=\"w-iconbox-icon\" style=\"font-size:1.8rem;\"><i class=\"fas fa-search\"><\/i><\/div><div class=\"w-iconbox-meta\"><h4 class=\"w-iconbox-title\">Priority<\/h4><div class=\"w-iconbox-text\"><p>Choose your seats weeks before tickets go on sale to the public. You can choose the best ones!<\/p>\n<\/div><\/div><\/div><\/div><\/div><\/div><\/div><\/div><\/div><\/div><\/section>\n","protected":false},"excerpt":{"rendered":"C\u00f3rdoba bull subscriptionsSave money up to 25% off Disponibilidad until May 23 task_altNot availableWhat do the subscriptions include? 6 EntriesTickets with location to be chosen by the spectator for the entire bullfighting fair in Cordoba. 25% DiscountBuy all tickets with a 25% discount compared to buying them individually. PriorityChoose your seats weeks before tickets go...","protected":false},"author":2,"featured_media":0,"parent":0,"menu_order":0,"comment_status":"closed","ping_status":"closed","template":"","meta":{"footnotes":""},"class_list":["post-138","page","type-page","status-publish","hentry"],"yoast_head":"<!-- This site is optimized with the Yoast SEO plugin v27.4 - https:\/\/yoast.com\/product\/yoast-seo-wordpress\/ -->\n<title>\u25b7 Bullring Tickets C\u00f3rdoba | Advance Reservation<\/title>\n<meta name=\"description\" content=\"Official Website of the C\u00f3rdoba Los Califas Bullring. Buy and reserve your ticket for the bullfights in the bullring of C\u00f3rdoba\" \/>\n<meta name=\"robots\" content=\"index, follow, max-snippet:-1, max-image-preview:large, max-video-preview:-1\" \/>\n<link rel=\"canonical\" href=\"https:\/\/plazadetoroscordoba.com\/en\/subscriptions\/\" \/>\n<meta property=\"og:locale\" content=\"en_US\" \/>\n<meta property=\"og:type\" content=\"article\" \/>\n<meta property=\"og:title\" content=\"\u25b7 Bullring Tickets C\u00f3rdoba | Advance Reservation\" \/>\n<meta property=\"og:description\" content=\"Official Website of the C\u00f3rdoba Los Califas Bullring. Buy and reserve your ticket for the bullfights in the bullring of C\u00f3rdoba\" \/>\n<meta property=\"og:url\" content=\"https:\/\/plazadetoroscordoba.com\/en\/subscriptions\/\" \/>\n<meta property=\"og:site_name\" content=\"Plaza Toros C\u00f3rdoba\" \/>\n<meta property=\"article:modified_time\" content=\"2025-05-19T08:15:34+00:00\" \/>\n<meta property=\"og:image\" content=\"https:\/\/plazadetoroscordoba.com\/wp-content\/uploads\/2024\/03\/Banner-web.webp\" \/>\n\t<meta property=\"og:image:width\" content=\"267\" \/>\n\t<meta property=\"og:image:height\" content=\"100\" \/>\n\t<meta property=\"og:image:type\" content=\"image\/webp\" \/>\n<meta name=\"twitter:card\" content=\"summary_large_image\" \/>\n<meta name=\"twitter:label1\" content=\"Est. reading time\" \/>\n\t<meta name=\"twitter:data1\" content=\"1 minute\" \/>\n<script type=\"application\/ld+json\" class=\"yoast-schema-graph\">{\"@context\":\"https:\\\/\\\/schema.org\",\"@graph\":[{\"@type\":\"WebPage\",\"@id\":\"https:\\\/\\\/plazadetoroscordoba.com\\\/en\\\/subscriptions\\\/\",\"url\":\"https:\\\/\\\/plazadetoroscordoba.com\\\/en\\\/subscriptions\\\/\",\"name\":\"\u25b7 Bullring Tickets C\u00f3rdoba | Advance Reservation\",\"isPartOf\":{\"@id\":\"https:\\\/\\\/plazadetoroscordoba.com\\\/en\\\/#website\"},\"datePublished\":\"2024-03-12T08:29:48+00:00\",\"dateModified\":\"2025-05-19T08:15:34+00:00\",\"description\":\"Official Website of the C\u00f3rdoba Los Califas Bullring. Buy and reserve your ticket for the bullfights in the bullring of C\u00f3rdoba\",\"breadcrumb\":{\"@id\":\"https:\\\/\\\/plazadetoroscordoba.com\\\/en\\\/subscriptions\\\/#breadcrumb\"},\"inLanguage\":\"en-US\",\"potentialAction\":[{\"@type\":\"ReadAction\",\"target\":[\"https:\\\/\\\/plazadetoroscordoba.com\\\/en\\\/subscriptions\\\/\"]}]},{\"@type\":\"BreadcrumbList\",\"@id\":\"https:\\\/\\\/plazadetoroscordoba.com\\\/en\\\/subscriptions\\\/#breadcrumb\",\"itemListElement\":[{\"@type\":\"ListItem\",\"position\":1,\"name\":\"Portada\",\"item\":\"https:\\\/\\\/plazadetoroscordoba.com\\\/en\\\/\"},{\"@type\":\"ListItem\",\"position\":2,\"name\":\"Subscriptions\"}]},{\"@type\":\"WebSite\",\"@id\":\"https:\\\/\\\/plazadetoroscordoba.com\\\/en\\\/#website\",\"url\":\"https:\\\/\\\/plazadetoroscordoba.com\\\/en\\\/\",\"name\":\"Plaza Toros C\u00f3rdoba\",\"description\":\"Venta de entradas a corridas de toros en C\u00f3rdoba\",\"publisher\":{\"@id\":\"https:\\\/\\\/plazadetoroscordoba.com\\\/en\\\/#organization\"},\"alternateName\":\"Plaza de Toros de C\u00f3rdoba\",\"potentialAction\":[{\"@type\":\"SearchAction\",\"target\":{\"@type\":\"EntryPoint\",\"urlTemplate\":\"https:\\\/\\\/plazadetoroscordoba.com\\\/en\\\/?s={search_term_string}\"},\"query-input\":{\"@type\":\"PropertyValueSpecification\",\"valueRequired\":true,\"valueName\":\"search_term_string\"}}],\"inLanguage\":\"en-US\"},{\"@type\":\"Organization\",\"@id\":\"https:\\\/\\\/plazadetoroscordoba.com\\\/en\\\/#organization\",\"name\":\"Plaza Toros C\u00f3rdoba\",\"url\":\"https:\\\/\\\/plazadetoroscordoba.com\\\/en\\\/\",\"logo\":{\"@type\":\"ImageObject\",\"inLanguage\":\"en-US\",\"@id\":\"https:\\\/\\\/plazadetoroscordoba.com\\\/en\\\/#\\\/schema\\\/logo\\\/image\\\/\",\"url\":\"https:\\\/\\\/plazadetoroscordoba.com\\\/wp-content\\\/uploads\\\/2024\\\/03\\\/Banner-web.webp\",\"contentUrl\":\"https:\\\/\\\/plazadetoroscordoba.com\\\/wp-content\\\/uploads\\\/2024\\\/03\\\/Banner-web.webp\",\"width\":267,\"height\":100,\"caption\":\"Plaza Toros C\u00f3rdoba\"},\"image\":{\"@id\":\"https:\\\/\\\/plazadetoroscordoba.com\\\/en\\\/#\\\/schema\\\/logo\\\/image\\\/\"}}]}<\/script>\n<!-- \/ Yoast SEO plugin. -->","yoast_head_json":{"title":"\u25b7 Bullring Tickets C\u00f3rdoba | Advance Reservation","description":"Official Website of the C\u00f3rdoba Los Califas Bullring. Buy and reserve your ticket for the bullfights in the bullring of C\u00f3rdoba","robots":{"index":"index","follow":"follow","max-snippet":"max-snippet:-1","max-image-preview":"max-image-preview:large","max-video-preview":"max-video-preview:-1"},"canonical":"https:\/\/plazadetoroscordoba.com\/en\/subscriptions\/","og_locale":"en_US","og_type":"article","og_title":"\u25b7 Bullring Tickets C\u00f3rdoba | Advance Reservation","og_description":"Official Website of the C\u00f3rdoba Los Califas Bullring. Buy and reserve your ticket for the bullfights in the bullring of C\u00f3rdoba","og_url":"https:\/\/plazadetoroscordoba.com\/en\/subscriptions\/","og_site_name":"Plaza Toros C\u00f3rdoba","article_modified_time":"2025-05-19T08:15:34+00:00","og_image":[{"width":267,"height":100,"url":"https:\/\/plazadetoroscordoba.com\/wp-content\/uploads\/2024\/03\/Banner-web.webp","type":"image\/webp"}],"twitter_card":"summary_large_image","twitter_misc":{"Est. reading time":"1 minute"},"schema":{"@context":"https:\/\/schema.org","@graph":[{"@type":"WebPage","@id":"https:\/\/plazadetoroscordoba.com\/en\/subscriptions\/","url":"https:\/\/plazadetoroscordoba.com\/en\/subscriptions\/","name":"\u25b7 Bullring Tickets C\u00f3rdoba | Advance Reservation","isPartOf":{"@id":"https:\/\/plazadetoroscordoba.com\/en\/#website"},"datePublished":"2024-03-12T08:29:48+00:00","dateModified":"2025-05-19T08:15:34+00:00","description":"Official Website of the C\u00f3rdoba Los Califas Bullring. Buy and reserve your ticket for the bullfights in the bullring of C\u00f3rdoba","breadcrumb":{"@id":"https:\/\/plazadetoroscordoba.com\/en\/subscriptions\/#breadcrumb"},"inLanguage":"en-US","potentialAction":[{"@type":"ReadAction","target":["https:\/\/plazadetoroscordoba.com\/en\/subscriptions\/"]}]},{"@type":"BreadcrumbList","@id":"https:\/\/plazadetoroscordoba.com\/en\/subscriptions\/#breadcrumb","itemListElement":[{"@type":"ListItem","position":1,"name":"Portada","item":"https:\/\/plazadetoroscordoba.com\/en\/"},{"@type":"ListItem","position":2,"name":"Subscriptions"}]},{"@type":"WebSite","@id":"https:\/\/plazadetoroscordoba.com\/en\/#website","url":"https:\/\/plazadetoroscordoba.com\/en\/","name":"Plaza Toros C\u00f3rdoba","description":"Venta de entradas a corridas de toros en C\u00f3rdoba","publisher":{"@id":"https:\/\/plazadetoroscordoba.com\/en\/#organization"},"alternateName":"Plaza de Toros de C\u00f3rdoba","potentialAction":[{"@type":"SearchAction","target":{"@type":"EntryPoint","urlTemplate":"https:\/\/plazadetoroscordoba.com\/en\/?s={search_term_string}"},"query-input":{"@type":"PropertyValueSpecification","valueRequired":true,"valueName":"search_term_string"}}],"inLanguage":"en-US"},{"@type":"Organization","@id":"https:\/\/plazadetoroscordoba.com\/en\/#organization","name":"Plaza Toros C\u00f3rdoba","url":"https:\/\/plazadetoroscordoba.com\/en\/","logo":{"@type":"ImageObject","inLanguage":"en-US","@id":"https:\/\/plazadetoroscordoba.com\/en\/#\/schema\/logo\/image\/","url":"https:\/\/plazadetoroscordoba.com\/wp-content\/uploads\/2024\/03\/Banner-web.webp","contentUrl":"https:\/\/plazadetoroscordoba.com\/wp-content\/uploads\/2024\/03\/Banner-web.webp","width":267,"height":100,"caption":"Plaza Toros C\u00f3rdoba"},"image":{"@id":"https:\/\/plazadetoroscordoba.com\/en\/#\/schema\/logo\/image\/"}}]}},"_links":{"self":[{"href":"https:\/\/plazadetoroscordoba.com\/en\/wp-json\/wp\/v2\/pages\/138","targetHints":{"allow":["GET"]}}],"collection":[{"href":"https:\/\/plazadetoroscordoba.com\/en\/wp-json\/wp\/v2\/pages"}],"about":[{"href":"https:\/\/plazadetoroscordoba.com\/en\/wp-json\/wp\/v2\/types\/page"}],"author":[{"embeddable":true,"href":"https:\/\/plazadetoroscordoba.com\/en\/wp-json\/wp\/v2\/users\/2"}],"replies":[{"embeddable":true,"href":"https:\/\/plazadetoroscordoba.com\/en\/wp-json\/wp\/v2\/comments?post=138"}],"version-history":[{"count":11,"href":"https:\/\/plazadetoroscordoba.com\/en\/wp-json\/wp\/v2\/pages\/138\/revisions"}],"predecessor-version":[{"id":8720,"href":"https:\/\/plazadetoroscordoba.com\/en\/wp-json\/wp\/v2\/pages\/138\/revisions\/8720"}],"wp:attachment":[{"href":"https:\/\/plazadetoroscordoba.com\/en\/wp-json\/wp\/v2\/media?parent=138"}],"curies":[{"name":"wp","href":"https:\/\/api.w.org\/{rel}","templated":true}]}}