{"id":7082,"date":"2025-03-13T09:40:11","date_gmt":"2025-03-13T08:40:11","guid":{"rendered":"https:\/\/plazadetoroscordoba.com\/producto\/vip-boxes\/"},"modified":"2026-04-29T15:49:47","modified_gmt":"2026-04-29T13:49:47","slug":"vip-boxes","status":"publish","type":"product","link":"https:\/\/plazadetoroscordoba.com\/en\/producto\/vip-boxes\/","title":{"rendered":"VIP Boxes"},"content":{"rendered":"<section class=\"l-section wpb_row height_medium\"><div class=\"l-section-h i-cf\"><div class=\"g-cols vc_row via_grid cols_2 laptops-cols_inherit tablets-cols_inherit mobiles-cols_1 valign_top type_default stacking_default\"><div class=\"wpb_column vc_column_container\"><div class=\"vc_column-inner\"><div class=\"wpb_text_column\"><div class=\"wpb_wrapper\"><h2>Bullfighting poster<\/h2>\n<p>Choose the day you like the most and come and enjoy the best bullfights.<\/p>\n\n<table id=\"tablepress-1\" class=\"tablepress tablepress-id-1\">\n<thead>\n<tr class=\"row-1\">\n\t<th class=\"column-1\">Evento taurino<\/th><th class=\"column-2\">D\u00eda<\/th><th class=\"column-3\">Toreros que participan<\/th>\n<\/tr>\n<\/thead>\n<tbody class=\"row-striping row-hover\">\n<tr class=\"row-2\">\n\t<td class=\"column-1\">Clases pr\u00e1cticas<\/td><td class=\"column-2\">15 Mayo<\/td><td class=\"column-3\">Escuela taurina<\/td>\n<\/tr>\n<tr class=\"row-3\">\n\t<td class=\"column-1\">Novillada<\/td><td class=\"column-2\">16 mayo<\/td><td class=\"column-3\">Emiliano Osornio, Julio Norte y Manuel Quintana.<\/td>\n<\/tr>\n<tr class=\"row-4\">\n\t<td class=\"column-1\">Corrida de toros<\/td><td class=\"column-2\">17 Mayo<\/td><td class=\"column-3\">Daniel Luque, David de Miranda y Manuel Rom\u00e1n<\/td>\n<\/tr>\n<tr class=\"row-5\">\n\t<td class=\"column-1\">Corrida de toros<\/td><td class=\"column-2\">22 Mayo<\/td><td class=\"column-3\">Borja Jim\u00e9nez, V\u00edctor Hern\u00e1ndez y Marco P\u00e9rez<\/td>\n<\/tr>\n<tr class=\"row-6\">\n\t<td class=\"column-1\">Corrida de rejones<\/td><td class=\"column-2\">23 Mayo<\/td><td class=\"column-3\">Sergio Gal\u00e1n, Lea Vicens y Sebasti\u00e1n Fern\u00e1ndez<\/td>\n<\/tr>\n<tr class=\"row-7\">\n\t<td class=\"column-1\">Corrida de toros<\/td><td class=\"column-2\">24 Mayo<\/td><td class=\"column-3\">Jos\u00e9 Mar\u00eda Manzanares, Juan Ortega y Pablo Aguado.<\/td>\n<\/tr>\n<\/tbody>\n<\/table>\n<!-- #tablepress-1 from cache -->\n<h2>Experience Included<\/h2>\n<p>In addition to the seats for the bullfight, your tickets include a unique experience for you and your guests:<\/p>\n<ul>\n<li><strong>Queue-free entry through a special door<\/strong><\/li>\n<li><strong>Waiter service  <\/strong><\/li>\n<\/ul>\n<h3>Premium catering<\/h3>\n<ul>\n<li>Unlimited premium food and beverages<\/li>\n<li>Hot starters<\/li>\n<li>Sausage and premium cheeses<\/li>\n<li>Selection of skewers<\/li>\n<\/ul>\n<\/div><\/div><\/div><\/div><div class=\"wpb_column vc_column_container type_sticky\"><div class=\"vc_column-inner\"><div class=\"w-vwrapper align_none valign_top us_custom_3f2a09fa has_text_color\" style=\"--vwrapper-gap:0.7rem\"><div class=\"wpb_text_column\"><div class=\"wpb_wrapper\"><h3 style=\"text-align: left;\">Do you have any doubts?<\/h3>\n<p style=\"text-align: left;\">We have a customer service team waiting to answer any questions you may have:<\/p>\n<\/div><\/div><div class=\"w-iconbox iconpos_left style_default color_primary align_left\"><div class=\"w-iconbox-icon\" style=\"font-size:2rem;\"><i class=\"fas fa-phone\"><\/i><\/div><div class=\"w-iconbox-meta\"><h4 class=\"w-iconbox-title\">Contact<\/h4><div class=\"w-iconbox-text\"><div class=\"wpb_column vc_column_container\">\n<div class=\"vc_column-inner\">\n<div class=\"w-iconbox iconpos_left style_default color_contrast align_left no_text\">\n<div class=\"w-iconbox-meta\">\n<div class=\"w-iconbox-title\">+34 675 247 690<\/div>\n<\/div>\n<\/div>\n<\/div>\n<\/div>\n<\/div><\/div><\/div><\/div><\/div><\/div><\/div><\/div><\/section>\n","protected":false},"excerpt":{"rendered":"<p><strong>Included in your box:<\/strong><\/p>\n<ul>\n<li>Up to 10 seats in the box 1 or 2<\/li>\n<li>Catering with Iberian hams and tapas<\/li>\n<li>Unlimited Premium Drinks and Soft Drinks.<\/li>\n<li>Premium access without queue<\/li>\n<li>Exclusive waiter\/waitress service per box<\/li>\n<\/ul>\n","protected":false},"featured_media":7075,"comment_status":"open","ping_status":"closed","template":"","meta":[],"product_brand":[],"product_cat":[99],"product_tag":[],"class_list":{"0":"post-7082","1":"product","2":"type-product","3":"status-publish","4":"has-post-thumbnail","6":"product_cat-vip-boxes","8":"first","9":"instock","10":"taxable","11":"shipping-taxable","12":"purchasable","13":"product-type-variable"},"yoast_head":"<!-- This site is optimized with the Yoast SEO plugin v27.5 - https:\/\/yoast.com\/product\/yoast-seo-wordpress\/ -->\n<title>VIP Boxes Plaza de Toros de C\u00f3rdoba | Buy your Tickets<\/title>\n<meta name=\"description\" content=\"Tickets on sale for the VIP boxes of the Cordoba Bullring. Experience bullfighting like never before [Tickets available].\" \/>\n<meta name=\"robots\" content=\"index, follow, max-snippet:-1, max-image-preview:large, max-video-preview:-1\" \/>\n<link rel=\"canonical\" href=\"https:\/\/plazadetoroscordoba.com\/en\/producto\/vip-boxes\/\" \/>\n<meta property=\"og:locale\" content=\"en_US\" \/>\n<meta property=\"og:type\" content=\"article\" \/>\n<meta property=\"og:title\" content=\"VIP Boxes Plaza de Toros de C\u00f3rdoba | Buy your Tickets\" \/>\n<meta property=\"og:description\" content=\"Tickets on sale for the VIP boxes of the Cordoba Bullring. Experience bullfighting like never before [Tickets available].\" \/>\n<meta property=\"og:url\" content=\"https:\/\/plazadetoroscordoba.com\/en\/producto\/vip-boxes\/\" \/>\n<meta property=\"og:site_name\" content=\"Plaza Toros C\u00f3rdoba\" \/>\n<meta property=\"article:modified_time\" content=\"2026-04-29T13:49:47+00:00\" \/>\n<meta property=\"og:image\" content=\"https:\/\/plazadetoroscordoba.com\/wp-content\/uploads\/2025\/03\/Palcos-vip-1.webp\" \/>\n\t<meta property=\"og:image:width\" content=\"800\" \/>\n\t<meta property=\"og:image:height\" content=\"800\" \/>\n\t<meta property=\"og:image:type\" content=\"image\/webp\" \/>\n<meta name=\"twitter:card\" content=\"summary_large_image\" \/>\n<meta name=\"twitter:label1\" content=\"Est. reading time\" \/>\n\t<meta name=\"twitter:data1\" content=\"1 minute\" \/>\n<script type=\"application\/ld+json\" class=\"yoast-schema-graph\">{\"@context\":\"https:\\\/\\\/schema.org\",\"@graph\":[{\"@type\":\"WebPage\",\"@id\":\"https:\\\/\\\/plazadetoroscordoba.com\\\/en\\\/producto\\\/vip-boxes\\\/\",\"url\":\"https:\\\/\\\/plazadetoroscordoba.com\\\/en\\\/producto\\\/vip-boxes\\\/\",\"name\":\"VIP Boxes Plaza de Toros de C\u00f3rdoba | Buy your Tickets\",\"isPartOf\":{\"@id\":\"https:\\\/\\\/plazadetoroscordoba.com\\\/en\\\/#website\"},\"primaryImageOfPage\":{\"@id\":\"https:\\\/\\\/plazadetoroscordoba.com\\\/en\\\/producto\\\/vip-boxes\\\/#primaryimage\"},\"image\":{\"@id\":\"https:\\\/\\\/plazadetoroscordoba.com\\\/en\\\/producto\\\/vip-boxes\\\/#primaryimage\"},\"thumbnailUrl\":\"https:\\\/\\\/plazadetoroscordoba.com\\\/wp-content\\\/uploads\\\/2025\\\/03\\\/Palcos-vip-1.webp\",\"datePublished\":\"2025-03-13T08:40:11+00:00\",\"dateModified\":\"2026-04-29T13:49:47+00:00\",\"description\":\"Tickets on sale for the VIP boxes of the Cordoba Bullring. Experience bullfighting like never before [Tickets available].\",\"breadcrumb\":{\"@id\":\"https:\\\/\\\/plazadetoroscordoba.com\\\/en\\\/producto\\\/vip-boxes\\\/#breadcrumb\"},\"inLanguage\":\"en-US\",\"potentialAction\":[{\"@type\":\"ReadAction\",\"target\":[\"https:\\\/\\\/plazadetoroscordoba.com\\\/en\\\/producto\\\/vip-boxes\\\/\"]}]},{\"@type\":\"ImageObject\",\"inLanguage\":\"en-US\",\"@id\":\"https:\\\/\\\/plazadetoroscordoba.com\\\/en\\\/producto\\\/vip-boxes\\\/#primaryimage\",\"url\":\"https:\\\/\\\/plazadetoroscordoba.com\\\/wp-content\\\/uploads\\\/2025\\\/03\\\/Palcos-vip-1.webp\",\"contentUrl\":\"https:\\\/\\\/plazadetoroscordoba.com\\\/wp-content\\\/uploads\\\/2025\\\/03\\\/Palcos-vip-1.webp\",\"width\":800,\"height\":800},{\"@type\":\"BreadcrumbList\",\"@id\":\"https:\\\/\\\/plazadetoroscordoba.com\\\/en\\\/producto\\\/vip-boxes\\\/#breadcrumb\",\"itemListElement\":[{\"@type\":\"ListItem\",\"position\":1,\"name\":\"Portada\",\"item\":\"https:\\\/\\\/plazadetoroscordoba.com\\\/en\\\/\"},{\"@type\":\"ListItem\",\"position\":2,\"name\":\"Shop\",\"item\":\"https:\\\/\\\/plazadetoroscordoba.com\\\/en\\\/shop\\\/\"},{\"@type\":\"ListItem\",\"position\":3,\"name\":\"VIP Boxes\"}]},{\"@type\":\"WebSite\",\"@id\":\"https:\\\/\\\/plazadetoroscordoba.com\\\/en\\\/#website\",\"url\":\"https:\\\/\\\/plazadetoroscordoba.com\\\/en\\\/\",\"name\":\"Plaza Toros C\u00f3rdoba\",\"description\":\"Venta de entradas a corridas de toros en C\u00f3rdoba\",\"publisher\":{\"@id\":\"https:\\\/\\\/plazadetoroscordoba.com\\\/en\\\/#organization\"},\"alternateName\":\"Plaza de Toros de C\u00f3rdoba\",\"potentialAction\":[{\"@type\":\"SearchAction\",\"target\":{\"@type\":\"EntryPoint\",\"urlTemplate\":\"https:\\\/\\\/plazadetoroscordoba.com\\\/en\\\/?s={search_term_string}\"},\"query-input\":{\"@type\":\"PropertyValueSpecification\",\"valueRequired\":true,\"valueName\":\"search_term_string\"}}],\"inLanguage\":\"en-US\"},{\"@type\":\"Organization\",\"@id\":\"https:\\\/\\\/plazadetoroscordoba.com\\\/en\\\/#organization\",\"name\":\"Plaza Toros C\u00f3rdoba\",\"url\":\"https:\\\/\\\/plazadetoroscordoba.com\\\/en\\\/\",\"logo\":{\"@type\":\"ImageObject\",\"inLanguage\":\"en-US\",\"@id\":\"https:\\\/\\\/plazadetoroscordoba.com\\\/en\\\/#\\\/schema\\\/logo\\\/image\\\/\",\"url\":\"https:\\\/\\\/plazadetoroscordoba.com\\\/wp-content\\\/uploads\\\/2024\\\/03\\\/Banner-web.webp\",\"contentUrl\":\"https:\\\/\\\/plazadetoroscordoba.com\\\/wp-content\\\/uploads\\\/2024\\\/03\\\/Banner-web.webp\",\"width\":267,\"height\":100,\"caption\":\"Plaza Toros C\u00f3rdoba\"},\"image\":{\"@id\":\"https:\\\/\\\/plazadetoroscordoba.com\\\/en\\\/#\\\/schema\\\/logo\\\/image\\\/\"}}]}<\/script>\n<!-- \/ Yoast SEO plugin. -->","yoast_head_json":{"title":"VIP Boxes Plaza de Toros de C\u00f3rdoba | Buy your Tickets","description":"Tickets on sale for the VIP boxes of the Cordoba Bullring. Experience bullfighting like never before [Tickets available].","robots":{"index":"index","follow":"follow","max-snippet":"max-snippet:-1","max-image-preview":"max-image-preview:large","max-video-preview":"max-video-preview:-1"},"canonical":"https:\/\/plazadetoroscordoba.com\/en\/producto\/vip-boxes\/","og_locale":"en_US","og_type":"article","og_title":"VIP Boxes Plaza de Toros de C\u00f3rdoba | Buy your Tickets","og_description":"Tickets on sale for the VIP boxes of the Cordoba Bullring. Experience bullfighting like never before [Tickets available].","og_url":"https:\/\/plazadetoroscordoba.com\/en\/producto\/vip-boxes\/","og_site_name":"Plaza Toros C\u00f3rdoba","article_modified_time":"2026-04-29T13:49:47+00:00","og_image":[{"width":800,"height":800,"url":"https:\/\/plazadetoroscordoba.com\/wp-content\/uploads\/2025\/03\/Palcos-vip-1.webp","type":"image\/webp"}],"twitter_card":"summary_large_image","twitter_misc":{"Est. reading time":"1 minute"},"schema":{"@context":"https:\/\/schema.org","@graph":[{"@type":"WebPage","@id":"https:\/\/plazadetoroscordoba.com\/en\/producto\/vip-boxes\/","url":"https:\/\/plazadetoroscordoba.com\/en\/producto\/vip-boxes\/","name":"VIP Boxes Plaza de Toros de C\u00f3rdoba | Buy your Tickets","isPartOf":{"@id":"https:\/\/plazadetoroscordoba.com\/en\/#website"},"primaryImageOfPage":{"@id":"https:\/\/plazadetoroscordoba.com\/en\/producto\/vip-boxes\/#primaryimage"},"image":{"@id":"https:\/\/plazadetoroscordoba.com\/en\/producto\/vip-boxes\/#primaryimage"},"thumbnailUrl":"https:\/\/plazadetoroscordoba.com\/wp-content\/uploads\/2025\/03\/Palcos-vip-1.webp","datePublished":"2025-03-13T08:40:11+00:00","dateModified":"2026-04-29T13:49:47+00:00","description":"Tickets on sale for the VIP boxes of the Cordoba Bullring. Experience bullfighting like never before [Tickets available].","breadcrumb":{"@id":"https:\/\/plazadetoroscordoba.com\/en\/producto\/vip-boxes\/#breadcrumb"},"inLanguage":"en-US","potentialAction":[{"@type":"ReadAction","target":["https:\/\/plazadetoroscordoba.com\/en\/producto\/vip-boxes\/"]}]},{"@type":"ImageObject","inLanguage":"en-US","@id":"https:\/\/plazadetoroscordoba.com\/en\/producto\/vip-boxes\/#primaryimage","url":"https:\/\/plazadetoroscordoba.com\/wp-content\/uploads\/2025\/03\/Palcos-vip-1.webp","contentUrl":"https:\/\/plazadetoroscordoba.com\/wp-content\/uploads\/2025\/03\/Palcos-vip-1.webp","width":800,"height":800},{"@type":"BreadcrumbList","@id":"https:\/\/plazadetoroscordoba.com\/en\/producto\/vip-boxes\/#breadcrumb","itemListElement":[{"@type":"ListItem","position":1,"name":"Portada","item":"https:\/\/plazadetoroscordoba.com\/en\/"},{"@type":"ListItem","position":2,"name":"Shop","item":"https:\/\/plazadetoroscordoba.com\/en\/shop\/"},{"@type":"ListItem","position":3,"name":"VIP Boxes"}]},{"@type":"WebSite","@id":"https:\/\/plazadetoroscordoba.com\/en\/#website","url":"https:\/\/plazadetoroscordoba.com\/en\/","name":"Plaza Toros C\u00f3rdoba","description":"Venta de entradas a corridas de toros en C\u00f3rdoba","publisher":{"@id":"https:\/\/plazadetoroscordoba.com\/en\/#organization"},"alternateName":"Plaza de Toros de C\u00f3rdoba","potentialAction":[{"@type":"SearchAction","target":{"@type":"EntryPoint","urlTemplate":"https:\/\/plazadetoroscordoba.com\/en\/?s={search_term_string}"},"query-input":{"@type":"PropertyValueSpecification","valueRequired":true,"valueName":"search_term_string"}}],"inLanguage":"en-US"},{"@type":"Organization","@id":"https:\/\/plazadetoroscordoba.com\/en\/#organization","name":"Plaza Toros C\u00f3rdoba","url":"https:\/\/plazadetoroscordoba.com\/en\/","logo":{"@type":"ImageObject","inLanguage":"en-US","@id":"https:\/\/plazadetoroscordoba.com\/en\/#\/schema\/logo\/image\/","url":"https:\/\/plazadetoroscordoba.com\/wp-content\/uploads\/2024\/03\/Banner-web.webp","contentUrl":"https:\/\/plazadetoroscordoba.com\/wp-content\/uploads\/2024\/03\/Banner-web.webp","width":267,"height":100,"caption":"Plaza Toros C\u00f3rdoba"},"image":{"@id":"https:\/\/plazadetoroscordoba.com\/en\/#\/schema\/logo\/image\/"}}]}},"_links":{"self":[{"href":"https:\/\/plazadetoroscordoba.com\/en\/wp-json\/wp\/v2\/product\/7082","targetHints":{"allow":["GET"]}}],"collection":[{"href":"https:\/\/plazadetoroscordoba.com\/en\/wp-json\/wp\/v2\/product"}],"about":[{"href":"https:\/\/plazadetoroscordoba.com\/en\/wp-json\/wp\/v2\/types\/product"}],"replies":[{"embeddable":true,"href":"https:\/\/plazadetoroscordoba.com\/en\/wp-json\/wp\/v2\/comments?post=7082"}],"wp:featuredmedia":[{"embeddable":true,"href":"https:\/\/plazadetoroscordoba.com\/en\/wp-json\/wp\/v2\/media\/7075"}],"wp:attachment":[{"href":"https:\/\/plazadetoroscordoba.com\/en\/wp-json\/wp\/v2\/media?parent=7082"}],"wp:term":[{"taxonomy":"product_brand","embeddable":true,"href":"https:\/\/plazadetoroscordoba.com\/en\/wp-json\/wp\/v2\/product_brand?post=7082"},{"taxonomy":"product_cat","embeddable":true,"href":"https:\/\/plazadetoroscordoba.com\/en\/wp-json\/wp\/v2\/product_cat?post=7082"},{"taxonomy":"product_tag","embeddable":true,"href":"https:\/\/plazadetoroscordoba.com\/en\/wp-json\/wp\/v2\/product_tag?post=7082"}],"curies":[{"name":"wp","href":"https:\/\/api.w.org\/{rel}","templated":true}]}}