{"id":9412,"date":"2026-04-28T14:58:09","date_gmt":"2026-04-28T12:58:09","guid":{"rendered":"https:\/\/plazadetoroscordoba.com\/producto\/bullfight-may-23\/"},"modified":"2026-04-28T15:00:29","modified_gmt":"2026-04-28T13:00:29","slug":"bullfight-may-23","status":"publish","type":"product","link":"https:\/\/plazadetoroscordoba.com\/en\/producto\/bullfight-may-23\/","title":{"rendered":"Bullfight May 23"},"content":{"rendered":"<section class=\"l-section wpb_row height_medium\"><div class=\"l-section-h i-cf\"><div class=\"g-cols vc_row via_grid cols_1 laptops-cols_inherit tablets-cols_inherit mobiles-cols_1 valign_top type_default stacking_default\"><div class=\"wpb_column vc_column_container\"><div class=\"vc_column-inner\"><div class=\"g-cols wpb_row via_grid cols_2 laptops-cols_inherit tablets-cols_inherit mobiles-cols_1 valign_top type_default stacking_default\" style=\"--columns-gap:3rem;\" id=\"espectaculo\"><div class=\"wpb_column vc_column_container\"><div class=\"vc_column-inner\"><div class=\"w-iconbox iconpos_left style_default color_primary align_left\"><div class=\"w-iconbox-icon\" style=\"font-size:2rem;\"><i class=\"fas fa-users\"><\/i><\/div><div class=\"w-iconbox-meta\"><h3 class=\"w-iconbox-title\">Bullfighters participating:<\/h3><div class=\"w-iconbox-text\"><p>Sergio Gal\u00e1n, Lea Vicens and Sebasti\u00e1n Fern\u00e1ndez<\/p>\n<\/div><\/div><\/div><\/div><\/div><div class=\"wpb_column vc_column_container\"><div class=\"vc_column-inner\"><div class=\"w-iconbox iconpos_left style_default color_primary align_left\"><div class=\"w-iconbox-icon\" style=\"font-size:2rem;\"><i class=\"fas fa-calendar\"><\/i><\/div><div class=\"w-iconbox-meta\"><h3 class=\"w-iconbox-title\">Schedule<\/h3><div class=\"w-iconbox-text\"><p>May 23rd<\/p>\n<\/div><\/div><\/div><\/div><\/div><\/div><div class=\"w-separator size_large\"><\/div><div class=\"g-cols wpb_row via_grid cols_1 laptops-cols_inherit tablets-cols_inherit mobiles-cols_1 valign_top type_default stacking_default\" style=\"--columns-gap:3rem;\" id=\"localidades\"><div class=\"wpb_column vc_column_container\"><div class=\"vc_column-inner\"><div class=\"wpb_text_column\"><div class=\"wpb_wrapper\"><h2>Types of tickets available<\/h2>\n<p>In the Los Califas bullring in C\u00f3rdoba, you can find different types of seats or seats depending on the proximity to the ring and its orientation. Some of the seats available for the bullfight on May 11 are:<\/p>\n<ul>\n<li><strong>Barrier:<\/strong> These are the seats closest to the arena, located in the front. They offer a privileged view to observe the skill of the bullfighters.<\/li>\n<li><strong>Counterbarrier:<\/strong> These are the next seats closest to the arena. They have a privileged view but with greater security.<\/li>\n<li><strong>Stall:<\/strong> These are the middle seats, they have a slightly higher view and away from the arena. Even so, they have good vision to observe the would-be matadors.<\/li>\n<li><strong>VIP Boxes:<\/strong> These are private and closed spaces located on the upper floors of the bullring. The boxes have a limited capacity and offer a panoramic view of the arena.<\/li>\n<li><strong>Grandsand:<\/strong> These are the highest areas of the plaza. In the case of the C\u00f3rdoba bullring, you can choose between the front covered stand (closest to the ring) or the high covered stand (further).<\/li>\n<\/ul>\n<p>Finally, the spectator will be able to buy his ticket for the bulls depending on the area in which his seat is located.<\/p>\n<ul>\n<li><strong>Sun:<\/strong> These are usually the cheapest tickets since they are located in the area where the sun is most.<\/li>\n<li><strong>Sun and shade<\/strong>: These seats alternate between sunny and shady areas.<\/li>\n<li><strong>Shadow:<\/strong> They are the most expensive but also the best since they allow you to see the bullfight better and with greater comfort.<\/li>\n<\/ul>\n<\/div><\/div><\/div><\/div><\/div><\/div><\/div><\/div><\/div><\/section><section class=\"l-section wpb_row height_medium\"><div class=\"l-section-h i-cf\"><div class=\"g-cols vc_row via_grid cols_1 laptops-cols_inherit tablets-cols_inherit mobiles-cols_1 valign_top type_default stacking_default\"><div class=\"wpb_column vc_column_container\"><div class=\"vc_column-inner\"><h2 class=\"w-text us_custom_3517658c\"><span class=\"w-text-h\"><span class=\"w-text-value\">Need help?<\/span><\/span><\/h2><div class=\"w-separator size_medium\"><\/div><div class=\"g-cols wpb_row via_grid cols_3 laptops-cols_inherit tablets-cols_2 mobiles-cols_1 valign_top type_default stacking_default\" style=\"--columns-gap:3rem;\"><div class=\"wpb_column vc_column_container us_custom_94b84146\"><div class=\"vc_column-inner\"><div class=\"w-iconbox iconpos_top style_default color_primary align_center\"><div class=\"w-iconbox-icon\" style=\"font-size:2rem;\"><i class=\"fas fa-envelope\"><\/i><\/div><div class=\"w-iconbox-meta\"><h4 class=\"w-iconbox-title\">Email<\/h4><div class=\"w-iconbox-text\"><p>info@plazadetoroscordoba.com<\/p>\n<\/div><\/div><\/div><\/div><\/div><div class=\"wpb_column vc_column_container us_custom_94b84146\"><div class=\"vc_column-inner\"><div class=\"w-iconbox iconpos_top style_default color_primary align_center\"><div class=\"w-iconbox-icon\" style=\"font-size:2rem;\"><i class=\"fas fa-phone\"><\/i><\/div><div class=\"w-iconbox-meta\"><h4 class=\"w-iconbox-title\">Phone<\/h4><div class=\"w-iconbox-text\"><p>+34 675 247 690<\/p>\n<\/div><\/div><\/div><\/div><\/div><div class=\"wpb_column vc_column_container us_custom_94b84146\"><div class=\"vc_column-inner\"><div class=\"w-iconbox iconpos_top style_default color_primary align_center\"><div class=\"w-iconbox-icon\" style=\"font-size:2rem;\"><i class=\"fab fa-whatsapp-square\"><\/i><\/div><div class=\"w-iconbox-meta\"><h4 class=\"w-iconbox-title\">WhatsApp<\/h4><div class=\"w-iconbox-text\"><p>675 247 690<\/p>\n<\/div><\/div><\/div><\/div><\/div><\/div><\/div><\/div><\/div><\/div><\/section>\n","protected":false},"excerpt":{"rendered":"<ul>\n<li><strong>This is a non-numbered ticket,<\/strong> the best seats available will be assigned.<\/li>\n<li><strong><\/strong>If you purchase multiple tickets, your assigned seats will be consecutive next to each other.<\/li>\n<li>The price does NOT include additional management fees.<\/li>\n<li>Tickets are shipped a few days before the event.<\/li>\n<\/ul>\n<p><a href=\"https:\/\/plazadetoroscordoba.com\/en\/delivery-date-and-commissions\/\">Check delivery date and commissions<\/a><\/p>\n","protected":false},"featured_media":9245,"comment_status":"open","ping_status":"closed","template":"","meta":[],"product_brand":[],"product_cat":[80],"product_tag":[],"class_list":{"0":"post-9412","1":"product","2":"type-product","3":"status-publish","4":"has-post-thumbnail","6":"product_cat-bullfighting-events-en","8":"first","9":"instock","10":"taxable","11":"shipping-taxable","12":"purchasable","13":"product-type-variable"},"yoast_head":"<!-- This site is optimized with the Yoast SEO plugin v27.5 - https:\/\/yoast.com\/product\/yoast-seo-wordpress\/ -->\n<title>\u25b7 Bullfight tickets for May 23rd Bullfighting Festival : Cordoba Bullring<\/title>\n<meta name=\"description\" content=\"Buy your tickets for the next bullfight of May 23rd in the bullring of Cordoba (Spain): Sergio Gal\u00e1n, Lea Vicens and Sebasti\u00e1n Fern\u00e1ndez.\" \/>\n<meta name=\"robots\" content=\"index, follow, max-snippet:-1, max-image-preview:large, max-video-preview:-1\" \/>\n<link rel=\"canonical\" href=\"https:\/\/plazadetoroscordoba.com\/en\/producto\/bullfight-may-23\/\" \/>\n<meta property=\"og:locale\" content=\"en_US\" \/>\n<meta property=\"og:type\" content=\"article\" \/>\n<meta property=\"og:title\" content=\"\u25b7 Bullfight tickets for May 23rd Bullfighting Festival : Cordoba Bullring\" \/>\n<meta property=\"og:description\" content=\"Buy your tickets for the next bullfight of May 23rd in the bullring of Cordoba (Spain): Sergio Gal\u00e1n, Lea Vicens and Sebasti\u00e1n Fern\u00e1ndez.\" \/>\n<meta property=\"og:url\" content=\"https:\/\/plazadetoroscordoba.com\/en\/producto\/bullfight-may-23\/\" \/>\n<meta property=\"og:site_name\" content=\"Plaza Toros C\u00f3rdoba\" \/>\n<meta property=\"article:modified_time\" content=\"2026-04-28T13:00:29+00:00\" \/>\n<meta property=\"og:image\" content=\"https:\/\/plazadetoroscordoba.com\/wp-content\/uploads\/2026\/04\/Corrida-rejones-23-mayo.webp\" \/>\n\t<meta property=\"og:image:width\" content=\"500\" \/>\n\t<meta property=\"og:image:height\" content=\"500\" \/>\n\t<meta property=\"og:image:type\" content=\"image\/webp\" \/>\n<meta name=\"twitter:card\" content=\"summary_large_image\" \/>\n<meta name=\"twitter:label1\" content=\"Est. reading time\" \/>\n\t<meta name=\"twitter:data1\" content=\"3 minutes\" \/>\n<script type=\"application\/ld+json\" class=\"yoast-schema-graph\">{\"@context\":\"https:\\\/\\\/schema.org\",\"@graph\":[{\"@type\":\"WebPage\",\"@id\":\"https:\\\/\\\/plazadetoroscordoba.com\\\/en\\\/producto\\\/bullfight-may-23\\\/\",\"url\":\"https:\\\/\\\/plazadetoroscordoba.com\\\/en\\\/producto\\\/bullfight-may-23\\\/\",\"name\":\"\u25b7 Bullfight tickets for May 23rd Bullfighting Festival : Cordoba Bullring\",\"isPartOf\":{\"@id\":\"https:\\\/\\\/plazadetoroscordoba.com\\\/en\\\/#website\"},\"primaryImageOfPage\":{\"@id\":\"https:\\\/\\\/plazadetoroscordoba.com\\\/en\\\/producto\\\/bullfight-may-23\\\/#primaryimage\"},\"image\":{\"@id\":\"https:\\\/\\\/plazadetoroscordoba.com\\\/en\\\/producto\\\/bullfight-may-23\\\/#primaryimage\"},\"thumbnailUrl\":\"https:\\\/\\\/plazadetoroscordoba.com\\\/wp-content\\\/uploads\\\/2026\\\/04\\\/Corrida-rejones-23-mayo.webp\",\"datePublished\":\"2026-04-28T12:58:09+00:00\",\"dateModified\":\"2026-04-28T13:00:29+00:00\",\"description\":\"Buy your tickets for the next bullfight of May 23rd in the bullring of Cordoba (Spain): Sergio Gal\u00e1n, Lea Vicens and Sebasti\u00e1n Fern\u00e1ndez.\",\"breadcrumb\":{\"@id\":\"https:\\\/\\\/plazadetoroscordoba.com\\\/en\\\/producto\\\/bullfight-may-23\\\/#breadcrumb\"},\"inLanguage\":\"en-US\",\"potentialAction\":[{\"@type\":\"ReadAction\",\"target\":[\"https:\\\/\\\/plazadetoroscordoba.com\\\/en\\\/producto\\\/bullfight-may-23\\\/\"]}]},{\"@type\":\"ImageObject\",\"inLanguage\":\"en-US\",\"@id\":\"https:\\\/\\\/plazadetoroscordoba.com\\\/en\\\/producto\\\/bullfight-may-23\\\/#primaryimage\",\"url\":\"https:\\\/\\\/plazadetoroscordoba.com\\\/wp-content\\\/uploads\\\/2026\\\/04\\\/Corrida-rejones-23-mayo.webp\",\"contentUrl\":\"https:\\\/\\\/plazadetoroscordoba.com\\\/wp-content\\\/uploads\\\/2026\\\/04\\\/Corrida-rejones-23-mayo.webp\",\"width\":500,\"height\":500,\"caption\":\"Corrida rejones 23 mayo cordoba\"},{\"@type\":\"BreadcrumbList\",\"@id\":\"https:\\\/\\\/plazadetoroscordoba.com\\\/en\\\/producto\\\/bullfight-may-23\\\/#breadcrumb\",\"itemListElement\":[{\"@type\":\"ListItem\",\"position\":1,\"name\":\"Portada\",\"item\":\"https:\\\/\\\/plazadetoroscordoba.com\\\/en\\\/\"},{\"@type\":\"ListItem\",\"position\":2,\"name\":\"Shop\",\"item\":\"https:\\\/\\\/plazadetoroscordoba.com\\\/en\\\/shop\\\/\"},{\"@type\":\"ListItem\",\"position\":3,\"name\":\"Bullfight May 23\"}]},{\"@type\":\"WebSite\",\"@id\":\"https:\\\/\\\/plazadetoroscordoba.com\\\/en\\\/#website\",\"url\":\"https:\\\/\\\/plazadetoroscordoba.com\\\/en\\\/\",\"name\":\"Plaza Toros C\u00f3rdoba\",\"description\":\"Venta de entradas a corridas de toros en C\u00f3rdoba\",\"publisher\":{\"@id\":\"https:\\\/\\\/plazadetoroscordoba.com\\\/en\\\/#organization\"},\"alternateName\":\"Plaza de Toros de C\u00f3rdoba\",\"potentialAction\":[{\"@type\":\"SearchAction\",\"target\":{\"@type\":\"EntryPoint\",\"urlTemplate\":\"https:\\\/\\\/plazadetoroscordoba.com\\\/en\\\/?s={search_term_string}\"},\"query-input\":{\"@type\":\"PropertyValueSpecification\",\"valueRequired\":true,\"valueName\":\"search_term_string\"}}],\"inLanguage\":\"en-US\"},{\"@type\":\"Organization\",\"@id\":\"https:\\\/\\\/plazadetoroscordoba.com\\\/en\\\/#organization\",\"name\":\"Plaza Toros C\u00f3rdoba\",\"url\":\"https:\\\/\\\/plazadetoroscordoba.com\\\/en\\\/\",\"logo\":{\"@type\":\"ImageObject\",\"inLanguage\":\"en-US\",\"@id\":\"https:\\\/\\\/plazadetoroscordoba.com\\\/en\\\/#\\\/schema\\\/logo\\\/image\\\/\",\"url\":\"https:\\\/\\\/plazadetoroscordoba.com\\\/wp-content\\\/uploads\\\/2024\\\/03\\\/Banner-web.webp\",\"contentUrl\":\"https:\\\/\\\/plazadetoroscordoba.com\\\/wp-content\\\/uploads\\\/2024\\\/03\\\/Banner-web.webp\",\"width\":267,\"height\":100,\"caption\":\"Plaza Toros C\u00f3rdoba\"},\"image\":{\"@id\":\"https:\\\/\\\/plazadetoroscordoba.com\\\/en\\\/#\\\/schema\\\/logo\\\/image\\\/\"}}]}<\/script>\n<!-- \/ Yoast SEO plugin. -->","yoast_head_json":{"title":"\u25b7 Bullfight tickets for May 23rd Bullfighting Festival : Cordoba Bullring","description":"Buy your tickets for the next bullfight of May 23rd in the bullring of Cordoba (Spain): Sergio Gal\u00e1n, Lea Vicens and Sebasti\u00e1n Fern\u00e1ndez.","robots":{"index":"index","follow":"follow","max-snippet":"max-snippet:-1","max-image-preview":"max-image-preview:large","max-video-preview":"max-video-preview:-1"},"canonical":"https:\/\/plazadetoroscordoba.com\/en\/producto\/bullfight-may-23\/","og_locale":"en_US","og_type":"article","og_title":"\u25b7 Bullfight tickets for May 23rd Bullfighting Festival : Cordoba Bullring","og_description":"Buy your tickets for the next bullfight of May 23rd in the bullring of Cordoba (Spain): Sergio Gal\u00e1n, Lea Vicens and Sebasti\u00e1n Fern\u00e1ndez.","og_url":"https:\/\/plazadetoroscordoba.com\/en\/producto\/bullfight-may-23\/","og_site_name":"Plaza Toros C\u00f3rdoba","article_modified_time":"2026-04-28T13:00:29+00:00","og_image":[{"width":500,"height":500,"url":"https:\/\/plazadetoroscordoba.com\/wp-content\/uploads\/2026\/04\/Corrida-rejones-23-mayo.webp","type":"image\/webp"}],"twitter_card":"summary_large_image","twitter_misc":{"Est. reading time":"3 minutes"},"schema":{"@context":"https:\/\/schema.org","@graph":[{"@type":"WebPage","@id":"https:\/\/plazadetoroscordoba.com\/en\/producto\/bullfight-may-23\/","url":"https:\/\/plazadetoroscordoba.com\/en\/producto\/bullfight-may-23\/","name":"\u25b7 Bullfight tickets for May 23rd Bullfighting Festival : Cordoba Bullring","isPartOf":{"@id":"https:\/\/plazadetoroscordoba.com\/en\/#website"},"primaryImageOfPage":{"@id":"https:\/\/plazadetoroscordoba.com\/en\/producto\/bullfight-may-23\/#primaryimage"},"image":{"@id":"https:\/\/plazadetoroscordoba.com\/en\/producto\/bullfight-may-23\/#primaryimage"},"thumbnailUrl":"https:\/\/plazadetoroscordoba.com\/wp-content\/uploads\/2026\/04\/Corrida-rejones-23-mayo.webp","datePublished":"2026-04-28T12:58:09+00:00","dateModified":"2026-04-28T13:00:29+00:00","description":"Buy your tickets for the next bullfight of May 23rd in the bullring of Cordoba (Spain): Sergio Gal\u00e1n, Lea Vicens and Sebasti\u00e1n Fern\u00e1ndez.","breadcrumb":{"@id":"https:\/\/plazadetoroscordoba.com\/en\/producto\/bullfight-may-23\/#breadcrumb"},"inLanguage":"en-US","potentialAction":[{"@type":"ReadAction","target":["https:\/\/plazadetoroscordoba.com\/en\/producto\/bullfight-may-23\/"]}]},{"@type":"ImageObject","inLanguage":"en-US","@id":"https:\/\/plazadetoroscordoba.com\/en\/producto\/bullfight-may-23\/#primaryimage","url":"https:\/\/plazadetoroscordoba.com\/wp-content\/uploads\/2026\/04\/Corrida-rejones-23-mayo.webp","contentUrl":"https:\/\/plazadetoroscordoba.com\/wp-content\/uploads\/2026\/04\/Corrida-rejones-23-mayo.webp","width":500,"height":500,"caption":"Corrida rejones 23 mayo cordoba"},{"@type":"BreadcrumbList","@id":"https:\/\/plazadetoroscordoba.com\/en\/producto\/bullfight-may-23\/#breadcrumb","itemListElement":[{"@type":"ListItem","position":1,"name":"Portada","item":"https:\/\/plazadetoroscordoba.com\/en\/"},{"@type":"ListItem","position":2,"name":"Shop","item":"https:\/\/plazadetoroscordoba.com\/en\/shop\/"},{"@type":"ListItem","position":3,"name":"Bullfight May 23"}]},{"@type":"WebSite","@id":"https:\/\/plazadetoroscordoba.com\/en\/#website","url":"https:\/\/plazadetoroscordoba.com\/en\/","name":"Plaza Toros C\u00f3rdoba","description":"Venta de entradas a corridas de toros en C\u00f3rdoba","publisher":{"@id":"https:\/\/plazadetoroscordoba.com\/en\/#organization"},"alternateName":"Plaza de Toros de C\u00f3rdoba","potentialAction":[{"@type":"SearchAction","target":{"@type":"EntryPoint","urlTemplate":"https:\/\/plazadetoroscordoba.com\/en\/?s={search_term_string}"},"query-input":{"@type":"PropertyValueSpecification","valueRequired":true,"valueName":"search_term_string"}}],"inLanguage":"en-US"},{"@type":"Organization","@id":"https:\/\/plazadetoroscordoba.com\/en\/#organization","name":"Plaza Toros C\u00f3rdoba","url":"https:\/\/plazadetoroscordoba.com\/en\/","logo":{"@type":"ImageObject","inLanguage":"en-US","@id":"https:\/\/plazadetoroscordoba.com\/en\/#\/schema\/logo\/image\/","url":"https:\/\/plazadetoroscordoba.com\/wp-content\/uploads\/2024\/03\/Banner-web.webp","contentUrl":"https:\/\/plazadetoroscordoba.com\/wp-content\/uploads\/2024\/03\/Banner-web.webp","width":267,"height":100,"caption":"Plaza Toros C\u00f3rdoba"},"image":{"@id":"https:\/\/plazadetoroscordoba.com\/en\/#\/schema\/logo\/image\/"}}]}},"_links":{"self":[{"href":"https:\/\/plazadetoroscordoba.com\/en\/wp-json\/wp\/v2\/product\/9412","targetHints":{"allow":["GET"]}}],"collection":[{"href":"https:\/\/plazadetoroscordoba.com\/en\/wp-json\/wp\/v2\/product"}],"about":[{"href":"https:\/\/plazadetoroscordoba.com\/en\/wp-json\/wp\/v2\/types\/product"}],"replies":[{"embeddable":true,"href":"https:\/\/plazadetoroscordoba.com\/en\/wp-json\/wp\/v2\/comments?post=9412"}],"wp:featuredmedia":[{"embeddable":true,"href":"https:\/\/plazadetoroscordoba.com\/en\/wp-json\/wp\/v2\/media\/9245"}],"wp:attachment":[{"href":"https:\/\/plazadetoroscordoba.com\/en\/wp-json\/wp\/v2\/media?parent=9412"}],"wp:term":[{"taxonomy":"product_brand","embeddable":true,"href":"https:\/\/plazadetoroscordoba.com\/en\/wp-json\/wp\/v2\/product_brand?post=9412"},{"taxonomy":"product_cat","embeddable":true,"href":"https:\/\/plazadetoroscordoba.com\/en\/wp-json\/wp\/v2\/product_cat?post=9412"},{"taxonomy":"product_tag","embeddable":true,"href":"https:\/\/plazadetoroscordoba.com\/en\/wp-json\/wp\/v2\/product_tag?post=9412"}],"curies":[{"name":"wp","href":"https:\/\/api.w.org\/{rel}","templated":true}]}}