{"id":9795,"date":"2026-04-30T10:41:23","date_gmt":"2026-04-30T08:41:23","guid":{"rendered":"https:\/\/plazadetoroscordoba.com\/producto\/subscriptions\/"},"modified":"2026-04-30T10:45:57","modified_gmt":"2026-04-30T08:45:57","slug":"subscriptions","status":"publish","type":"product","link":"https:\/\/plazadetoroscordoba.com\/en\/producto\/subscriptions\/","title":{"rendered":"Subscriptions"},"content":{"rendered":"<section class=\"l-section wpb_row height_medium\"><div class=\"l-section-h i-cf\"><div class=\"g-cols vc_row via_grid cols_1 laptops-cols_inherit tablets-cols_inherit mobiles-cols_1 valign_top type_default stacking_default\"><div class=\"wpb_column vc_column_container\"><div class=\"vc_column-inner\"><div class=\"wpb_text_column us_custom_435c636a\"><div class=\"wpb_wrapper\"><h2 style=\"text-align: center;\">What do the subscriptions include?<\/h2>\n<\/div><\/div><div class=\"w-separator size_medium\"><\/div><div class=\"g-cols wpb_row via_grid cols_3 laptops-cols_2 tablets-cols_2 mobiles-cols_1 valign_top type_default\" style=\"--columns-gap:1.5rem;\"><div class=\"wpb_column vc_column_container\"><div class=\"vc_column-inner\"><div class=\"w-iconbox us_custom_13427bc9 iconpos_top style_circle color_primary align_left\"><div class=\"w-iconbox-icon\" style=\"font-size:1.8rem;\"><i class=\"fas fa-ticket\"><\/i><\/div><div class=\"w-iconbox-meta\"><h4 class=\"w-iconbox-title\">5 Tickets<\/h4><div class=\"w-iconbox-text\"><p>Tickets with location to be chosen by the spectator for the entire bullfighting fair in Cordoba.<\/p>\n<\/div><\/div><\/div><\/div><\/div><div class=\"wpb_column vc_column_container\"><div class=\"vc_column-inner\"><div class=\"w-iconbox us_custom_13427bc9 iconpos_top style_circle color_primary align_left\"><div class=\"w-iconbox-icon\" style=\"font-size:1.8rem;\"><i class=\"fas fa-percent\"><\/i><\/div><div class=\"w-iconbox-meta\"><h4 class=\"w-iconbox-title\">10% Off<\/h4><div class=\"w-iconbox-text\"><p>Purchase all tickets with up to a 10% discount compared to individual purchases.<\/p>\n<\/div><\/div><\/div><\/div><\/div><div class=\"wpb_column vc_column_container\"><div class=\"vc_column-inner\"><div class=\"w-iconbox us_custom_13427bc9 iconpos_top style_circle color_primary align_left\"><div class=\"w-iconbox-icon\" style=\"font-size:1.8rem;\"><i class=\"fas fa-search\"><\/i><\/div><div class=\"w-iconbox-meta\"><h4 class=\"w-iconbox-title\">Priority<\/h4><div class=\"w-iconbox-text\"><p>Choose your seats weeks before tickets go on sale to the public. You can choose the best ones!<\/p>\n<\/div><\/div><\/div><\/div><\/div><\/div><\/div><\/div><\/div><\/div><\/section>\n","protected":false},"excerpt":{"rendered":"<ul>\n<li><strong>This is a non-numbered ticket;<\/strong><span> <\/span>the best available seats will be assigned.<\/li>\n<li><strong><\/strong>If you purchase multiple tickets, your assigned seats will be consecutive next to each other.<\/li>\n<li>The price does NOT include additional management fees.<\/li>\n<li>Tickets are shipped a few days before the event.<\/li>\n<\/ul>\n<p><a href=\"https:\/\/plazadetoroscordoba.com\/en\/delivery-date-and-commissions\/\">Check delivery date and commissions<\/a><\/p>\n","protected":false},"featured_media":9772,"comment_status":"open","ping_status":"closed","template":"","meta":[],"product_brand":[],"product_cat":[80],"product_tag":[],"class_list":{"0":"post-9795","1":"product","2":"type-product","3":"status-publish","4":"has-post-thumbnail","6":"product_cat-bullfighting-events-en","8":"first","9":"instock","10":"taxable","11":"shipping-taxable","12":"purchasable","13":"product-type-variable"},"yoast_head":"<!-- This site is optimized with the Yoast SEO plugin v27.5 - https:\/\/yoast.com\/product\/yoast-seo-wordpress\/ -->\n<title>C\u00f3rdoba Bullfighting Season Ticket 2026 | C\u00f3rdoba Bullring<\/title>\n<meta name=\"description\" content=\"Purchase season tickets for the C\u00f3rdoba Bullring 2026 at the best price. Secure your seat for the bullfighting fair with access to all events.\" \/>\n<meta name=\"robots\" content=\"index, follow, max-snippet:-1, max-image-preview:large, max-video-preview:-1\" \/>\n<link rel=\"canonical\" href=\"https:\/\/plazadetoroscordoba.com\/en\/producto\/subscriptions\/\" \/>\n<meta property=\"og:locale\" content=\"en_US\" \/>\n<meta property=\"og:type\" content=\"article\" \/>\n<meta property=\"og:title\" content=\"C\u00f3rdoba Bullfighting Season Ticket 2026 | C\u00f3rdoba Bullring\" \/>\n<meta property=\"og:description\" content=\"Purchase season tickets for the C\u00f3rdoba Bullring 2026 at the best price. Secure your seat for the bullfighting fair with access to all events.\" \/>\n<meta property=\"og:url\" content=\"https:\/\/plazadetoroscordoba.com\/en\/producto\/subscriptions\/\" \/>\n<meta property=\"og:site_name\" content=\"Plaza Toros C\u00f3rdoba\" \/>\n<meta property=\"article:modified_time\" content=\"2026-04-30T08:45:57+00:00\" \/>\n<meta property=\"og:image\" content=\"https:\/\/plazadetoroscordoba.com\/wp-content\/uploads\/2026\/04\/Abono-toros-cordoba.webp\" \/>\n\t<meta property=\"og:image:width\" content=\"500\" \/>\n\t<meta property=\"og:image:height\" content=\"500\" \/>\n\t<meta property=\"og:image:type\" content=\"image\/webp\" \/>\n<meta name=\"twitter:card\" content=\"summary_large_image\" \/>\n<meta name=\"twitter:label1\" content=\"Est. reading time\" \/>\n\t<meta name=\"twitter:data1\" content=\"2 minutes\" \/>\n<script type=\"application\/ld+json\" class=\"yoast-schema-graph\">{\"@context\":\"https:\\\/\\\/schema.org\",\"@graph\":[{\"@type\":\"WebPage\",\"@id\":\"https:\\\/\\\/plazadetoroscordoba.com\\\/en\\\/producto\\\/subscriptions\\\/\",\"url\":\"https:\\\/\\\/plazadetoroscordoba.com\\\/en\\\/producto\\\/subscriptions\\\/\",\"name\":\"C\u00f3rdoba Bullfighting Season Ticket 2026 | C\u00f3rdoba Bullring\",\"isPartOf\":{\"@id\":\"https:\\\/\\\/plazadetoroscordoba.com\\\/en\\\/#website\"},\"primaryImageOfPage\":{\"@id\":\"https:\\\/\\\/plazadetoroscordoba.com\\\/en\\\/producto\\\/subscriptions\\\/#primaryimage\"},\"image\":{\"@id\":\"https:\\\/\\\/plazadetoroscordoba.com\\\/en\\\/producto\\\/subscriptions\\\/#primaryimage\"},\"thumbnailUrl\":\"https:\\\/\\\/plazadetoroscordoba.com\\\/wp-content\\\/uploads\\\/2026\\\/04\\\/Abono-toros-cordoba.webp\",\"datePublished\":\"2026-04-30T08:41:23+00:00\",\"dateModified\":\"2026-04-30T08:45:57+00:00\",\"description\":\"Purchase season tickets for the C\u00f3rdoba Bullring 2026 at the best price. Secure your seat for the bullfighting fair with access to all events.\",\"breadcrumb\":{\"@id\":\"https:\\\/\\\/plazadetoroscordoba.com\\\/en\\\/producto\\\/subscriptions\\\/#breadcrumb\"},\"inLanguage\":\"en-US\",\"potentialAction\":[{\"@type\":\"ReadAction\",\"target\":[\"https:\\\/\\\/plazadetoroscordoba.com\\\/en\\\/producto\\\/subscriptions\\\/\"]}]},{\"@type\":\"ImageObject\",\"inLanguage\":\"en-US\",\"@id\":\"https:\\\/\\\/plazadetoroscordoba.com\\\/en\\\/producto\\\/subscriptions\\\/#primaryimage\",\"url\":\"https:\\\/\\\/plazadetoroscordoba.com\\\/wp-content\\\/uploads\\\/2026\\\/04\\\/Abono-toros-cordoba.webp\",\"contentUrl\":\"https:\\\/\\\/plazadetoroscordoba.com\\\/wp-content\\\/uploads\\\/2026\\\/04\\\/Abono-toros-cordoba.webp\",\"width\":500,\"height\":500,\"caption\":\"Abono toros cordoba 2026\"},{\"@type\":\"BreadcrumbList\",\"@id\":\"https:\\\/\\\/plazadetoroscordoba.com\\\/en\\\/producto\\\/subscriptions\\\/#breadcrumb\",\"itemListElement\":[{\"@type\":\"ListItem\",\"position\":1,\"name\":\"Portada\",\"item\":\"https:\\\/\\\/plazadetoroscordoba.com\\\/en\\\/\"},{\"@type\":\"ListItem\",\"position\":2,\"name\":\"Shop\",\"item\":\"https:\\\/\\\/plazadetoroscordoba.com\\\/en\\\/shop\\\/\"},{\"@type\":\"ListItem\",\"position\":3,\"name\":\"Subscriptions\"}]},{\"@type\":\"WebSite\",\"@id\":\"https:\\\/\\\/plazadetoroscordoba.com\\\/en\\\/#website\",\"url\":\"https:\\\/\\\/plazadetoroscordoba.com\\\/en\\\/\",\"name\":\"Plaza Toros C\u00f3rdoba\",\"description\":\"Venta de entradas a corridas de toros en C\u00f3rdoba\",\"publisher\":{\"@id\":\"https:\\\/\\\/plazadetoroscordoba.com\\\/en\\\/#organization\"},\"alternateName\":\"Plaza de Toros de C\u00f3rdoba\",\"potentialAction\":[{\"@type\":\"SearchAction\",\"target\":{\"@type\":\"EntryPoint\",\"urlTemplate\":\"https:\\\/\\\/plazadetoroscordoba.com\\\/en\\\/?s={search_term_string}\"},\"query-input\":{\"@type\":\"PropertyValueSpecification\",\"valueRequired\":true,\"valueName\":\"search_term_string\"}}],\"inLanguage\":\"en-US\"},{\"@type\":\"Organization\",\"@id\":\"https:\\\/\\\/plazadetoroscordoba.com\\\/en\\\/#organization\",\"name\":\"Plaza Toros C\u00f3rdoba\",\"url\":\"https:\\\/\\\/plazadetoroscordoba.com\\\/en\\\/\",\"logo\":{\"@type\":\"ImageObject\",\"inLanguage\":\"en-US\",\"@id\":\"https:\\\/\\\/plazadetoroscordoba.com\\\/en\\\/#\\\/schema\\\/logo\\\/image\\\/\",\"url\":\"https:\\\/\\\/plazadetoroscordoba.com\\\/wp-content\\\/uploads\\\/2024\\\/03\\\/Banner-web.webp\",\"contentUrl\":\"https:\\\/\\\/plazadetoroscordoba.com\\\/wp-content\\\/uploads\\\/2024\\\/03\\\/Banner-web.webp\",\"width\":267,\"height\":100,\"caption\":\"Plaza Toros C\u00f3rdoba\"},\"image\":{\"@id\":\"https:\\\/\\\/plazadetoroscordoba.com\\\/en\\\/#\\\/schema\\\/logo\\\/image\\\/\"}}]}<\/script>\n<!-- \/ Yoast SEO plugin. -->","yoast_head_json":{"title":"C\u00f3rdoba Bullfighting Season Ticket 2026 | C\u00f3rdoba Bullring","description":"Purchase season tickets for the C\u00f3rdoba Bullring 2026 at the best price. Secure your seat for the bullfighting fair with access to all events.","robots":{"index":"index","follow":"follow","max-snippet":"max-snippet:-1","max-image-preview":"max-image-preview:large","max-video-preview":"max-video-preview:-1"},"canonical":"https:\/\/plazadetoroscordoba.com\/en\/producto\/subscriptions\/","og_locale":"en_US","og_type":"article","og_title":"C\u00f3rdoba Bullfighting Season Ticket 2026 | C\u00f3rdoba Bullring","og_description":"Purchase season tickets for the C\u00f3rdoba Bullring 2026 at the best price. Secure your seat for the bullfighting fair with access to all events.","og_url":"https:\/\/plazadetoroscordoba.com\/en\/producto\/subscriptions\/","og_site_name":"Plaza Toros C\u00f3rdoba","article_modified_time":"2026-04-30T08:45:57+00:00","og_image":[{"width":500,"height":500,"url":"https:\/\/plazadetoroscordoba.com\/wp-content\/uploads\/2026\/04\/Abono-toros-cordoba.webp","type":"image\/webp"}],"twitter_card":"summary_large_image","twitter_misc":{"Est. reading time":"2 minutes"},"schema":{"@context":"https:\/\/schema.org","@graph":[{"@type":"WebPage","@id":"https:\/\/plazadetoroscordoba.com\/en\/producto\/subscriptions\/","url":"https:\/\/plazadetoroscordoba.com\/en\/producto\/subscriptions\/","name":"C\u00f3rdoba Bullfighting Season Ticket 2026 | C\u00f3rdoba Bullring","isPartOf":{"@id":"https:\/\/plazadetoroscordoba.com\/en\/#website"},"primaryImageOfPage":{"@id":"https:\/\/plazadetoroscordoba.com\/en\/producto\/subscriptions\/#primaryimage"},"image":{"@id":"https:\/\/plazadetoroscordoba.com\/en\/producto\/subscriptions\/#primaryimage"},"thumbnailUrl":"https:\/\/plazadetoroscordoba.com\/wp-content\/uploads\/2026\/04\/Abono-toros-cordoba.webp","datePublished":"2026-04-30T08:41:23+00:00","dateModified":"2026-04-30T08:45:57+00:00","description":"Purchase season tickets for the C\u00f3rdoba Bullring 2026 at the best price. Secure your seat for the bullfighting fair with access to all events.","breadcrumb":{"@id":"https:\/\/plazadetoroscordoba.com\/en\/producto\/subscriptions\/#breadcrumb"},"inLanguage":"en-US","potentialAction":[{"@type":"ReadAction","target":["https:\/\/plazadetoroscordoba.com\/en\/producto\/subscriptions\/"]}]},{"@type":"ImageObject","inLanguage":"en-US","@id":"https:\/\/plazadetoroscordoba.com\/en\/producto\/subscriptions\/#primaryimage","url":"https:\/\/plazadetoroscordoba.com\/wp-content\/uploads\/2026\/04\/Abono-toros-cordoba.webp","contentUrl":"https:\/\/plazadetoroscordoba.com\/wp-content\/uploads\/2026\/04\/Abono-toros-cordoba.webp","width":500,"height":500,"caption":"Abono toros cordoba 2026"},{"@type":"BreadcrumbList","@id":"https:\/\/plazadetoroscordoba.com\/en\/producto\/subscriptions\/#breadcrumb","itemListElement":[{"@type":"ListItem","position":1,"name":"Portada","item":"https:\/\/plazadetoroscordoba.com\/en\/"},{"@type":"ListItem","position":2,"name":"Shop","item":"https:\/\/plazadetoroscordoba.com\/en\/shop\/"},{"@type":"ListItem","position":3,"name":"Subscriptions"}]},{"@type":"WebSite","@id":"https:\/\/plazadetoroscordoba.com\/en\/#website","url":"https:\/\/plazadetoroscordoba.com\/en\/","name":"Plaza Toros C\u00f3rdoba","description":"Venta de entradas a corridas de toros en C\u00f3rdoba","publisher":{"@id":"https:\/\/plazadetoroscordoba.com\/en\/#organization"},"alternateName":"Plaza de Toros de C\u00f3rdoba","potentialAction":[{"@type":"SearchAction","target":{"@type":"EntryPoint","urlTemplate":"https:\/\/plazadetoroscordoba.com\/en\/?s={search_term_string}"},"query-input":{"@type":"PropertyValueSpecification","valueRequired":true,"valueName":"search_term_string"}}],"inLanguage":"en-US"},{"@type":"Organization","@id":"https:\/\/plazadetoroscordoba.com\/en\/#organization","name":"Plaza Toros C\u00f3rdoba","url":"https:\/\/plazadetoroscordoba.com\/en\/","logo":{"@type":"ImageObject","inLanguage":"en-US","@id":"https:\/\/plazadetoroscordoba.com\/en\/#\/schema\/logo\/image\/","url":"https:\/\/plazadetoroscordoba.com\/wp-content\/uploads\/2024\/03\/Banner-web.webp","contentUrl":"https:\/\/plazadetoroscordoba.com\/wp-content\/uploads\/2024\/03\/Banner-web.webp","width":267,"height":100,"caption":"Plaza Toros C\u00f3rdoba"},"image":{"@id":"https:\/\/plazadetoroscordoba.com\/en\/#\/schema\/logo\/image\/"}}]}},"_links":{"self":[{"href":"https:\/\/plazadetoroscordoba.com\/en\/wp-json\/wp\/v2\/product\/9795","targetHints":{"allow":["GET"]}}],"collection":[{"href":"https:\/\/plazadetoroscordoba.com\/en\/wp-json\/wp\/v2\/product"}],"about":[{"href":"https:\/\/plazadetoroscordoba.com\/en\/wp-json\/wp\/v2\/types\/product"}],"replies":[{"embeddable":true,"href":"https:\/\/plazadetoroscordoba.com\/en\/wp-json\/wp\/v2\/comments?post=9795"}],"wp:featuredmedia":[{"embeddable":true,"href":"https:\/\/plazadetoroscordoba.com\/en\/wp-json\/wp\/v2\/media\/9772"}],"wp:attachment":[{"href":"https:\/\/plazadetoroscordoba.com\/en\/wp-json\/wp\/v2\/media?parent=9795"}],"wp:term":[{"taxonomy":"product_brand","embeddable":true,"href":"https:\/\/plazadetoroscordoba.com\/en\/wp-json\/wp\/v2\/product_brand?post=9795"},{"taxonomy":"product_cat","embeddable":true,"href":"https:\/\/plazadetoroscordoba.com\/en\/wp-json\/wp\/v2\/product_cat?post=9795"},{"taxonomy":"product_tag","embeddable":true,"href":"https:\/\/plazadetoroscordoba.com\/en\/wp-json\/wp\/v2\/product_tag?post=9795"}],"curies":[{"name":"wp","href":"https:\/\/api.w.org\/{rel}","templated":true}]}}