{"id":130,"date":"2024-03-12T09:15:18","date_gmt":"2024-03-12T09:15:18","guid":{"rendered":"https:\/\/plazadetoroscordoba.com\/contact\/"},"modified":"2024-03-22T11:01:25","modified_gmt":"2024-03-22T11:01:25","slug":"contact","status":"publish","type":"page","link":"https:\/\/plazadetoroscordoba.com\/fr\/contact\/","title":{"rendered":"Contact"},"content":{"rendered":"<section class=\"l-section wpb_row us_custom_c70c97eb height_medium\"><div class=\"l-section-h i-cf\"><div class=\"g-cols vc_row via_grid cols_2 laptops-cols_inherit tablets-cols_1 mobiles-cols_1 valign_middle type_default stacking_default\"><div class=\"wpb_column vc_column_container\"><div class=\"vc_column-inner\"><div class=\"wpb_text_column\"><div class=\"wpb_wrapper\"><h1>Contact<\/h1>\n<\/div><\/div><div class=\"w-separator size_medium\"><\/div><div class=\"g-cols wpb_row via_grid cols_1 laptops-cols_inherit tablets-cols_inherit mobiles-cols_1 valign_top type_default stacking_default\" style=\"--columns-gap:3rem;\"><div class=\"wpb_column vc_column_container\"><div class=\"vc_column-inner\"><div class=\"wpb_text_column\"><div class=\"wpb_wrapper\"><p>Contactez-nous et nous vous comprendrons dans les plus brefs d\u00e9lais<\/p>\n<\/div><\/div><div class=\"w-separator size_small\"><\/div><div class=\"w-text us_custom_af9f2a0f\"><a href=\"tel:+34 675 247 690\" class=\"w-text-h\"><span class=\"w-text-value\">+34 675 247 690<\/span><\/a><\/div><div class=\"w-separator size_small\"><\/div><div class=\"w-text us_custom_af9f2a0f\"><a href=\"mailto:info@plazadetoroscordoba.com\" class=\"w-text-h\"><span class=\"w-text-value\">info@plazadetoroscordoba.com<\/span><\/a><\/div><\/div><\/div><\/div><\/div><\/div><div class=\"wpb_column vc_column_container us_custom_e5cabf0a has_bg_color\"><div class=\"vc_column-inner\">\n<div class=\"wpcf7 no-js\" id=\"wpcf7-f39-o1\" lang=\"fr-FR\" dir=\"ltr\" data-wpcf7-id=\"39\">\n<div class=\"screen-reader-response\"><p role=\"status\" aria-live=\"polite\" aria-atomic=\"true\"><\/p> <ul><\/ul><\/div>\n<form action=\"\/fr\/wp-json\/wp\/v2\/pages\/130#wpcf7-f39-o1\" method=\"post\" class=\"wpcf7-form init\" aria-label=\"Formulaire de contact\" novalidate=\"novalidate\" data-status=\"init\">\n<fieldset class=\"hidden-fields-container\"><input type=\"hidden\" name=\"_wpcf7\" value=\"39\" \/><input type=\"hidden\" name=\"_wpcf7_version\" value=\"6.1.5\" \/><input type=\"hidden\" name=\"_wpcf7_locale\" value=\"fr_FR\" \/><input type=\"hidden\" name=\"_wpcf7_unit_tag\" value=\"wpcf7-f39-o1\" \/><input type=\"hidden\" name=\"_wpcf7_container_post\" value=\"0\" \/><input type=\"hidden\" name=\"_wpcf7_posted_data_hash\" value=\"\" \/>\n<\/fieldset>\n<p><label> Votre nom<br \/>\n<span class=\"wpcf7-form-control-wrap\" data-name=\"your-name\"><input size=\"40\" maxlength=\"400\" class=\"wpcf7-form-control wpcf7-text wpcf7-validates-as-required\" autocomplete=\"name\" aria-required=\"true\" aria-invalid=\"false\" value=\"\" type=\"text\" name=\"your-name\" \/><\/span> <\/label>\n<\/p>\n<p><label> Votre adresse \u00e9lectronique<br \/>\n<span class=\"wpcf7-form-control-wrap\" data-name=\"your-email\"><input size=\"40\" maxlength=\"400\" class=\"wpcf7-form-control wpcf7-email wpcf7-validates-as-required wpcf7-text wpcf7-validates-as-email\" autocomplete=\"email\" aria-required=\"true\" aria-invalid=\"false\" value=\"\" type=\"email\" name=\"your-email\" \/><\/span> <\/label>\n<\/p>\n<p><label> Votre message (facultatif)<br \/>\n<span class=\"wpcf7-form-control-wrap\" data-name=\"your-message\"><textarea cols=\"40\" rows=\"10\" maxlength=\"2000\" class=\"wpcf7-form-control wpcf7-textarea\" aria-invalid=\"false\" name=\"your-message\"><\/textarea><\/span> <\/label>\n<\/p>\n<p><span class=\"wpcf7-form-control-wrap\" data-name=\"Privacidad\"><span class=\"wpcf7-form-control wpcf7-acceptance\"><span class=\"wpcf7-list-item\"><label><input type=\"checkbox\" name=\"Privacidad\" value=\"1\" aria-invalid=\"false\" \/><span class=\"wpcf7-list-item-label\">J'ai lu et j'accepte la <a href=\"\/politica-de-privacidad\">politique de confidentialit\u00e9<\/a><\/span><\/label><\/span><\/span><\/span>\n<\/p>\n<div class=\"cf7-cf-turnstile\" style=\"margin-top: 0px; margin-bottom: -15px;\"> <div id=\"cf-turnstile-cf7-2028683204\" class=\"cf-turnstile\" data-sitekey=\"0x4AAAAAAAdlQsBlSixVUXX7\" data-theme=\"light\" data-language=\"auto\" data-size=\"normal\" data-retry=\"auto\" data-retry-interval=\"1000\" data-refresh-expired=\"auto\" data-refresh-timeout=\"auto\" data-action=\"contact-form-7\" data-callback=\"turnstileCF7Callback\" data-appearance=\"always\"><\/div> <script>document.addEventListener(\"DOMContentLoaded\", function() { setTimeout(function(){ var e=document.getElementById(\"cf-turnstile-cf7-2028683204\"); if(e&&!e.innerHTML.trim()){turnstile.render(e, {sitekey:\"0x4AAAAAAAdlQsBlSixVUXX7\"});} }, 200); });<\/script> <br class=\"cf-turnstile-br cf-turnstile-br-cf7-2028683204\"> <style>#cf-turnstile-cf7-2028683204 { margin-left: -15px; }<\/style> <script>document.addEventListener(\"DOMContentLoaded\",function(){document.querySelectorAll('.wpcf7-form').forEach(function(e){e.addEventListener('submit',function(){if(document.getElementById('cf-turnstile-cf7-2028683204')){setTimeout(function(){turnstile.reset('#cf-turnstile-cf7-2028683204');},1000)}})})});<\/script> <\/div><br\/><input class=\"wpcf7-form-control wpcf7-submit has-spinner\" type=\"submit\" value=\"Enviar\" \/>\n<\/p><div class=\"wpcf7-response-output\" aria-hidden=\"true\"><\/div>\n<\/form>\n<\/div>\n<\/div><\/div><\/div><\/div><\/section><section class=\"l-section wpb_row height_medium\"><div class=\"l-section-h i-cf\"><div class=\"g-cols vc_row via_grid cols_1 laptops-cols_inherit tablets-cols_inherit mobiles-cols_1 valign_top type_default stacking_default\"><div class=\"wpb_column vc_column_container\"><div class=\"vc_column-inner\"><div class=\"w-html\"> <iframe title=\"emplacement ar\u00e8nes de cordoba\" src=\"https:\/\/www.google.com\/maps\/embed?pb=!1m18!1m12!1m3!1d3149.0677905549255!2d-4.797481823665571!3d37.88209730596985!2m3!1f0!2f0!3f0!3m2!1i1024!2i768!4f13.1!3m3!1m2!1s0xd6cdf5edc8f13c7:0xdafe96158d88c8a9!2sPlaza de toros Los Califas!5e0!3m2!1ses!2ses!4v1710166982929!5m2!1ses!2ses\" width=\"1200\" height=\"600\" style=\"border:0;\" allowfullscreen=\"\" loading=\"lazy\" referrerpolicy=\"no-referrer-when-downgrade\"><\/iframe><\/div><\/div><\/div><\/div><\/div><\/section>\n","protected":false},"excerpt":{"rendered":"Contact Contactez-nous et nous vous comprendrons dans les plus brefs d\u00e9lais +34 675 247 690info@plazadetoroscordoba.com Votre nom Votre adresse \u00e9lectronique Votre message (facultatif) J'ai lu et j'accepte la politique de confidentialit\u00e9","protected":false},"author":2,"featured_media":0,"parent":0,"menu_order":0,"comment_status":"closed","ping_status":"closed","template":"","meta":{"footnotes":""},"class_list":["post-130","page","type-page","status-publish","hentry"],"yoast_head":"<!-- This site is optimized with the Yoast SEO plugin v27.4 - https:\/\/yoast.com\/product\/yoast-seo-wordpress\/ -->\n<title>Contacter | Ar\u00e8nes de Cordoba Los Califas<\/title>\n<meta name=\"description\" content=\"Tu as besoin d&#039;aide? Contactez-nous et nous r\u00e9pondrons \u00e0 toutes vos questions sur les ar\u00e8nes de Cordoba &quot;Los Califas&quot;\" \/>\n<meta name=\"robots\" content=\"index, follow, max-snippet:-1, max-image-preview:large, max-video-preview:-1\" \/>\n<link rel=\"canonical\" href=\"https:\/\/plazadetoroscordoba.com\/fr\/contact\/\" \/>\n<meta property=\"og:locale\" content=\"fr_FR\" \/>\n<meta property=\"og:type\" content=\"article\" \/>\n<meta property=\"og:title\" content=\"Contacter | Ar\u00e8nes de Cordoba Los Califas\" \/>\n<meta property=\"og:description\" content=\"Tu as besoin d&#039;aide? Contactez-nous et nous r\u00e9pondrons \u00e0 toutes vos questions sur les ar\u00e8nes de Cordoba &quot;Los Califas&quot;\" \/>\n<meta property=\"og:url\" content=\"https:\/\/plazadetoroscordoba.com\/fr\/contact\/\" \/>\n<meta property=\"og:site_name\" content=\"Plaza Toros C\u00f3rdoba\" \/>\n<meta property=\"article:modified_time\" content=\"2024-03-22T11:01:25+00:00\" \/>\n<meta property=\"og:image\" content=\"https:\/\/plazadetoroscordoba.com\/wp-content\/uploads\/2024\/03\/Banner-web.webp\" \/>\n\t<meta property=\"og:image:width\" content=\"267\" \/>\n\t<meta property=\"og:image:height\" content=\"100\" \/>\n\t<meta property=\"og:image:type\" content=\"image\/webp\" \/>\n<meta name=\"twitter:card\" content=\"summary_large_image\" \/>\n<meta name=\"twitter:label1\" content=\"Dur\u00e9e de lecture estim\u00e9e\" \/>\n\t<meta name=\"twitter:data1\" content=\"1 minute\" \/>\n<script type=\"application\/ld+json\" class=\"yoast-schema-graph\">{\"@context\":\"https:\\\/\\\/schema.org\",\"@graph\":[{\"@type\":\"WebPage\",\"@id\":\"https:\\\/\\\/plazadetoroscordoba.com\\\/fr\\\/contact\\\/\",\"url\":\"https:\\\/\\\/plazadetoroscordoba.com\\\/fr\\\/contact\\\/\",\"name\":\"Contacter | Ar\u00e8nes de Cordoba Los Califas\",\"isPartOf\":{\"@id\":\"https:\\\/\\\/plazadetoroscordoba.com\\\/fr\\\/#website\"},\"datePublished\":\"2024-03-12T09:15:18+00:00\",\"dateModified\":\"2024-03-22T11:01:25+00:00\",\"description\":\"Tu as besoin d'aide? Contactez-nous et nous r\u00e9pondrons \u00e0 toutes vos questions sur les ar\u00e8nes de Cordoba \\\"Los Califas\\\"\",\"breadcrumb\":{\"@id\":\"https:\\\/\\\/plazadetoroscordoba.com\\\/fr\\\/contact\\\/#breadcrumb\"},\"inLanguage\":\"fr-FR\",\"potentialAction\":[{\"@type\":\"ReadAction\",\"target\":[\"https:\\\/\\\/plazadetoroscordoba.com\\\/fr\\\/contact\\\/\"]}]},{\"@type\":\"BreadcrumbList\",\"@id\":\"https:\\\/\\\/plazadetoroscordoba.com\\\/fr\\\/contact\\\/#breadcrumb\",\"itemListElement\":[{\"@type\":\"ListItem\",\"position\":1,\"name\":\"Portada\",\"item\":\"https:\\\/\\\/plazadetoroscordoba.com\\\/fr\\\/\"},{\"@type\":\"ListItem\",\"position\":2,\"name\":\"Contact\"}]},{\"@type\":\"WebSite\",\"@id\":\"https:\\\/\\\/plazadetoroscordoba.com\\\/fr\\\/#website\",\"url\":\"https:\\\/\\\/plazadetoroscordoba.com\\\/fr\\\/\",\"name\":\"Plaza Toros C\u00f3rdoba\",\"description\":\"Venta de entradas a corridas de toros en C\u00f3rdoba\",\"publisher\":{\"@id\":\"https:\\\/\\\/plazadetoroscordoba.com\\\/fr\\\/#organization\"},\"alternateName\":\"Plaza de Toros de C\u00f3rdoba\",\"potentialAction\":[{\"@type\":\"SearchAction\",\"target\":{\"@type\":\"EntryPoint\",\"urlTemplate\":\"https:\\\/\\\/plazadetoroscordoba.com\\\/fr\\\/?s={search_term_string}\"},\"query-input\":{\"@type\":\"PropertyValueSpecification\",\"valueRequired\":true,\"valueName\":\"search_term_string\"}}],\"inLanguage\":\"fr-FR\"},{\"@type\":\"Organization\",\"@id\":\"https:\\\/\\\/plazadetoroscordoba.com\\\/fr\\\/#organization\",\"name\":\"Plaza Toros C\u00f3rdoba\",\"url\":\"https:\\\/\\\/plazadetoroscordoba.com\\\/fr\\\/\",\"logo\":{\"@type\":\"ImageObject\",\"inLanguage\":\"fr-FR\",\"@id\":\"https:\\\/\\\/plazadetoroscordoba.com\\\/fr\\\/#\\\/schema\\\/logo\\\/image\\\/\",\"url\":\"https:\\\/\\\/plazadetoroscordoba.com\\\/wp-content\\\/uploads\\\/2024\\\/03\\\/Banner-web.webp\",\"contentUrl\":\"https:\\\/\\\/plazadetoroscordoba.com\\\/wp-content\\\/uploads\\\/2024\\\/03\\\/Banner-web.webp\",\"width\":267,\"height\":100,\"caption\":\"Plaza Toros C\u00f3rdoba\"},\"image\":{\"@id\":\"https:\\\/\\\/plazadetoroscordoba.com\\\/fr\\\/#\\\/schema\\\/logo\\\/image\\\/\"}}]}<\/script>\n<!-- \/ Yoast SEO plugin. -->","yoast_head_json":{"title":"Contacter | Ar\u00e8nes de Cordoba Los Califas","description":"Tu as besoin d'aide? Contactez-nous et nous r\u00e9pondrons \u00e0 toutes vos questions sur les ar\u00e8nes de Cordoba \"Los Califas\"","robots":{"index":"index","follow":"follow","max-snippet":"max-snippet:-1","max-image-preview":"max-image-preview:large","max-video-preview":"max-video-preview:-1"},"canonical":"https:\/\/plazadetoroscordoba.com\/fr\/contact\/","og_locale":"fr_FR","og_type":"article","og_title":"Contacter | Ar\u00e8nes de Cordoba Los Califas","og_description":"Tu as besoin d'aide? Contactez-nous et nous r\u00e9pondrons \u00e0 toutes vos questions sur les ar\u00e8nes de Cordoba \"Los Califas\"","og_url":"https:\/\/plazadetoroscordoba.com\/fr\/contact\/","og_site_name":"Plaza Toros C\u00f3rdoba","article_modified_time":"2024-03-22T11:01:25+00:00","og_image":[{"width":267,"height":100,"url":"https:\/\/plazadetoroscordoba.com\/wp-content\/uploads\/2024\/03\/Banner-web.webp","type":"image\/webp"}],"twitter_card":"summary_large_image","twitter_misc":{"Dur\u00e9e de lecture estim\u00e9e":"1 minute"},"schema":{"@context":"https:\/\/schema.org","@graph":[{"@type":"WebPage","@id":"https:\/\/plazadetoroscordoba.com\/fr\/contact\/","url":"https:\/\/plazadetoroscordoba.com\/fr\/contact\/","name":"Contacter | Ar\u00e8nes de Cordoba Los Califas","isPartOf":{"@id":"https:\/\/plazadetoroscordoba.com\/fr\/#website"},"datePublished":"2024-03-12T09:15:18+00:00","dateModified":"2024-03-22T11:01:25+00:00","description":"Tu as besoin d'aide? Contactez-nous et nous r\u00e9pondrons \u00e0 toutes vos questions sur les ar\u00e8nes de Cordoba \"Los Califas\"","breadcrumb":{"@id":"https:\/\/plazadetoroscordoba.com\/fr\/contact\/#breadcrumb"},"inLanguage":"fr-FR","potentialAction":[{"@type":"ReadAction","target":["https:\/\/plazadetoroscordoba.com\/fr\/contact\/"]}]},{"@type":"BreadcrumbList","@id":"https:\/\/plazadetoroscordoba.com\/fr\/contact\/#breadcrumb","itemListElement":[{"@type":"ListItem","position":1,"name":"Portada","item":"https:\/\/plazadetoroscordoba.com\/fr\/"},{"@type":"ListItem","position":2,"name":"Contact"}]},{"@type":"WebSite","@id":"https:\/\/plazadetoroscordoba.com\/fr\/#website","url":"https:\/\/plazadetoroscordoba.com\/fr\/","name":"Plaza Toros C\u00f3rdoba","description":"Venta de entradas a corridas de toros en C\u00f3rdoba","publisher":{"@id":"https:\/\/plazadetoroscordoba.com\/fr\/#organization"},"alternateName":"Plaza de Toros de C\u00f3rdoba","potentialAction":[{"@type":"SearchAction","target":{"@type":"EntryPoint","urlTemplate":"https:\/\/plazadetoroscordoba.com\/fr\/?s={search_term_string}"},"query-input":{"@type":"PropertyValueSpecification","valueRequired":true,"valueName":"search_term_string"}}],"inLanguage":"fr-FR"},{"@type":"Organization","@id":"https:\/\/plazadetoroscordoba.com\/fr\/#organization","name":"Plaza Toros C\u00f3rdoba","url":"https:\/\/plazadetoroscordoba.com\/fr\/","logo":{"@type":"ImageObject","inLanguage":"fr-FR","@id":"https:\/\/plazadetoroscordoba.com\/fr\/#\/schema\/logo\/image\/","url":"https:\/\/plazadetoroscordoba.com\/wp-content\/uploads\/2024\/03\/Banner-web.webp","contentUrl":"https:\/\/plazadetoroscordoba.com\/wp-content\/uploads\/2024\/03\/Banner-web.webp","width":267,"height":100,"caption":"Plaza Toros C\u00f3rdoba"},"image":{"@id":"https:\/\/plazadetoroscordoba.com\/fr\/#\/schema\/logo\/image\/"}}]}},"_links":{"self":[{"href":"https:\/\/plazadetoroscordoba.com\/fr\/wp-json\/wp\/v2\/pages\/130","targetHints":{"allow":["GET"]}}],"collection":[{"href":"https:\/\/plazadetoroscordoba.com\/fr\/wp-json\/wp\/v2\/pages"}],"about":[{"href":"https:\/\/plazadetoroscordoba.com\/fr\/wp-json\/wp\/v2\/types\/page"}],"author":[{"embeddable":true,"href":"https:\/\/plazadetoroscordoba.com\/fr\/wp-json\/wp\/v2\/users\/2"}],"replies":[{"embeddable":true,"href":"https:\/\/plazadetoroscordoba.com\/fr\/wp-json\/wp\/v2\/comments?post=130"}],"version-history":[{"count":3,"href":"https:\/\/plazadetoroscordoba.com\/fr\/wp-json\/wp\/v2\/pages\/130\/revisions"}],"predecessor-version":[{"id":3862,"href":"https:\/\/plazadetoroscordoba.com\/fr\/wp-json\/wp\/v2\/pages\/130\/revisions\/3862"}],"wp:attachment":[{"href":"https:\/\/plazadetoroscordoba.com\/fr\/wp-json\/wp\/v2\/media?parent=130"}],"curies":[{"name":"wp","href":"https:\/\/api.w.org\/{rel}","templated":true}]}}