{"id":140,"date":"2024-03-12T09:29:48","date_gmt":"2024-03-12T08:29:48","guid":{"rendered":"https:\/\/plazadetoroscordoba.com\/engrais\/"},"modified":"2025-05-19T10:16:05","modified_gmt":"2025-05-19T08:16:05","slug":"abonnements","status":"publish","type":"page","link":"https:\/\/plazadetoroscordoba.com\/fr\/abonnements\/","title":{"rendered":"Abonnements"},"content":{"rendered":"<section class=\"l-section wpb_row us_custom_c70c97eb height_medium\"><div class=\"l-section-h i-cf\"><div class=\"g-cols vc_row via_grid cols_2 laptops-cols_inherit tablets-cols_1 mobiles-cols_1 valign_middle type_default stacking_default\" style=\"--columns-gap:4vw;\"><div class=\"wpb_column vc_column_container us_custom_04bc1869\"><div class=\"vc_column-inner\"><h1 class=\"w-text us_custom_2774bef1\"><span class=\"w-text-h\"><span class=\"w-text-value\">Abonnements pour taureaux C\u00f3rdoba<\/span><\/span><\/h1><div class=\"w-separator size_medium\"><\/div><div class=\"w-hwrapper us_custom_feadd1a9 valign_top wrap align_none\" style=\"--hwrapper-gap:2.2rem\"><div class=\"wpb_text_column\"><div class=\"wpb_wrapper\"><p><strong>\u00c9conomisez de l&rsquo;argent j<br \/>\n<\/strong>usqu&rsquo;\u00e0 25 % de r\u00e9duction<\/p>\n<\/div><\/div><div class=\"wpb_text_column\"><div class=\"wpb_wrapper\"><p><strong>Disponibilit\u00e9<\/strong><br \/>\njusqu&rsquo;au 23 mai<\/p>\n<\/div><\/div><\/div><div class=\"w-separator size_medium\"><\/div><div class=\"w-btn-wrapper align_none\"><button class=\"w-btn us-btn-style_1 us_custom_510ba617 icon_atleft\" type=\"button\"><i class=\"material-icons\">task_alt<\/i><span class=\"w-btn-label\">Pas disponible<\/span><\/button><\/div><\/div><\/div><div class=\"wpb_column vc_column_container\"><div class=\"vc_column-inner\"><div class=\"w-image us_custom_be776f20 style_shadow-2 has_ratio align_none\"><div class=\"w-image-h\"><div style=\"padding-bottom:100%\"><\/div><div class=\"w-image-shadow\" style=\"background-image:url(https:\/\/plazadetoroscordoba.com\/wp-content\/uploads\/2024\/03\/Abonos-toros-cordoba.webp);\"><\/div><img decoding=\"async\" width=\"550\" height=\"550\" src=\"https:\/\/plazadetoroscordoba.com\/wp-content\/uploads\/2024\/03\/Abonos-toros-cordoba.webp\" class=\"attachment-large size-large\" alt=\"acheter des abonnements pour la corrida ar\u00e8nes de cordoue\" loading=\"lazy\" \/><\/div><\/div><\/div><\/div><\/div><\/div><\/section><section class=\"l-section wpb_row height_medium\"><div class=\"l-section-h i-cf\"><div class=\"g-cols vc_row via_grid cols_1 laptops-cols_inherit tablets-cols_inherit mobiles-cols_1 valign_top type_default stacking_default\"><div class=\"wpb_column vc_column_container\"><div class=\"vc_column-inner\"><div class=\"wpb_text_column us_custom_435c636a\"><div class=\"wpb_wrapper\"><h2 style=\"text-align: center;\">Que comprennent les abonnements ?<\/h2>\n<\/div><\/div><div class=\"w-separator size_medium\"><\/div><div class=\"g-cols wpb_row via_grid cols_3 laptops-cols_2 tablets-cols_2 mobiles-cols_1 valign_top type_default\" style=\"--columns-gap:1.5rem;\"><div class=\"wpb_column vc_column_container\"><div class=\"vc_column-inner\"><div class=\"w-iconbox us_custom_13427bc9 iconpos_top style_circle color_primary align_left\"><div class=\"w-iconbox-icon\" style=\"font-size:1.8rem;\"><i class=\"fas fa-ticket\"><\/i><\/div><div class=\"w-iconbox-meta\"><h4 class=\"w-iconbox-title\">6 entr\u00e9es<\/h4><div class=\"w-iconbox-text\"><p>Billets avec un lieu choisi par le spectateur pour toute la foire taurine de Cordoue.<\/p>\n<\/div><\/div><\/div><\/div><\/div><div class=\"wpb_column vc_column_container\"><div class=\"vc_column-inner\"><div class=\"w-iconbox us_custom_13427bc9 iconpos_top style_circle color_primary align_left\"><div class=\"w-iconbox-icon\" style=\"font-size:1.8rem;\"><i class=\"fas fa-percent\"><\/i><\/div><div class=\"w-iconbox-meta\"><h4 class=\"w-iconbox-title\">25% de r\u00e9duction<\/h4><div class=\"w-iconbox-text\"><p>Achetez tous les billets avec une r\u00e9duction de 25 % par rapport \u00e0 leur achat individuel.<\/p>\n<\/div><\/div><\/div><\/div><\/div><div class=\"wpb_column vc_column_container\"><div class=\"vc_column-inner\"><div class=\"w-iconbox us_custom_13427bc9 iconpos_top style_circle color_primary align_left\"><div class=\"w-iconbox-icon\" style=\"font-size:1.8rem;\"><i class=\"fas fa-search\"><\/i><\/div><div class=\"w-iconbox-meta\"><h4 class=\"w-iconbox-title\">Priorit\u00e9<\/h4><div class=\"w-iconbox-text\"><p>Choisissez vos si\u00e8ges des semaines avant la mise en vente des billets au public. Vous pouvez choisir les meilleurs !<\/p>\n<\/div><\/div><\/div><\/div><\/div><\/div><\/div><\/div><\/div><\/div><\/section>\n","protected":false},"excerpt":{"rendered":"Abonnements pour taureaux C\u00f3rdoba\u00c9conomisez de l&rsquo;argent j usqu&rsquo;\u00e0 25 % de r\u00e9duction Disponibilit\u00e9 jusqu&rsquo;au 23 mai task_altPas disponibleQue comprennent les abonnements ? 6 entr\u00e9esBillets avec un lieu choisi par le spectateur pour toute la foire taurine de Cordoue. 25% de r\u00e9ductionAchetez tous les billets avec une r\u00e9duction de 25 % par rapport \u00e0 leur achat...","protected":false},"author":2,"featured_media":0,"parent":0,"menu_order":0,"comment_status":"closed","ping_status":"closed","template":"","meta":{"footnotes":""},"class_list":["post-140","page","type-page","status-publish","hentry"],"yoast_head":"<!-- This site is optimized with the Yoast SEO plugin v27.4 - https:\/\/yoast.com\/product\/yoast-seo-wordpress\/ -->\n<title>\u25b7 Abonnements pour les ar\u00e8nes de Cordoba<\/title>\n<meta name=\"description\" content=\"Site officiel des ar\u00e8nes de Cordoba Los Califas. Achetez et r\u00e9servez votre Abonnements pour les corridas dans les ar\u00e8nes de Cordoba\" \/>\n<meta name=\"robots\" content=\"index, follow, max-snippet:-1, max-image-preview:large, max-video-preview:-1\" \/>\n<link rel=\"canonical\" href=\"https:\/\/plazadetoroscordoba.com\/fr\/abonnements\/\" \/>\n<meta property=\"og:locale\" content=\"fr_FR\" \/>\n<meta property=\"og:type\" content=\"article\" \/>\n<meta property=\"og:title\" content=\"\u25b7 Abonnements pour les ar\u00e8nes de Cordoba\" \/>\n<meta property=\"og:description\" content=\"Site officiel des ar\u00e8nes de Cordoba Los Califas. Achetez et r\u00e9servez votre Abonnements pour les corridas dans les ar\u00e8nes de Cordoba\" \/>\n<meta property=\"og:url\" content=\"https:\/\/plazadetoroscordoba.com\/fr\/abonnements\/\" \/>\n<meta property=\"og:site_name\" content=\"Plaza Toros C\u00f3rdoba\" \/>\n<meta property=\"article:modified_time\" content=\"2025-05-19T08:16:05+00:00\" \/>\n<meta name=\"twitter:card\" content=\"summary_large_image\" \/>\n<meta name=\"twitter:label1\" content=\"Dur\u00e9e de lecture estim\u00e9e\" \/>\n\t<meta name=\"twitter:data1\" content=\"1 minute\" \/>\n<script type=\"application\/ld+json\" class=\"yoast-schema-graph\">{\"@context\":\"https:\\\/\\\/schema.org\",\"@graph\":[{\"@type\":\"WebPage\",\"@id\":\"https:\\\/\\\/plazadetoroscordoba.com\\\/fr\\\/abonnements\\\/\",\"url\":\"https:\\\/\\\/plazadetoroscordoba.com\\\/fr\\\/abonnements\\\/\",\"name\":\"\u25b7 Abonnements pour les ar\u00e8nes de Cordoba\",\"isPartOf\":{\"@id\":\"https:\\\/\\\/plazadetoroscordoba.com\\\/fr\\\/#website\"},\"datePublished\":\"2024-03-12T08:29:48+00:00\",\"dateModified\":\"2025-05-19T08:16:05+00:00\",\"description\":\"Site officiel des ar\u00e8nes de Cordoba Los Califas. Achetez et r\u00e9servez votre Abonnements pour les corridas dans les ar\u00e8nes de Cordoba\",\"breadcrumb\":{\"@id\":\"https:\\\/\\\/plazadetoroscordoba.com\\\/fr\\\/abonnements\\\/#breadcrumb\"},\"inLanguage\":\"fr-FR\",\"potentialAction\":[{\"@type\":\"ReadAction\",\"target\":[\"https:\\\/\\\/plazadetoroscordoba.com\\\/fr\\\/abonnements\\\/\"]}]},{\"@type\":\"BreadcrumbList\",\"@id\":\"https:\\\/\\\/plazadetoroscordoba.com\\\/fr\\\/abonnements\\\/#breadcrumb\",\"itemListElement\":[{\"@type\":\"ListItem\",\"position\":1,\"name\":\"Portada\",\"item\":\"https:\\\/\\\/plazadetoroscordoba.com\\\/fr\\\/\"},{\"@type\":\"ListItem\",\"position\":2,\"name\":\"Abonnements\"}]},{\"@type\":\"WebSite\",\"@id\":\"https:\\\/\\\/plazadetoroscordoba.com\\\/fr\\\/#website\",\"url\":\"https:\\\/\\\/plazadetoroscordoba.com\\\/fr\\\/\",\"name\":\"Plaza Toros C\u00f3rdoba\",\"description\":\"\",\"potentialAction\":[{\"@type\":\"SearchAction\",\"target\":{\"@type\":\"EntryPoint\",\"urlTemplate\":\"https:\\\/\\\/plazadetoroscordoba.com\\\/fr\\\/?s={search_term_string}\"},\"query-input\":{\"@type\":\"PropertyValueSpecification\",\"valueRequired\":true,\"valueName\":\"search_term_string\"}}],\"inLanguage\":\"fr-FR\"}]}<\/script>\n<!-- \/ Yoast SEO plugin. -->","yoast_head_json":{"title":"\u25b7 Abonnements pour les ar\u00e8nes de Cordoba","description":"Site officiel des ar\u00e8nes de Cordoba Los Califas. Achetez et r\u00e9servez votre Abonnements pour les corridas dans les ar\u00e8nes de Cordoba","robots":{"index":"index","follow":"follow","max-snippet":"max-snippet:-1","max-image-preview":"max-image-preview:large","max-video-preview":"max-video-preview:-1"},"canonical":"https:\/\/plazadetoroscordoba.com\/fr\/abonnements\/","og_locale":"fr_FR","og_type":"article","og_title":"\u25b7 Abonnements pour les ar\u00e8nes de Cordoba","og_description":"Site officiel des ar\u00e8nes de Cordoba Los Califas. Achetez et r\u00e9servez votre Abonnements pour les corridas dans les ar\u00e8nes de Cordoba","og_url":"https:\/\/plazadetoroscordoba.com\/fr\/abonnements\/","og_site_name":"Plaza Toros C\u00f3rdoba","article_modified_time":"2025-05-19T08:16:05+00:00","twitter_card":"summary_large_image","twitter_misc":{"Dur\u00e9e de lecture estim\u00e9e":"1 minute"},"schema":{"@context":"https:\/\/schema.org","@graph":[{"@type":"WebPage","@id":"https:\/\/plazadetoroscordoba.com\/fr\/abonnements\/","url":"https:\/\/plazadetoroscordoba.com\/fr\/abonnements\/","name":"\u25b7 Abonnements pour les ar\u00e8nes de Cordoba","isPartOf":{"@id":"https:\/\/plazadetoroscordoba.com\/fr\/#website"},"datePublished":"2024-03-12T08:29:48+00:00","dateModified":"2025-05-19T08:16:05+00:00","description":"Site officiel des ar\u00e8nes de Cordoba Los Califas. Achetez et r\u00e9servez votre Abonnements pour les corridas dans les ar\u00e8nes de Cordoba","breadcrumb":{"@id":"https:\/\/plazadetoroscordoba.com\/fr\/abonnements\/#breadcrumb"},"inLanguage":"fr-FR","potentialAction":[{"@type":"ReadAction","target":["https:\/\/plazadetoroscordoba.com\/fr\/abonnements\/"]}]},{"@type":"BreadcrumbList","@id":"https:\/\/plazadetoroscordoba.com\/fr\/abonnements\/#breadcrumb","itemListElement":[{"@type":"ListItem","position":1,"name":"Portada","item":"https:\/\/plazadetoroscordoba.com\/fr\/"},{"@type":"ListItem","position":2,"name":"Abonnements"}]},{"@type":"WebSite","@id":"https:\/\/plazadetoroscordoba.com\/fr\/#website","url":"https:\/\/plazadetoroscordoba.com\/fr\/","name":"Plaza Toros C\u00f3rdoba","description":"","potentialAction":[{"@type":"SearchAction","target":{"@type":"EntryPoint","urlTemplate":"https:\/\/plazadetoroscordoba.com\/fr\/?s={search_term_string}"},"query-input":{"@type":"PropertyValueSpecification","valueRequired":true,"valueName":"search_term_string"}}],"inLanguage":"fr-FR"}]}},"_links":{"self":[{"href":"https:\/\/plazadetoroscordoba.com\/fr\/wp-json\/wp\/v2\/pages\/140","targetHints":{"allow":["GET"]}}],"collection":[{"href":"https:\/\/plazadetoroscordoba.com\/fr\/wp-json\/wp\/v2\/pages"}],"about":[{"href":"https:\/\/plazadetoroscordoba.com\/fr\/wp-json\/wp\/v2\/types\/page"}],"author":[{"embeddable":true,"href":"https:\/\/plazadetoroscordoba.com\/fr\/wp-json\/wp\/v2\/users\/2"}],"replies":[{"embeddable":true,"href":"https:\/\/plazadetoroscordoba.com\/fr\/wp-json\/wp\/v2\/comments?post=140"}],"version-history":[{"count":10,"href":"https:\/\/plazadetoroscordoba.com\/fr\/wp-json\/wp\/v2\/pages\/140\/revisions"}],"predecessor-version":[{"id":8721,"href":"https:\/\/plazadetoroscordoba.com\/fr\/wp-json\/wp\/v2\/pages\/140\/revisions\/8721"}],"wp:attachment":[{"href":"https:\/\/plazadetoroscordoba.com\/fr\/wp-json\/wp\/v2\/media?parent=140"}],"curies":[{"name":"wp","href":"https:\/\/api.w.org\/{rel}","templated":true}]}}