{"id":3793,"date":"2024-03-11T13:01:45","date_gmt":"2024-03-11T13:01:45","guid":{"rendered":"https:\/\/plazadetoroscordoba.com\/avis-juridique\/"},"modified":"2024-03-11T13:01:45","modified_gmt":"2024-03-11T13:01:45","slug":"avis-juridique","status":"publish","type":"page","link":"https:\/\/plazadetoroscordoba.com\/fr\/avis-juridique\/","title":{"rendered":"Avis juridique"},"content":{"rendered":"<h1>Avis juridique<\/h1>\n<p>Conform\u00e9ment au devoir d&rsquo;information contenu dans l&rsquo;article 10 de la loi 34\/2002 du 11 juillet sur les services de la soci\u00e9t\u00e9 de l&rsquo;information et du commerce \u00e9lectronique (LSSICE), le propri\u00e9taire du site Web vous informe de ce qui suit :<\/p>\n<ul>\n<li>\n<ul>\n<li>Nom de l\u2019entreprise : Toroshopping, S.L.<\/li>\n<li>NIF: B92950146<\/li>\n<li>Domicilio: Centro Melior Vasari. Urbanizaci\u00f3n La Alzambra, 3, Local 1, 29660 \u2013 Marbella (M\u00e1laga)<\/li>\n<\/ul>\n<\/li>\n<\/ul>\n<p>Inscrit au Registre du Commerce de Malaga dans le tome 4566, folio 11, section, num\u00e9ro de page MA-98915, entr\u00e9e 1<\/p>\n<p>Dans les limites fix\u00e9es par la loi, Toroshopping, S.L. n&rsquo;assume aucune responsabilit\u00e9 d\u00e9riv\u00e9e du manque de v\u00e9racit\u00e9, d&rsquo;int\u00e9grit\u00e9, de mise \u00e0 jour et de pr\u00e9cision des donn\u00e9es ou informations contenues dans ses pages Web.<\/p>\n<p>Le contenu et les informations n&rsquo;engagent pas Toroshopping, S.L. ils ne constituent pas non plus des opinions, des conseils ou des conseils juridiques de quelque nature que ce soit puisqu&rsquo;il s&rsquo;agit simplement d&rsquo;un service propos\u00e9 \u00e0 des fins informatives et informatives.<\/p>\n<p>Les pages Internet de Toroshopping, S.L. peut contenir des liens vers d&rsquo;autres pages de tiers que Toroshopping, S.L. Je ne peux pas contr\u00f4ler. Par cons\u00e9quent, Toroshopping, S.L. ne peut assumer la responsabilit\u00e9 du contenu pouvant appara\u00eetre sur des pages tierces.<\/p>\n<p>Les textes, images, sons, animations, logiciels et tout le reste du contenu inclus dans ce site Web sont la propri\u00e9t\u00e9 exclusive de Toroshopping, S.L. ou ses conc\u00e9dants de licence. Tout acte de transmission, distribution, transfert, reproduction, stockage ou communication publique totale ou partielle doit avoir le consentement expr\u00e8s de Toroshopping, S.L..<\/p>\n<p>De m\u00eame, pour acc\u00e9der \u00e0 certains des services propos\u00e9s par Toroshopping, S.L. propos\u00e9s via le site Web, vous devez fournir certaines donn\u00e9es personnelles. Conform\u00e9ment aux dispositions du r\u00e8glement (UE) 2016\/679 du Parlement europ\u00e9en et du Conseil du 27 avril 2016 relatif \u00e0 la protection des personnes physiques \u00e0 l&rsquo;\u00e9gard du traitement des donn\u00e9es \u00e0 caract\u00e8re personnel et \u00e0 la libre circulation de ces donn\u00e9es. , nous vous informons qu&rsquo;en remplissant ces formulaires, vos donn\u00e9es personnelles seront incorpor\u00e9es et trait\u00e9es dans les fichiers de Toroshopping, S.L. afin de pouvoir vous fournir et vous proposer nos services ainsi que de vous informer des am\u00e9liorations apport\u00e9es au site Internet.<\/p>\n<p>Nous vous informons \u00e9galement que vous aurez la possibilit\u00e9 \u00e0 tout moment d&rsquo;exercer les droits d&rsquo;acc\u00e8s, de rectification, d&rsquo;annulation, d&rsquo;opposition, de limitation et de portabilit\u00e9 de vos donn\u00e9es personnelles, gratuitement par email \u00e0: <a href=\"mailto:info@toroshopping.com\" target=\"_blank\" rel=\"noopener\">info@toroshopping.com<\/a> ou \u00e0 l&rsquo;adresse : Centre Melior Vasari. Urbanizaci\u00f3n La Alzambra, 3, Local 1, 29660 \u2013 Marbella (M\u00e1laga).<\/p>\n","protected":false},"excerpt":{"rendered":"<p>Avis juridique Conform\u00e9ment au devoir d&rsquo;information contenu dans l&rsquo;article 10 de la loi 34\/2002 du 11 juillet sur les services de la soci\u00e9t\u00e9 de l&rsquo;information et du commerce \u00e9lectronique (LSSICE), le propri\u00e9taire du site Web vous informe de ce qui suit : Nom de l\u2019entreprise : Toroshopping, S.L. NIF: B92950146 Domicilio: Centro Melior Vasari. Urbanizaci\u00f3n&#8230;<\/p>\n","protected":false},"author":2,"featured_media":0,"parent":0,"menu_order":0,"comment_status":"closed","ping_status":"closed","template":"","meta":{"footnotes":""},"class_list":["post-3793","page","type-page","status-publish","hentry"],"yoast_head":"<!-- This site is optimized with the Yoast SEO plugin v27.4 - https:\/\/yoast.com\/product\/yoast-seo-wordpress\/ -->\n<title>Avis juridique - Plaza Toros C\u00f3rdoba<\/title>\n<meta name=\"robots\" content=\"noindex, follow\" \/>\n<meta property=\"og:locale\" content=\"fr_FR\" \/>\n<meta property=\"og:type\" content=\"article\" \/>\n<meta property=\"og:title\" content=\"Avis juridique - Plaza Toros C\u00f3rdoba\" \/>\n<meta property=\"og:description\" content=\"Avis juridique Conform\u00e9ment au devoir d&rsquo;information contenu dans l&rsquo;article 10 de la loi 34\/2002 du 11 juillet sur les services de la soci\u00e9t\u00e9 de l&rsquo;information et du commerce \u00e9lectronique (LSSICE), le propri\u00e9taire du site Web vous informe de ce qui suit : Nom de l\u2019entreprise : Toroshopping, S.L. NIF: B92950146 Domicilio: Centro Melior Vasari. Urbanizaci\u00f3n...\" \/>\n<meta property=\"og:url\" content=\"https:\/\/plazadetoroscordoba.com\/fr\/avis-juridique\/\" \/>\n<meta property=\"og:site_name\" content=\"Plaza Toros C\u00f3rdoba\" \/>\n<meta property=\"og:image\" content=\"https:\/\/plazadetoroscordoba.com\/wp-content\/uploads\/2024\/03\/Banner-web.webp\" \/>\n\t<meta property=\"og:image:width\" content=\"267\" \/>\n\t<meta property=\"og:image:height\" content=\"100\" \/>\n\t<meta property=\"og:image:type\" content=\"image\/webp\" \/>\n<meta name=\"twitter:card\" content=\"summary_large_image\" \/>\n<meta name=\"twitter:label1\" content=\"Dur\u00e9e de lecture estim\u00e9e\" \/>\n\t<meta name=\"twitter:data1\" content=\"2 minutes\" \/>\n<script type=\"application\/ld+json\" class=\"yoast-schema-graph\">{\"@context\":\"https:\\\/\\\/schema.org\",\"@graph\":[{\"@type\":\"WebPage\",\"@id\":\"https:\\\/\\\/plazadetoroscordoba.com\\\/fr\\\/avis-juridique\\\/\",\"url\":\"https:\\\/\\\/plazadetoroscordoba.com\\\/fr\\\/avis-juridique\\\/\",\"name\":\"Avis juridique - Plaza Toros C\u00f3rdoba\",\"isPartOf\":{\"@id\":\"https:\\\/\\\/plazadetoroscordoba.com\\\/fr\\\/#website\"},\"datePublished\":\"2024-03-11T13:01:45+00:00\",\"breadcrumb\":{\"@id\":\"https:\\\/\\\/plazadetoroscordoba.com\\\/fr\\\/avis-juridique\\\/#breadcrumb\"},\"inLanguage\":\"fr-FR\",\"potentialAction\":[{\"@type\":\"ReadAction\",\"target\":[\"https:\\\/\\\/plazadetoroscordoba.com\\\/fr\\\/avis-juridique\\\/\"]}]},{\"@type\":\"BreadcrumbList\",\"@id\":\"https:\\\/\\\/plazadetoroscordoba.com\\\/fr\\\/avis-juridique\\\/#breadcrumb\",\"itemListElement\":[{\"@type\":\"ListItem\",\"position\":1,\"name\":\"Portada\",\"item\":\"https:\\\/\\\/plazadetoroscordoba.com\\\/fr\\\/\"},{\"@type\":\"ListItem\",\"position\":2,\"name\":\"Avis juridique\"}]},{\"@type\":\"WebSite\",\"@id\":\"https:\\\/\\\/plazadetoroscordoba.com\\\/fr\\\/#website\",\"url\":\"https:\\\/\\\/plazadetoroscordoba.com\\\/fr\\\/\",\"name\":\"Plaza Toros C\u00f3rdoba\",\"description\":\"Venta de entradas a corridas de toros en C\u00f3rdoba\",\"publisher\":{\"@id\":\"https:\\\/\\\/plazadetoroscordoba.com\\\/fr\\\/#organization\"},\"alternateName\":\"Plaza de Toros de C\u00f3rdoba\",\"potentialAction\":[{\"@type\":\"SearchAction\",\"target\":{\"@type\":\"EntryPoint\",\"urlTemplate\":\"https:\\\/\\\/plazadetoroscordoba.com\\\/fr\\\/?s={search_term_string}\"},\"query-input\":{\"@type\":\"PropertyValueSpecification\",\"valueRequired\":true,\"valueName\":\"search_term_string\"}}],\"inLanguage\":\"fr-FR\"},{\"@type\":\"Organization\",\"@id\":\"https:\\\/\\\/plazadetoroscordoba.com\\\/fr\\\/#organization\",\"name\":\"Plaza Toros C\u00f3rdoba\",\"url\":\"https:\\\/\\\/plazadetoroscordoba.com\\\/fr\\\/\",\"logo\":{\"@type\":\"ImageObject\",\"inLanguage\":\"fr-FR\",\"@id\":\"https:\\\/\\\/plazadetoroscordoba.com\\\/fr\\\/#\\\/schema\\\/logo\\\/image\\\/\",\"url\":\"https:\\\/\\\/plazadetoroscordoba.com\\\/wp-content\\\/uploads\\\/2024\\\/03\\\/Banner-web.webp\",\"contentUrl\":\"https:\\\/\\\/plazadetoroscordoba.com\\\/wp-content\\\/uploads\\\/2024\\\/03\\\/Banner-web.webp\",\"width\":267,\"height\":100,\"caption\":\"Plaza Toros C\u00f3rdoba\"},\"image\":{\"@id\":\"https:\\\/\\\/plazadetoroscordoba.com\\\/fr\\\/#\\\/schema\\\/logo\\\/image\\\/\"}}]}<\/script>\n<!-- \/ Yoast SEO plugin. -->","yoast_head_json":{"title":"Avis juridique - Plaza Toros C\u00f3rdoba","robots":{"index":"noindex","follow":"follow"},"og_locale":"fr_FR","og_type":"article","og_title":"Avis juridique - Plaza Toros C\u00f3rdoba","og_description":"Avis juridique Conform\u00e9ment au devoir d&rsquo;information contenu dans l&rsquo;article 10 de la loi 34\/2002 du 11 juillet sur les services de la soci\u00e9t\u00e9 de l&rsquo;information et du commerce \u00e9lectronique (LSSICE), le propri\u00e9taire du site Web vous informe de ce qui suit : Nom de l\u2019entreprise : Toroshopping, S.L. NIF: B92950146 Domicilio: Centro Melior Vasari. Urbanizaci\u00f3n...","og_url":"https:\/\/plazadetoroscordoba.com\/fr\/avis-juridique\/","og_site_name":"Plaza Toros C\u00f3rdoba","og_image":[{"width":267,"height":100,"url":"https:\/\/plazadetoroscordoba.com\/wp-content\/uploads\/2024\/03\/Banner-web.webp","type":"image\/webp"}],"twitter_card":"summary_large_image","twitter_misc":{"Dur\u00e9e de lecture estim\u00e9e":"2 minutes"},"schema":{"@context":"https:\/\/schema.org","@graph":[{"@type":"WebPage","@id":"https:\/\/plazadetoroscordoba.com\/fr\/avis-juridique\/","url":"https:\/\/plazadetoroscordoba.com\/fr\/avis-juridique\/","name":"Avis juridique - Plaza Toros C\u00f3rdoba","isPartOf":{"@id":"https:\/\/plazadetoroscordoba.com\/fr\/#website"},"datePublished":"2024-03-11T13:01:45+00:00","breadcrumb":{"@id":"https:\/\/plazadetoroscordoba.com\/fr\/avis-juridique\/#breadcrumb"},"inLanguage":"fr-FR","potentialAction":[{"@type":"ReadAction","target":["https:\/\/plazadetoroscordoba.com\/fr\/avis-juridique\/"]}]},{"@type":"BreadcrumbList","@id":"https:\/\/plazadetoroscordoba.com\/fr\/avis-juridique\/#breadcrumb","itemListElement":[{"@type":"ListItem","position":1,"name":"Portada","item":"https:\/\/plazadetoroscordoba.com\/fr\/"},{"@type":"ListItem","position":2,"name":"Avis juridique"}]},{"@type":"WebSite","@id":"https:\/\/plazadetoroscordoba.com\/fr\/#website","url":"https:\/\/plazadetoroscordoba.com\/fr\/","name":"Plaza Toros C\u00f3rdoba","description":"Venta de entradas a corridas de toros en C\u00f3rdoba","publisher":{"@id":"https:\/\/plazadetoroscordoba.com\/fr\/#organization"},"alternateName":"Plaza de Toros de C\u00f3rdoba","potentialAction":[{"@type":"SearchAction","target":{"@type":"EntryPoint","urlTemplate":"https:\/\/plazadetoroscordoba.com\/fr\/?s={search_term_string}"},"query-input":{"@type":"PropertyValueSpecification","valueRequired":true,"valueName":"search_term_string"}}],"inLanguage":"fr-FR"},{"@type":"Organization","@id":"https:\/\/plazadetoroscordoba.com\/fr\/#organization","name":"Plaza Toros C\u00f3rdoba","url":"https:\/\/plazadetoroscordoba.com\/fr\/","logo":{"@type":"ImageObject","inLanguage":"fr-FR","@id":"https:\/\/plazadetoroscordoba.com\/fr\/#\/schema\/logo\/image\/","url":"https:\/\/plazadetoroscordoba.com\/wp-content\/uploads\/2024\/03\/Banner-web.webp","contentUrl":"https:\/\/plazadetoroscordoba.com\/wp-content\/uploads\/2024\/03\/Banner-web.webp","width":267,"height":100,"caption":"Plaza Toros C\u00f3rdoba"},"image":{"@id":"https:\/\/plazadetoroscordoba.com\/fr\/#\/schema\/logo\/image\/"}}]}},"_links":{"self":[{"href":"https:\/\/plazadetoroscordoba.com\/fr\/wp-json\/wp\/v2\/pages\/3793","targetHints":{"allow":["GET"]}}],"collection":[{"href":"https:\/\/plazadetoroscordoba.com\/fr\/wp-json\/wp\/v2\/pages"}],"about":[{"href":"https:\/\/plazadetoroscordoba.com\/fr\/wp-json\/wp\/v2\/types\/page"}],"author":[{"embeddable":true,"href":"https:\/\/plazadetoroscordoba.com\/fr\/wp-json\/wp\/v2\/users\/2"}],"replies":[{"embeddable":true,"href":"https:\/\/plazadetoroscordoba.com\/fr\/wp-json\/wp\/v2\/comments?post=3793"}],"version-history":[{"count":0,"href":"https:\/\/plazadetoroscordoba.com\/fr\/wp-json\/wp\/v2\/pages\/3793\/revisions"}],"wp:attachment":[{"href":"https:\/\/plazadetoroscordoba.com\/fr\/wp-json\/wp\/v2\/media?parent=3793"}],"curies":[{"name":"wp","href":"https:\/\/api.w.org\/{rel}","templated":true}]}}