{"id":3795,"date":"2024-03-11T12:50:06","date_gmt":"2024-03-11T12:50:06","guid":{"rendered":"https:\/\/plazadetoroscordoba.com\/condiciones-generales\/"},"modified":"2026-04-16T14:15:10","modified_gmt":"2026-04-16T12:15:10","slug":"conditions-generales","status":"publish","type":"page","link":"https:\/\/plazadetoroscordoba.com\/fr\/conditions-generales\/","title":{"rendered":"Condiciones generales"},"content":{"rendered":"<section class=\"l-section wpb_row height_medium\"><div class=\"l-section-h i-cf\"><div class=\"g-cols vc_row via_grid cols_1 laptops-cols_inherit tablets-cols_inherit mobiles-cols_1 valign_top type_default stacking_default\"><div class=\"wpb_column vc_column_container\"><div class=\"vc_column-inner\"><div class=\"wpb_text_column\"><div class=\"wpb_wrapper\"><h1>Condiciones generales<\/h1>\n<p>https:\/\/plazadetoroscordoba.com\/ (ci-apr\u00e8s, le site Web) est un site Web appartenant \u00e0 Toroshopping, S.L., ci-apr\u00e8s le propri\u00e9taire, avec CIF\/NIF n\u00ba : B92950146 et si\u00e8ge social \u00e0 : Centre Melior Vasari. Urbanizaci\u00f3n La Alzambra, 3, Local 1, C.P. 29660 &#8211; Marbella (M\u00e1laga).<\/p>\n<p>L&rsquo;acc\u00e8s, la reproduction et l&rsquo;utilisation des services du site Web requi\u00e8rent l&rsquo;acceptation pr\u00e9alable des conditions d&rsquo;utilisation en vigueur \u00e0 tout moment ; LE PROPRI\u00c9TAIRE se r\u00e9serve le droit de modifier ces conditions lorsqu&rsquo;il le jugera opportun, en publiant le nouveau texte sur le site Web. Il est de la responsabilit\u00e9 de l&rsquo;utilisateur de conna\u00eetre les conditions d&rsquo;utilisation avant d&rsquo;acc\u00e9der aux produits et services du site Web ; si vous n&rsquo;\u00eates pas d&rsquo;accord avec<br \/>, veuillez vous abstenir de l&rsquo;utiliser.<\/p>\n<\/p>\n<h4 class=\"wp-block-heading\">PROPIEDAD<\/h4>\n<p>La Web es una obra compuesta de diversos elementos integrados e inseparables (texto, ilustraciones, fotograf\u00edas, im\u00e1genes animadas, v\u00eddeos, programas de ordenador, incluidos los c\u00f3digos html del sitio web, etc.), cuya Propiedad Intelectual le corresponde a EL PROPIETARIO, salvo en lo referente a aquellos materiales obtenidos bajo licencia de terceros.<br \/>EL PROPIETARIO y sus licenciantes retienen en todo momento la Propiedad Intelectual sobre la Web y sobre los distintos elementos que la componen, individualmente considerados, en todas las copias que se realicen (cualquiera que sea el soporte al que se incorporen), concediendo sobre los mismos \u00fanicamente los derechos de uso que m\u00e1s adelante se describen. Cualquier derecho que no sea expresamente cedido se entiende reservado.<br \/>Adem\u00e1s de lo anterior, EL PROPIETARIO es responsable de la selecci\u00f3n, dise\u00f1o de la estructura y disposici\u00f3n de los contenidos de la Web, as\u00ed como quien ha tomado la iniciativa y asumido el riesgo de efectuar las inversiones sustanciales orientadas a la obtenci\u00f3n, digitalizaci\u00f3n y presentaci\u00f3n de la misma, correspondi\u00e9ndole, por tanto, la protecci\u00f3n que el art\u00edculo 12 y el T\u00edtulo VIII del Libro II de la Ley de Propiedad Intelectual pueda conceder sobre el sitio web, considerado como una base de datos.<br \/>EL PROPIETARIO es tambi\u00e9n el \u00fanico due\u00f1o del dise\u00f1o e imagen gr\u00e1fica de la Web, reserv\u00e1ndose las acciones legales pertinentes que le pudieran corresponder contra las personas que realicen imitaciones o usos desleales del mismo.<\/p>\n<\/p>\n<h3 class=\"wp-block-heading\">CONTENIDOS WEB Y DESCARGAS. USOS PERMITIDOS Y PROHIBIDOS.<\/h3>\n<p>Sont autoris\u00e9s :<br \/>&#8211; La navigation sur le site web, c&rsquo;est-\u00e0-dire l&rsquo;acc\u00e8s et la visualisation sur un appareil, toute reproduction temporaire ou accessoire \u00e9tant autoris\u00e9e, \u00e0 condition qu&rsquo;elle ne soit pas volontaire et qu&rsquo;elle fasse partie int\u00e9grante et essentielle du processus technologique de transmission. La navegaci\u00f3n por determinadas secciones de la Web requiere el previo registro.<br \/>\u2022 Beneficiarse (previo registro), de los servicios y ventajas prestados por EL PROPIETARIO a trav\u00e9s de la Web a sus usuarios, en las condiciones que se se\u00f1alen expresamente en las distintas secciones.<br \/>Il est strictement interdit :<br \/>&#8211; Toute op\u00e9ration sur le Web, ses contenus, les produits t\u00e9l\u00e9charg\u00e9s et les copies de tous ces \u00e9l\u00e9ments qui serait contraire \u00e0 la loi, aux bonnes coutumes et \u00e0 la bonne foi.<br \/>\u2022 Cualquier utilizaci\u00f3n fuera del \u00e1mbito personal y privado, especialmente aquellas que tengan fines comerciales o profesionales, incluido el env\u00edo de publicidad o mensajes y la recopilaci\u00f3n y tratamiento de datos de terceros.<br \/>\u2022 Cualquier tipo de extracci\u00f3n, comunicaci\u00f3n p\u00fablica y\/o transmisi\u00f3n, total o parcial, por cualquier medio, fuera del \u00e1mbito privado de uso permitido y, especialmente, su incorporaci\u00f3n a cualquier otra obra, incluidas p\u00e1ginas web, colecciones o bases de datos. Se except\u00faa de esta prohibici\u00f3n la publicaci\u00f3n en medios de comunicaci\u00f3n de los materiales susceptibles de descarga de la secci\u00f3n Sala de Prensa.<br \/>\u2022 La remoci\u00f3n, ocultaci\u00f3n o falseamiento de los avisos y advertencias sobre la Propiedad Intelectual o Industrial de la Web o de cualquiera de los productos facilitados a trav\u00e9s de la misma.<br \/>\u2022 Las operaciones y actividades expresamente prohibidas en cualesquiera otras secciones de estas Condiciones Generales y, en general, cualquiera que pueda perjudicar el normal funcionamiento de la Web, a otros usuarios o a cualquier tercero.<\/p>\n<\/p>\n<h3 class=\"wp-block-heading\">LINKS A LA WEB<\/h3>\n<p>\u2022 Queda autorizado el establecimiento de v\u00ednculos e hiperv\u00ednculos con la Web desde otras p\u00e1ginas o sitios web, siempre que los mismos no se hagan de forma que perjudique la imagen p\u00fablica y de marca de EL PROPIETARIO, de la Web o de cualquiera de las personas y productos a que se haga referencia en la misma. En el establecimiento de v\u00ednculos con la Web queda expresamente prohibida la utilizaci\u00f3n de t\u00e9cnicas que impliquen confusi\u00f3n sobre la identidad y propiedad de los contenidos, tales como el framing u otras.<br \/>\u2022 Queda prohibido el establecimiento de v\u00ednculos desde p\u00e1ginas o sitios web cuyos contenidos promocionen o hagan apolog\u00eda, directa o indirectamente, de cualquier tipo de violencia, discriminaci\u00f3n, pornograf\u00eda o actividad ilegal. Asimismo, queda expresamente prohibido el establecimiento de links con fines mercantiles.<\/p>\n<p>En la creaci\u00f3n de los v\u00ednculos queda expresamente prohibida la utilizaci\u00f3n de elementos extra\u00eddos de la Web, sin el consentimiento previo y expreso de EL PROPIETARIO. En ning\u00fan caso podr\u00e1 entenderse que los v\u00ednculos a la Web desde p\u00e1ginas o sitios web de terceros implican relaciones de EL PROPIETARIO con los titulares de \u00e9stos, ni implica respaldo, patrocinio o recomendaci\u00f3n alguna de EL PROPIETARIO sobre los mismos, por lo que EL PROPIETARIO no ser\u00e1 responsable en absoluto respecto de su contenido y licitud.<\/p>\n<\/p>\n<h3 class=\"wp-block-heading\">CONTENIDOS Y COMPORTAMIENTO DEL USUARIO<\/h3>\n<p>En tant que client ou utilisateur du site Web, vous vous engagez \u00e0 faire un usage appropri\u00e9 des contenus et des services offerts \u00e0 travers celui-ci et \u00e0 ne pas les utiliser pour :<br \/>&#8211; R\u00e9aliser des activit\u00e9s illicites, ill\u00e9gales ou contraires \u00e0 la bonne foi et \u00e0 l&rsquo;ordre public.<br \/>\u2022 Difundir contenidos o propaganda de car\u00e1cter racista, xen\u00f3fobo, pornogr\u00e1fico, que haga apolog\u00eda del terrorismo o que atente contra los derechos humanos.<br \/>\u2022 Provocar da\u00f1os en los sistemas f\u00edsicos y l\u00f3gicos de EL PROPIETARIO, de sus proveedores o de terceras personas, introducir o difundir en la red virus inform\u00e1ticos o cualesquiera otros sistemas f\u00edsicos o l\u00f3gicos que sean susceptibles de provocar los da\u00f1os anteriormente mencionados.<br \/>\u2022 Difundir contenidos que atenten contra la imagen y reputaci\u00f3n de EL PROPIETARIO o de terceros.<br \/>\u2022 Atentar contra los derechos de Propiedad Intelectual, Industrial, de imagen, honor u otros que correspondan a EL PROPIETARIO o a terceros.<br \/>EL PROPIETARIO tendr\u00e1 plena libertad de decisi\u00f3n sobre si las colaboraciones y mensajes son finalmente publicadas en la Web o no, quedando facultada para retirarlos cuando estime oportuno.<br \/>La infracci\u00f3n de cualquiera de las normas contenidas en estas Condiciones de uso y muy especialmente, de lo previsto en la presente cl\u00e1usula, facultar\u00e1n a EL PROPIETARIO para darle de baja de forma inmediata como usuario o suscriptor de la Web.<\/p>\n<\/p>\n<h2 class=\"wp-block-heading\">VENTA DE ENTRADAS<\/h2>\n<h3><strong>PRECIOS Y DISPONIBILIDAD DE ENTRADAS.<\/strong><\/h3>\n<p>Los precios de las entradas var\u00edan seg\u00fan el tipo de espect\u00e1culo (novillada, rejones o corrida de toros) y la ubicaci\u00f3n de las localidades (sol, sombra, sol y sombra y fila).<\/p>\n<p>Pour la gestion de ces billets, un co\u00fbt suppl\u00e9mentaire est ajout\u00e9, qui correspond \u00e0 10% du prix officiel de la billetterie, auquel s&rsquo;ajoute la commission de distribution de 10% de la plateforme de billetterie du promoteur, TVA incluse.<\/p>\n<p>La venta de entradas es firme y no permite anulaciones por parte del Usuario cualquiera que sea la causa.<\/p>\n<p>Los precios y la disponibilidad de las entradas son v\u00e1lidos y se garantizan hasta que se agoten las entradas. Se excluyen los errores tipogr\u00e1ficos o cualquier cambio de precio realizado por la empresa organizadora del espect\u00e1culo taurino y gestora de la plaza (en adelante \u201cel Organizador\u201d). En este \u00faltimo supuesto el Usuario deber\u00e1 dirigir cualquier reclamaci\u00f3n a esta \u00faltima.<\/p>\n<p>Las reservas se atender\u00e1n por orden de recepci\u00f3n. Intentaremos siempre asignar asientos consecutivos, y contactaremos con el cliente para informarle de cualquier problema al respecto (pudiendo surgir si se tratan de una venta de muchas entradas) y ofreceremos entonces entradas alternativas (por ejemplo para otra zona, o bien en dos filas etc). No obstante, no podemos garantizar al Usuario la disponibilidad de asientos consecutivos, especialmente en el caso de compra de m\u00e1s de 4 asientos. Cuando no sea posible la reasignaci\u00f3n, las entradas se entender\u00e1n adquiridas en firme por el Usuario.<\/p>\n<p>En el supuesto de que el Usuario hubiera adquirido una entrada habi\u00e9ndose agotado las localidades, se proceder\u00e1 al reembolso de la cantidad abonada al Usuario en un plazo de cinco (5) d\u00edas desde el d\u00eda en que se comunique tal circunstancia. El Usuario reconoce expresamente que no tendr\u00e1 derecho a reembolso adicional alguno en concepto de indemnizaci\u00f3n o similar.<\/p>\n<p>No ofrecemos ni gestionamos reservas con descuentos especiales, tales como grupos, jubilados, j\u00f3venes, personas con discapacidad, siendo el precio \u00fanico para adultos.<\/p>\n<\/p>\n<h3><strong>EMISI\u00d3N DE ENTRADAS.<\/strong><\/h3>\n<p>El Usuario adquiere la entrada del Organizador, que le ser\u00e1 enviado por email en formato pdf a principios de agosto, junto con nuestro recibo \u00f3 factura.<\/p>\n<\/p>\n<p><b>METODOS DE COMPRA<\/b><\/p>\n<p>El Usuario puede pagar por tarjeta Visa o Mastercard con nuestra plataforma 100% segura <strong>a trav\u00e9s de Stripe. <\/strong>El sistema pedir\u00e1 al Usuario el n\u00famero de la tarjeta, la caducidad y el CCV (3 cifras detr\u00e1s de la tarjeta). Es probable que su entidad bancaria le envie adem\u00e1s un c\u00f3digo especial para confirmar la compra por Internet.<\/p>\n<p>En ning\u00fan caso conservaremos sus datos bancarios, siendo \u00e9stos gestionados por las plataformas de pago seguro contratadas. Es responsabilidad del Usuario leer detenidamente las condiciones de uso y pol\u00edtica de privacidad de dichas pasarelas de pago antes de realizar el pago.<\/p>\n<p><strong>DEVOLUCIONES.<\/strong><\/p>\n<p>No se permite la devoluci\u00f3n del importe de las entradas adquiridas. La imposibilidad de asistir a una actuaci\u00f3n o cualquier error cometido por el Usuario al realizar la adquisici\u00f3n no ser\u00e1n motivos v\u00e1lidos para proceder a la devoluci\u00f3n de la cantidad abonada.<\/p>\n<p>En tant que point de vente officiel, les billets propos\u00e9s \u00e0 la vente sont \u00e9mis directement par la soci\u00e9t\u00e9 de gestion des ar\u00e8nes de Cordoue (c&rsquo;est-\u00e0-dire l&rsquo;organisateur). El Usuario recibe la entrada oficial de la empresa por email en formato pdf.<\/p>\n<p>Frente a los cambios que se produzcan con posterioridad a la adquisici\u00f3n de las entradas, tales como (a t\u00edtulo meramente ejemplificativo): cambio de fecha, hora, cartel, sustituciones, cancelaciones y\/o cualquier otro acontecimiento. El Usuario reconoce expresamente que cualquier reclamaci\u00f3n deber\u00e1 interponerse directamente frente al Organizador.<\/p>\n<p>La realizaci\u00f3n de cualquier devoluci\u00f3n estar\u00e1 sujeta a las condiciones del Organizador y a lo dispuesto en la legislaci\u00f3n vigente, quedando en todo caso supeditada a disponer de la entrada oficial, completa, \u00edntegra y no manipulada ni da\u00f1ada.<\/p>\n<p>La devoluci\u00f3n del importe de la entrada en caso de suspensi\u00f3n, aplazamiento o modificaci\u00f3n, se iniciar\u00e1 y finalizar\u00e1 cuando lo indique el Organizador en la taquilla oficial de la empresa organizadora y conforme con las condiciones que se indican en el reverso de cada entrada oficial.<\/p>\n<p>S\u00ed el espect\u00e1culo se suspende una vez iniciado, por causas no imputables al Organizador o por mal tiempo, una vez salida la primera res al ruedo, el Usuario no tendr\u00e1 derecho a devoluci\u00f3n alguna.<\/p>\n<p>S\u00f3lo cuando el Organizador d\u00e9 orden expresa para la devoluci\u00f3n de las entradas, se podr\u00e1 proceder a la devoluci\u00f3n del importe de la entrada (no as\u00ed de los gastos de gesti\u00f3n). Dichas cancelaciones suelen producirse en casos como cancelaciones y cambios de fechas.<\/p>\n<p>MENORES DE EDAD \u00f3 PERSONAS CON DISCAPACIDAD<\/p>\n<p>No emitimos entradas para colectivos como menores de edad o personas con discapacidad, jubilados, o carn\u00e9 joven. Para ello debe dirigirse directamente a la <a href=\"https:\/\/lancesdefuturo.com\/plaza-de-toros-de-cordoba\/\">Taquilla del Organizador<\/a>.<\/p>\n<\/p>\n<p><strong>DERECHO DE ADMISI\u00d3N<\/strong><\/p>\n<p>El Organizador se reserva el derecho de admisi\u00f3n y podr\u00e1 registrar al p\u00fablico asistente en el acceso a la plaza de toros. No se permite la entrada con ning\u00fan objeto que se pueda considerar peligroso. Tampoco suele permitirse la entrada con comida y bebida.<\/p>\n<p>Es potestad de la Organizaci\u00f3n permitir la entrada en la corrida una vez haya comenzado la misma, as\u00ed como permitir la entrada y salida del recinto durante la misma.<\/p>\n<p>Toda reclamaci\u00f3n sobre la realizaci\u00f3n, suspensi\u00f3n, modificaci\u00f3n o anulaci\u00f3n del espect\u00e1culo deber\u00e1 dirigirse al Organizador, debiendo conservar el Usuario la entrada para su presentaci\u00f3n.<\/p>\n<p>Cualquier reclamaci\u00f3n efectuada por el Usuario se realizar\u00e1 directamente con el Organizador. Se recuerda al Usuario que la responsabilidad sobre el evento corresponder\u00e1 exclusivamente al Organizador.<\/p>\n<\/p>\n<p><strong>LEY APLICABLE Y JURISDICCI\u00d3N.<\/strong><\/p>\n<p>Estas Condiciones de Compra se rigen por la ley espa\u00f1ola. Las partes se someten para la resoluci\u00f3n de los conflictos y con renuncia a cualquier otro fuero, a los juzgados y tribunales del domicilio del Usuario seg\u00fan lo previsto en la legislaci\u00f3n vigente. Cuando los Usuarios tengan su domicilio fuera del territorio espa\u00f1ol se estar\u00e1 a lo que disponga la normativa legal aplicable en materia de jurisdicci\u00f3n competente, someti\u00e9ndose las partes en su defecto a los juzgados y tribunales de Madrid capital.<\/p>\n<\/p>\n<h3>PROTECCI\u00d3N DE DATOS<\/h3>\n<p>La informaci\u00f3n o datos personales que nos facilite ser\u00e1n tratados con arreglo a lo establecido en la <a href=\"https:\/\/www.toroshopping.com\/politica-de-privacidad\/\"><strong>Pol\u00edtica de Privacidad<\/strong><\/a>. Al hacer uso de esta p\u00e1gina web se consiente el tratamiento de dicha informaci\u00f3n y datos y se declara que toda la informaci\u00f3n o datos que nos facilite son veraces y se corresponden con la realidad.<\/p>\n<\/p>\n<h3>MODIFICACIONES<\/h3>\n<p>Le PROPRI\u00c9TAIRE se r\u00e9serve le droit d&rsquo;apporter des modifications inopin\u00e9es qu&rsquo;il juge opportunes sur le Web, de modifier, de supprimer ou d&rsquo;ajouter des contenus et des services fournis par ce biais, ainsi que la mani\u00e8re dont ils sont pr\u00e9sent\u00e9s ou localis\u00e9s.<br \/>Bien que le PROPRI\u00c9TAIRE s&rsquo;efforce de maintenir les informations actualis\u00e9es et exemptes d&rsquo;erreurs, les informations contenues sur le Web ne garantissent pas leur exactitude et leur mise \u00e0 jour. Tampoco est\u00e1 garantizada la obtenci\u00f3n de ning\u00fan resultado o fin concreto, por lo que el acceso y utilizaci\u00f3n de la Web, es de exclusiva responsabilidad de los usuarios y clientes.<\/p>\n<\/p>\n<h3>ACCIONES LEGALES<\/h3>\n<p>EL PROPIETARIO perseguir\u00e1 el incumplimiento de estas Condiciones de Uso, as\u00ed como cualquier utilizaci\u00f3n indebida de la Web o de sus contenidos, las infracciones de los derechos que le correspondan a ella o a sus licenciantes, especialmente los de Propiedad Intelectual e Industrial, ejercitando todas las acciones, civiles y penales, que le puedan corresponder en Derecho.<\/p>\n<\/p>\n<h3>RESOLUCION EXTRAJUDICIAL DE CONFLICTOS<\/h3>\n<p>En outre, en vertu de l&rsquo;article 14 du r\u00e8glement (UE) n\u00b0 524\/2013 relatif \u00e0 la r\u00e9solution des litiges de consommation, un lien direct vers la plateforme de r\u00e9solution des litiges en ligne est fourni :<br \/>https:\/\/ec.europa.eu\/consumers\/odr\/main\/index.cfm<\/p>\n<\/p>\n<h3>LEY APLICABLE Y JURISDICCI\u00d3N<\/h3>\n<p>Para cualquier controversia o conflicto que pudiera surgir, derivado de estos t\u00e9rminos o condiciones, resultar\u00e1 de aplicaci\u00f3n la Ley Espa\u00f1ola. La resoluci\u00f3n de los conflictos judiciales se someter\u00e1 a la competencia de los Juzgados y Tribunales del domicilio del usuario o cliente.<\/p>\n<\/p>\n<h3>SERVICIO DE ATENCI\u00d3N AL CLIENTE<\/h3>\n<\/p>\n<p>Puede contactar con nosotros a trav\u00e9s del chat de la p\u00e1gina web, o a trav\u00e9s de la siguiente direcci\u00f3n de correo electr\u00f3nico: info@plazadetoroscordoba.com<\/p>\n<p>Responderemos a la mayor brevedad posible a sus consultas.<\/p>\n<\/div><\/div><\/div><\/div><\/div><\/div><\/section>\n","protected":false},"excerpt":{"rendered":"Condiciones generales https:\/\/plazadetoroscordoba.com\/ (ci-apr\u00e8s, le site Web) est un site Web appartenant \u00e0 Toroshopping, S.L., ci-apr\u00e8s le propri\u00e9taire, avec CIF\/NIF n\u00ba : B92950146 et si\u00e8ge social \u00e0 : Centre Melior Vasari. Urbanizaci\u00f3n La Alzambra, 3, Local 1, C.P. 29660 &#8211; Marbella (M\u00e1laga). L&rsquo;acc\u00e8s, la reproduction et l&rsquo;utilisation des services du site Web requi\u00e8rent l&rsquo;acceptation pr\u00e9alable...","protected":false},"author":2,"featured_media":0,"parent":0,"menu_order":0,"comment_status":"closed","ping_status":"closed","template":"","meta":{"footnotes":""},"class_list":["post-3795","page","type-page","status-publish","hentry"],"yoast_head":"<!-- This site is optimized with the Yoast SEO plugin v27.4 - https:\/\/yoast.com\/product\/yoast-seo-wordpress\/ -->\n<title>Condiciones generales - Plaza Toros C\u00f3rdoba<\/title>\n<meta name=\"robots\" content=\"noindex, follow\" \/>\n<meta property=\"og:locale\" content=\"fr_FR\" \/>\n<meta property=\"og:type\" content=\"article\" \/>\n<meta property=\"og:title\" content=\"Condiciones generales - Plaza Toros C\u00f3rdoba\" \/>\n<meta property=\"og:url\" content=\"https:\/\/plazadetoroscordoba.com\/fr\/conditions-generales\/\" \/>\n<meta property=\"og:site_name\" content=\"Plaza Toros C\u00f3rdoba\" \/>\n<meta property=\"article:modified_time\" content=\"2026-04-16T12:15:10+00:00\" \/>\n<meta property=\"og:image\" content=\"https:\/\/plazadetoroscordoba.com\/wp-content\/uploads\/2024\/03\/Banner-web.webp\" \/>\n\t<meta property=\"og:image:width\" content=\"267\" \/>\n\t<meta property=\"og:image:height\" content=\"100\" \/>\n\t<meta property=\"og:image:type\" content=\"image\/webp\" \/>\n<meta name=\"twitter:card\" content=\"summary_large_image\" \/>\n<meta name=\"twitter:label1\" content=\"Dur\u00e9e de lecture estim\u00e9e\" \/>\n\t<meta name=\"twitter:data1\" content=\"11 minutes\" \/>\n<script type=\"application\/ld+json\" class=\"yoast-schema-graph\">{\"@context\":\"https:\\\/\\\/schema.org\",\"@graph\":[{\"@type\":\"WebPage\",\"@id\":\"https:\\\/\\\/plazadetoroscordoba.com\\\/fr\\\/conditions-generales\\\/\",\"url\":\"https:\\\/\\\/plazadetoroscordoba.com\\\/fr\\\/conditions-generales\\\/\",\"name\":\"Condiciones generales - Plaza Toros C\u00f3rdoba\",\"isPartOf\":{\"@id\":\"https:\\\/\\\/plazadetoroscordoba.com\\\/fr\\\/#website\"},\"datePublished\":\"2024-03-11T12:50:06+00:00\",\"dateModified\":\"2026-04-16T12:15:10+00:00\",\"breadcrumb\":{\"@id\":\"https:\\\/\\\/plazadetoroscordoba.com\\\/fr\\\/conditions-generales\\\/#breadcrumb\"},\"inLanguage\":\"fr-FR\",\"potentialAction\":[{\"@type\":\"ReadAction\",\"target\":[\"https:\\\/\\\/plazadetoroscordoba.com\\\/fr\\\/conditions-generales\\\/\"]}]},{\"@type\":\"BreadcrumbList\",\"@id\":\"https:\\\/\\\/plazadetoroscordoba.com\\\/fr\\\/conditions-generales\\\/#breadcrumb\",\"itemListElement\":[{\"@type\":\"ListItem\",\"position\":1,\"name\":\"Portada\",\"item\":\"https:\\\/\\\/plazadetoroscordoba.com\\\/fr\\\/\"},{\"@type\":\"ListItem\",\"position\":2,\"name\":\"Condiciones generales\"}]},{\"@type\":\"WebSite\",\"@id\":\"https:\\\/\\\/plazadetoroscordoba.com\\\/fr\\\/#website\",\"url\":\"https:\\\/\\\/plazadetoroscordoba.com\\\/fr\\\/\",\"name\":\"Plaza Toros C\u00f3rdoba\",\"description\":\"Venta de entradas a corridas de toros en C\u00f3rdoba\",\"publisher\":{\"@id\":\"https:\\\/\\\/plazadetoroscordoba.com\\\/fr\\\/#organization\"},\"alternateName\":\"Plaza de Toros de C\u00f3rdoba\",\"potentialAction\":[{\"@type\":\"SearchAction\",\"target\":{\"@type\":\"EntryPoint\",\"urlTemplate\":\"https:\\\/\\\/plazadetoroscordoba.com\\\/fr\\\/?s={search_term_string}\"},\"query-input\":{\"@type\":\"PropertyValueSpecification\",\"valueRequired\":true,\"valueName\":\"search_term_string\"}}],\"inLanguage\":\"fr-FR\"},{\"@type\":\"Organization\",\"@id\":\"https:\\\/\\\/plazadetoroscordoba.com\\\/fr\\\/#organization\",\"name\":\"Plaza Toros C\u00f3rdoba\",\"url\":\"https:\\\/\\\/plazadetoroscordoba.com\\\/fr\\\/\",\"logo\":{\"@type\":\"ImageObject\",\"inLanguage\":\"fr-FR\",\"@id\":\"https:\\\/\\\/plazadetoroscordoba.com\\\/fr\\\/#\\\/schema\\\/logo\\\/image\\\/\",\"url\":\"https:\\\/\\\/plazadetoroscordoba.com\\\/wp-content\\\/uploads\\\/2024\\\/03\\\/Banner-web.webp\",\"contentUrl\":\"https:\\\/\\\/plazadetoroscordoba.com\\\/wp-content\\\/uploads\\\/2024\\\/03\\\/Banner-web.webp\",\"width\":267,\"height\":100,\"caption\":\"Plaza Toros C\u00f3rdoba\"},\"image\":{\"@id\":\"https:\\\/\\\/plazadetoroscordoba.com\\\/fr\\\/#\\\/schema\\\/logo\\\/image\\\/\"}}]}<\/script>\n<!-- \/ Yoast SEO plugin. -->","yoast_head_json":{"title":"Condiciones generales - Plaza Toros C\u00f3rdoba","robots":{"index":"noindex","follow":"follow"},"og_locale":"fr_FR","og_type":"article","og_title":"Condiciones generales - Plaza Toros C\u00f3rdoba","og_url":"https:\/\/plazadetoroscordoba.com\/fr\/conditions-generales\/","og_site_name":"Plaza Toros C\u00f3rdoba","article_modified_time":"2026-04-16T12:15:10+00:00","og_image":[{"width":267,"height":100,"url":"https:\/\/plazadetoroscordoba.com\/wp-content\/uploads\/2024\/03\/Banner-web.webp","type":"image\/webp"}],"twitter_card":"summary_large_image","twitter_misc":{"Dur\u00e9e de lecture estim\u00e9e":"11 minutes"},"schema":{"@context":"https:\/\/schema.org","@graph":[{"@type":"WebPage","@id":"https:\/\/plazadetoroscordoba.com\/fr\/conditions-generales\/","url":"https:\/\/plazadetoroscordoba.com\/fr\/conditions-generales\/","name":"Condiciones generales - Plaza Toros C\u00f3rdoba","isPartOf":{"@id":"https:\/\/plazadetoroscordoba.com\/fr\/#website"},"datePublished":"2024-03-11T12:50:06+00:00","dateModified":"2026-04-16T12:15:10+00:00","breadcrumb":{"@id":"https:\/\/plazadetoroscordoba.com\/fr\/conditions-generales\/#breadcrumb"},"inLanguage":"fr-FR","potentialAction":[{"@type":"ReadAction","target":["https:\/\/plazadetoroscordoba.com\/fr\/conditions-generales\/"]}]},{"@type":"BreadcrumbList","@id":"https:\/\/plazadetoroscordoba.com\/fr\/conditions-generales\/#breadcrumb","itemListElement":[{"@type":"ListItem","position":1,"name":"Portada","item":"https:\/\/plazadetoroscordoba.com\/fr\/"},{"@type":"ListItem","position":2,"name":"Condiciones generales"}]},{"@type":"WebSite","@id":"https:\/\/plazadetoroscordoba.com\/fr\/#website","url":"https:\/\/plazadetoroscordoba.com\/fr\/","name":"Plaza Toros C\u00f3rdoba","description":"Venta de entradas a corridas de toros en C\u00f3rdoba","publisher":{"@id":"https:\/\/plazadetoroscordoba.com\/fr\/#organization"},"alternateName":"Plaza de Toros de C\u00f3rdoba","potentialAction":[{"@type":"SearchAction","target":{"@type":"EntryPoint","urlTemplate":"https:\/\/plazadetoroscordoba.com\/fr\/?s={search_term_string}"},"query-input":{"@type":"PropertyValueSpecification","valueRequired":true,"valueName":"search_term_string"}}],"inLanguage":"fr-FR"},{"@type":"Organization","@id":"https:\/\/plazadetoroscordoba.com\/fr\/#organization","name":"Plaza Toros C\u00f3rdoba","url":"https:\/\/plazadetoroscordoba.com\/fr\/","logo":{"@type":"ImageObject","inLanguage":"fr-FR","@id":"https:\/\/plazadetoroscordoba.com\/fr\/#\/schema\/logo\/image\/","url":"https:\/\/plazadetoroscordoba.com\/wp-content\/uploads\/2024\/03\/Banner-web.webp","contentUrl":"https:\/\/plazadetoroscordoba.com\/wp-content\/uploads\/2024\/03\/Banner-web.webp","width":267,"height":100,"caption":"Plaza Toros C\u00f3rdoba"},"image":{"@id":"https:\/\/plazadetoroscordoba.com\/fr\/#\/schema\/logo\/image\/"}}]}},"_links":{"self":[{"href":"https:\/\/plazadetoroscordoba.com\/fr\/wp-json\/wp\/v2\/pages\/3795","targetHints":{"allow":["GET"]}}],"collection":[{"href":"https:\/\/plazadetoroscordoba.com\/fr\/wp-json\/wp\/v2\/pages"}],"about":[{"href":"https:\/\/plazadetoroscordoba.com\/fr\/wp-json\/wp\/v2\/types\/page"}],"author":[{"embeddable":true,"href":"https:\/\/plazadetoroscordoba.com\/fr\/wp-json\/wp\/v2\/users\/2"}],"replies":[{"embeddable":true,"href":"https:\/\/plazadetoroscordoba.com\/fr\/wp-json\/wp\/v2\/comments?post=3795"}],"version-history":[{"count":4,"href":"https:\/\/plazadetoroscordoba.com\/fr\/wp-json\/wp\/v2\/pages\/3795\/revisions"}],"predecessor-version":[{"id":9150,"href":"https:\/\/plazadetoroscordoba.com\/fr\/wp-json\/wp\/v2\/pages\/3795\/revisions\/9150"}],"wp:attachment":[{"href":"https:\/\/plazadetoroscordoba.com\/fr\/wp-json\/wp\/v2\/media?parent=3795"}],"curies":[{"name":"wp","href":"https:\/\/api.w.org\/{rel}","templated":true}]}}