{"id":3814,"date":"2024-03-12T13:52:52","date_gmt":"2024-03-12T13:52:52","guid":{"rendered":"https:\/\/plazadetoroscordoba.com\/musee-taurin\/"},"modified":"2024-03-21T15:32:57","modified_gmt":"2024-03-21T15:32:57","slug":"musee-taurin","status":"publish","type":"page","link":"https:\/\/plazadetoroscordoba.com\/fr\/musee-taurin\/","title":{"rendered":"Mus\u00e9e taurin"},"content":{"rendered":"<section class=\"l-section wpb_row height_huge color_secondary with_img parallax_ver\"><div class=\"l-section-img\" role=\"img\" aria-label=\"interior del museo toros\" data-img-width=\"903\" data-img-height=\"600\" style=\"background-image: url(https:\/\/plazadetoroscordoba.com\/wp-content\/uploads\/2024\/03\/museo-taurino-de-cordoba.jpg);\"><\/div><div class=\"l-section-overlay\" style=\"background:linear-gradient(90deg,#000,rgba(0,0,0,0.00))\"><\/div><div class=\"l-section-h i-cf\"><div class=\"g-cols vc_row via_grid cols_1 laptops-cols_inherit tablets-cols_1 mobiles-cols_1 valign_top type_default reversed stacking_default\" style=\"--columns-gap:0rem;\"><div class=\"wpb_column vc_column_container us_custom_fd43344c\"><div class=\"vc_column-inner\"><h1 class=\"w-text us_custom_842faaf7\"><span class=\"w-text-h\"><span class=\"w-text-value\">Mus\u00e9e taurin de Cordoue<\/span><\/span><\/h1><div class=\"w-separator size_small\"><\/div><div class=\"w-text us_custom_c2f880d3 has_text_color\"><span class=\"w-text-h\"><span class=\"w-text-value\">Apprenez-en davantage sur la tauromachie comme jamais auparavant<\/span><\/span><\/div><\/div><\/div><\/div><\/div><\/section><section class=\"l-section wpb_row height_large\"><div class=\"l-section-h i-cf\"><div class=\"g-cols vc_row via_grid cols_1 laptops-cols_inherit tablets-cols_inherit mobiles-cols_1 valign_top type_default stacking_default\"><div class=\"wpb_column vc_column_container\"><div class=\"vc_column-inner\"><div class=\"wpb_text_column us_custom_2e9da019\"><div class=\"wpb_wrapper\"><h2 style=\"text-align: center;\">Qu&rsquo;allez-vous voir au mus\u00e9e ?<\/h2>\n<\/div><\/div><div class=\"w-separator size_huge\"><\/div><div class=\"g-cols wpb_row via_grid cols_2 laptops-cols_inherit tablets-cols_inherit mobiles-cols_1 valign_middle type_default reversed stacking_default\" style=\"--columns-gap:4vw;\"><div class=\"wpb_column vc_column_container\"><div class=\"vc_column-inner\"><div class=\"w-image has_ratio align_none\"><div class=\"w-image-h\"><div style=\"padding-bottom:75%\"><\/div><img decoding=\"async\" width=\"903\" height=\"600\" src=\"https:\/\/plazadetoroscordoba.com\/wp-content\/uploads\/2024\/03\/pinturas-y-esculturas.jpg\" class=\"attachment-large size-large\" alt=\"peintures et sculptures du mus\u00e9e taurin\" loading=\"lazy\" \/><\/div><\/div><\/div><\/div><div class=\"wpb_column vc_column_container\"><div class=\"vc_column-inner\"><div class=\"wpb_text_column us_custom_d98eb4eb\"><div class=\"wpb_wrapper\"><h3><strong>Art et costumes de lumi\u00e8res<\/strong><\/h3>\n<p>Dans le mus\u00e9e vous trouverez toutes sortes d&rsquo;objets taurins tels que : Des tableaux et portraits de matadors, des costumes de lumi\u00e8res, des capes et b\u00e9quilles, des sculptures et bien d&rsquo;autres surprises.<\/p>\n<p>D\u00e9couvrez quelques-uns des objets les plus c\u00e9l\u00e8bres du monde taurin !<\/p>\n<\/div><\/div><\/div><\/div><\/div><div class=\"w-separator size_large\"><\/div><div class=\"g-cols wpb_row via_grid cols_2 laptops-cols_inherit tablets-cols_inherit mobiles-cols_1 valign_middle type_default stacking_default\" style=\"--columns-gap:4vw;\"><div class=\"wpb_column vc_column_container\"><div class=\"vc_column-inner\"><div class=\"wpb_text_column us_custom_b818dcba\"><div class=\"wpb_wrapper\"><h3><strong>Architecture arabe<\/strong><\/h3>\n<p>Si le mus\u00e9e taurin de Cordoue se caract\u00e9rise par quelque chose, c&rsquo;est par sa conception arabe caract\u00e9ris\u00e9e par ses arcs, ses colonnes et sa d\u00e9coration mud\u00e9jare caract\u00e9ristiques de l&rsquo;\u00e9poque. Dans ses espaces et jardins, vous trouverez toutes sortes de salles d&rsquo;information o\u00f9 vous pourrez en apprendre davantage sur la tauromachie et sur l&rsquo;impact culturel et historique qu&rsquo;elle a eu sur la ville.<\/p>\n<\/div><\/div><\/div><\/div><div class=\"wpb_column vc_column_container\"><div class=\"vc_column-inner\"><div class=\"w-image has_ratio align_none\"><div class=\"w-image-h\"><div style=\"padding-bottom:75%\"><\/div><img decoding=\"async\" width=\"903\" height=\"600\" src=\"https:\/\/plazadetoroscordoba.com\/wp-content\/uploads\/2024\/03\/Museo-taurino.jpg\" class=\"attachment-large size-large\" alt=\"Mus\u00e9e taurin de Cordoue\" loading=\"lazy\" \/><\/div><\/div><\/div><\/div><\/div><div class=\"w-separator size_large\"><\/div><div class=\"g-cols wpb_row via_grid cols_2 laptops-cols_inherit tablets-cols_inherit mobiles-cols_1 valign_middle type_default reversed stacking_default\" style=\"--columns-gap:4vw;\"><div class=\"wpb_column vc_column_container\"><div class=\"vc_column-inner\"><div class=\"w-image has_ratio align_none\"><div class=\"w-image-h\"><div style=\"padding-bottom:75%\"><\/div><img decoding=\"async\" width=\"903\" height=\"600\" src=\"https:\/\/plazadetoroscordoba.com\/wp-content\/uploads\/2024\/03\/museo-interactivo.jpg\" class=\"attachment-large size-large\" alt=\"mus\u00e9e interactif de Cordoba\" loading=\"lazy\" \/><\/div><\/div><\/div><\/div><div class=\"wpb_column vc_column_container\"><div class=\"vc_column-inner\"><div class=\"wpb_text_column us_custom_b818dcba\"><div class=\"wpb_wrapper\"><h3><strong>Vid\u00e9os \u00e9ducatives<\/strong><\/h3>\n<p>Au cours de la visite, vous profiterez des diff\u00e9rents points interactifs dont dispose le mus\u00e9e : Projections et vid\u00e9os p\u00e9dagogiques sur l&rsquo;\u00e9levage des taureaux courageux, l&rsquo;art de la tauromachie, l&rsquo;histoire de la tauromachie, etc&#8230;<\/p>\n<\/div><\/div><\/div><\/div><\/div><\/div><\/div><\/div><\/div><\/section><section class=\"l-section wpb_row height_medium\"><div class=\"l-section-h i-cf\"><div class=\"g-cols vc_row via_grid cols_2 laptops-cols_inherit tablets-cols_inherit mobiles-cols_1 valign_middle type_default stacking_default\" style=\"--columns-gap:0rem;\"><div class=\"wpb_column vc_column_container us_custom_9033fdba has_bg_color\"><div class=\"vc_column-inner\"><div class=\"wpb_text_column\"><div class=\"wpb_wrapper\"><h2>Tour de la visite<\/h2>\n<p>Au cours de la visite, vous pourrez visiter \u00e0 la fois ses patios et jardins ainsi que les deux \u00e9tages du mus\u00e9e taurin. \u00c0 votre tour, vous aurez la possibilit\u00e9 d&rsquo;acheter un souvenir dans la boutique officielle du mus\u00e9e.<\/p>\n<\/div><\/div><\/div><\/div><div class=\"wpb_column vc_column_container us_custom_c70c97eb has_bg_color\"><div class=\"vc_column-inner\"><div class=\"w-image has_ratio align_none\"><div class=\"w-image-h\"><div style=\"padding-bottom:100%\"><\/div><img decoding=\"async\" width=\"575\" height=\"544\" src=\"https:\/\/plazadetoroscordoba.com\/wp-content\/uploads\/2024\/03\/recorrido-museo-taurino.gif\" class=\"attachment-large size-large\" alt=\"que voir au mus\u00e9e taurin de cordoba\" loading=\"lazy\" \/><\/div><\/div><\/div><\/div><\/div><\/div><\/section><section class=\"l-section wpb_row height_auto color_footer-bottom\"><div class=\"l-section-h i-cf\"><div class=\"g-cols vc_row via_grid cols_2 laptops-cols_inherit tablets-cols_1 mobiles-cols_1 valign_middle type_default stacking_default\" style=\"--columns-gap:0rem;\"><div class=\"wpb_column vc_column_container us_custom_97a72b25\"><div class=\"vc_column-inner\"><div class=\"w-separator size_small\"><\/div><div class=\"wpb_text_column\"><div class=\"wpb_wrapper\"><h2>Lieu et horaires<\/h2>\n<p><strong>Place Ma\u00efmonide s\/n<br \/>\n14004 C\u00f3rdoba<\/strong><\/p>\n<p>A 20 minutes \u00e0 pied des ar\u00e8nes de Cordoue.<\/p>\n<p>T. 957 201 056<br \/>\nmuseos@ayuncordoba.es<\/p>\n<\/div><\/div><div class=\"w-separator size_small\"><\/div><div class=\"wpb_text_column\"><div class=\"wpb_wrapper\"><p>Horaires d&rsquo;\u00e9t\u00e9 (du 15 juin au 15 septembre)<br \/>\nDu mardi au dimanche de 8h15 \u00e0 14h45<br \/>\nJours f\u00e9ri\u00e9s de 8h15 \u00e0 14h45<\/p>\n<p>Lundi, les centres resteront ferm\u00e9s.<\/p>\n<\/div><\/div><div class=\"w-separator size_small\"><\/div><\/div><\/div><div class=\"wpb_column vc_column_container stretched\"><div class=\"vc_column-inner\"><div class=\"w-html\"><iframe title=\"emplacement mus\u00e9e taurin de cordoue\" src=\"https:\/\/www.google.com\/maps\/embed?pb=!1m18!1m12!1m3!1d3149.1832148711237!2d-4.7828447!3d37.8793978!2m3!1f0!2f0!3f0!3m2!1i1024!2i768!4f13.1!3m3!1m2!1s0xd6d209db1a3e1b1:0xbe7b8ddcf38e4622!2sMuseo Taurino Municipal de C\u00f3rdoba!5e0!3m2!1ses!2ses!4v1710255743459!5m2!1ses!2ses\" width=\"800\" height=\"600\" style=\"border:0;\" allowfullscreen=\"\" loading=\"lazy\" referrerpolicy=\"no-referrer-when-downgrade\"><\/iframe><\/div><\/div><\/div><\/div><\/div><\/section>\n","protected":false},"excerpt":{"rendered":"Mus\u00e9e taurin de CordoueApprenez-en davantage sur la tauromachie comme jamais auparavantQu&rsquo;allez-vous voir au mus\u00e9e ? Art et costumes de lumi\u00e8res Dans le mus\u00e9e vous trouverez toutes sortes d&rsquo;objets taurins tels que : Des tableaux et portraits de matadors, des costumes de lumi\u00e8res, des capes et b\u00e9quilles, des sculptures et bien d&rsquo;autres surprises. D\u00e9couvrez quelques-uns des...","protected":false},"author":2,"featured_media":0,"parent":0,"menu_order":0,"comment_status":"closed","ping_status":"closed","template":"","meta":{"footnotes":""},"class_list":["post-3814","page","type-page","status-publish","hentry"],"yoast_head":"<!-- This site is optimized with the Yoast SEO plugin v27.4 - https:\/\/yoast.com\/product\/yoast-seo-wordpress\/ -->\n<title>\u25b7 Mus\u00e9e taurin de Cordoue | Billets et services<\/title>\n<meta name=\"description\" content=\"Visitez le c\u00e9l\u00e8bre mus\u00e9e taurin de Cordoue et d\u00e9couvrez la tauromachie. Comprend des vid\u00e9os virtuelles, de l&#039;art taurin et bien plus encore\" \/>\n<meta name=\"robots\" content=\"index, follow, max-snippet:-1, max-image-preview:large, max-video-preview:-1\" \/>\n<link rel=\"canonical\" href=\"https:\/\/plazadetoroscordoba.com\/fr\/musee-taurin\/\" \/>\n<meta property=\"og:locale\" content=\"fr_FR\" \/>\n<meta property=\"og:type\" content=\"article\" \/>\n<meta property=\"og:title\" content=\"\u25b7 Mus\u00e9e taurin de Cordoue | Billets et services\" \/>\n<meta property=\"og:description\" content=\"Visitez le c\u00e9l\u00e8bre mus\u00e9e taurin de Cordoue et d\u00e9couvrez la tauromachie. Comprend des vid\u00e9os virtuelles, de l&#039;art taurin et bien plus encore\" \/>\n<meta property=\"og:url\" content=\"https:\/\/plazadetoroscordoba.com\/fr\/musee-taurin\/\" \/>\n<meta property=\"og:site_name\" content=\"Plaza Toros C\u00f3rdoba\" \/>\n<meta property=\"article:modified_time\" content=\"2024-03-21T15:32:57+00:00\" \/>\n<meta property=\"og:image\" content=\"https:\/\/plazadetoroscordoba.com\/wp-content\/uploads\/2024\/03\/Banner-web.webp\" \/>\n\t<meta property=\"og:image:width\" content=\"267\" \/>\n\t<meta property=\"og:image:height\" content=\"100\" \/>\n\t<meta property=\"og:image:type\" content=\"image\/webp\" \/>\n<meta name=\"twitter:card\" content=\"summary_large_image\" \/>\n<meta name=\"twitter:label1\" content=\"Dur\u00e9e de lecture estim\u00e9e\" \/>\n\t<meta name=\"twitter:data1\" content=\"2 minutes\" \/>\n<script type=\"application\/ld+json\" class=\"yoast-schema-graph\">{\"@context\":\"https:\\\/\\\/schema.org\",\"@graph\":[{\"@type\":\"WebPage\",\"@id\":\"https:\\\/\\\/plazadetoroscordoba.com\\\/fr\\\/musee-taurin\\\/\",\"url\":\"https:\\\/\\\/plazadetoroscordoba.com\\\/fr\\\/musee-taurin\\\/\",\"name\":\"\u25b7 Mus\u00e9e taurin de Cordoue | Billets et services\",\"isPartOf\":{\"@id\":\"https:\\\/\\\/plazadetoroscordoba.com\\\/fr\\\/#website\"},\"datePublished\":\"2024-03-12T13:52:52+00:00\",\"dateModified\":\"2024-03-21T15:32:57+00:00\",\"description\":\"Visitez le c\u00e9l\u00e8bre mus\u00e9e taurin de Cordoue et d\u00e9couvrez la tauromachie. Comprend des vid\u00e9os virtuelles, de l'art taurin et bien plus encore\",\"breadcrumb\":{\"@id\":\"https:\\\/\\\/plazadetoroscordoba.com\\\/fr\\\/musee-taurin\\\/#breadcrumb\"},\"inLanguage\":\"fr-FR\",\"potentialAction\":[{\"@type\":\"ReadAction\",\"target\":[\"https:\\\/\\\/plazadetoroscordoba.com\\\/fr\\\/musee-taurin\\\/\"]}]},{\"@type\":\"BreadcrumbList\",\"@id\":\"https:\\\/\\\/plazadetoroscordoba.com\\\/fr\\\/musee-taurin\\\/#breadcrumb\",\"itemListElement\":[{\"@type\":\"ListItem\",\"position\":1,\"name\":\"Portada\",\"item\":\"https:\\\/\\\/plazadetoroscordoba.com\\\/fr\\\/\"},{\"@type\":\"ListItem\",\"position\":2,\"name\":\"Mus\u00e9e taurin\"}]},{\"@type\":\"WebSite\",\"@id\":\"https:\\\/\\\/plazadetoroscordoba.com\\\/fr\\\/#website\",\"url\":\"https:\\\/\\\/plazadetoroscordoba.com\\\/fr\\\/\",\"name\":\"Plaza Toros C\u00f3rdoba\",\"description\":\"Venta de entradas a corridas de toros en C\u00f3rdoba\",\"publisher\":{\"@id\":\"https:\\\/\\\/plazadetoroscordoba.com\\\/fr\\\/#organization\"},\"alternateName\":\"Plaza de Toros de C\u00f3rdoba\",\"potentialAction\":[{\"@type\":\"SearchAction\",\"target\":{\"@type\":\"EntryPoint\",\"urlTemplate\":\"https:\\\/\\\/plazadetoroscordoba.com\\\/fr\\\/?s={search_term_string}\"},\"query-input\":{\"@type\":\"PropertyValueSpecification\",\"valueRequired\":true,\"valueName\":\"search_term_string\"}}],\"inLanguage\":\"fr-FR\"},{\"@type\":\"Organization\",\"@id\":\"https:\\\/\\\/plazadetoroscordoba.com\\\/fr\\\/#organization\",\"name\":\"Plaza Toros C\u00f3rdoba\",\"url\":\"https:\\\/\\\/plazadetoroscordoba.com\\\/fr\\\/\",\"logo\":{\"@type\":\"ImageObject\",\"inLanguage\":\"fr-FR\",\"@id\":\"https:\\\/\\\/plazadetoroscordoba.com\\\/fr\\\/#\\\/schema\\\/logo\\\/image\\\/\",\"url\":\"https:\\\/\\\/plazadetoroscordoba.com\\\/wp-content\\\/uploads\\\/2024\\\/03\\\/Banner-web.webp\",\"contentUrl\":\"https:\\\/\\\/plazadetoroscordoba.com\\\/wp-content\\\/uploads\\\/2024\\\/03\\\/Banner-web.webp\",\"width\":267,\"height\":100,\"caption\":\"Plaza Toros C\u00f3rdoba\"},\"image\":{\"@id\":\"https:\\\/\\\/plazadetoroscordoba.com\\\/fr\\\/#\\\/schema\\\/logo\\\/image\\\/\"}}]}<\/script>\n<!-- \/ Yoast SEO plugin. -->","yoast_head_json":{"title":"\u25b7 Mus\u00e9e taurin de Cordoue | Billets et services","description":"Visitez le c\u00e9l\u00e8bre mus\u00e9e taurin de Cordoue et d\u00e9couvrez la tauromachie. Comprend des vid\u00e9os virtuelles, de l'art taurin et bien plus encore","robots":{"index":"index","follow":"follow","max-snippet":"max-snippet:-1","max-image-preview":"max-image-preview:large","max-video-preview":"max-video-preview:-1"},"canonical":"https:\/\/plazadetoroscordoba.com\/fr\/musee-taurin\/","og_locale":"fr_FR","og_type":"article","og_title":"\u25b7 Mus\u00e9e taurin de Cordoue | Billets et services","og_description":"Visitez le c\u00e9l\u00e8bre mus\u00e9e taurin de Cordoue et d\u00e9couvrez la tauromachie. Comprend des vid\u00e9os virtuelles, de l'art taurin et bien plus encore","og_url":"https:\/\/plazadetoroscordoba.com\/fr\/musee-taurin\/","og_site_name":"Plaza Toros C\u00f3rdoba","article_modified_time":"2024-03-21T15:32:57+00:00","og_image":[{"width":267,"height":100,"url":"https:\/\/plazadetoroscordoba.com\/wp-content\/uploads\/2024\/03\/Banner-web.webp","type":"image\/webp"}],"twitter_card":"summary_large_image","twitter_misc":{"Dur\u00e9e de lecture estim\u00e9e":"2 minutes"},"schema":{"@context":"https:\/\/schema.org","@graph":[{"@type":"WebPage","@id":"https:\/\/plazadetoroscordoba.com\/fr\/musee-taurin\/","url":"https:\/\/plazadetoroscordoba.com\/fr\/musee-taurin\/","name":"\u25b7 Mus\u00e9e taurin de Cordoue | Billets et services","isPartOf":{"@id":"https:\/\/plazadetoroscordoba.com\/fr\/#website"},"datePublished":"2024-03-12T13:52:52+00:00","dateModified":"2024-03-21T15:32:57+00:00","description":"Visitez le c\u00e9l\u00e8bre mus\u00e9e taurin de Cordoue et d\u00e9couvrez la tauromachie. Comprend des vid\u00e9os virtuelles, de l'art taurin et bien plus encore","breadcrumb":{"@id":"https:\/\/plazadetoroscordoba.com\/fr\/musee-taurin\/#breadcrumb"},"inLanguage":"fr-FR","potentialAction":[{"@type":"ReadAction","target":["https:\/\/plazadetoroscordoba.com\/fr\/musee-taurin\/"]}]},{"@type":"BreadcrumbList","@id":"https:\/\/plazadetoroscordoba.com\/fr\/musee-taurin\/#breadcrumb","itemListElement":[{"@type":"ListItem","position":1,"name":"Portada","item":"https:\/\/plazadetoroscordoba.com\/fr\/"},{"@type":"ListItem","position":2,"name":"Mus\u00e9e taurin"}]},{"@type":"WebSite","@id":"https:\/\/plazadetoroscordoba.com\/fr\/#website","url":"https:\/\/plazadetoroscordoba.com\/fr\/","name":"Plaza Toros C\u00f3rdoba","description":"Venta de entradas a corridas de toros en C\u00f3rdoba","publisher":{"@id":"https:\/\/plazadetoroscordoba.com\/fr\/#organization"},"alternateName":"Plaza de Toros de C\u00f3rdoba","potentialAction":[{"@type":"SearchAction","target":{"@type":"EntryPoint","urlTemplate":"https:\/\/plazadetoroscordoba.com\/fr\/?s={search_term_string}"},"query-input":{"@type":"PropertyValueSpecification","valueRequired":true,"valueName":"search_term_string"}}],"inLanguage":"fr-FR"},{"@type":"Organization","@id":"https:\/\/plazadetoroscordoba.com\/fr\/#organization","name":"Plaza Toros C\u00f3rdoba","url":"https:\/\/plazadetoroscordoba.com\/fr\/","logo":{"@type":"ImageObject","inLanguage":"fr-FR","@id":"https:\/\/plazadetoroscordoba.com\/fr\/#\/schema\/logo\/image\/","url":"https:\/\/plazadetoroscordoba.com\/wp-content\/uploads\/2024\/03\/Banner-web.webp","contentUrl":"https:\/\/plazadetoroscordoba.com\/wp-content\/uploads\/2024\/03\/Banner-web.webp","width":267,"height":100,"caption":"Plaza Toros C\u00f3rdoba"},"image":{"@id":"https:\/\/plazadetoroscordoba.com\/fr\/#\/schema\/logo\/image\/"}}]}},"_links":{"self":[{"href":"https:\/\/plazadetoroscordoba.com\/fr\/wp-json\/wp\/v2\/pages\/3814","targetHints":{"allow":["GET"]}}],"collection":[{"href":"https:\/\/plazadetoroscordoba.com\/fr\/wp-json\/wp\/v2\/pages"}],"about":[{"href":"https:\/\/plazadetoroscordoba.com\/fr\/wp-json\/wp\/v2\/types\/page"}],"author":[{"embeddable":true,"href":"https:\/\/plazadetoroscordoba.com\/fr\/wp-json\/wp\/v2\/users\/2"}],"replies":[{"embeddable":true,"href":"https:\/\/plazadetoroscordoba.com\/fr\/wp-json\/wp\/v2\/comments?post=3814"}],"version-history":[{"count":4,"href":"https:\/\/plazadetoroscordoba.com\/fr\/wp-json\/wp\/v2\/pages\/3814\/revisions"}],"predecessor-version":[{"id":3818,"href":"https:\/\/plazadetoroscordoba.com\/fr\/wp-json\/wp\/v2\/pages\/3814\/revisions\/3818"}],"wp:attachment":[{"href":"https:\/\/plazadetoroscordoba.com\/fr\/wp-json\/wp\/v2\/media?parent=3814"}],"curies":[{"name":"wp","href":"https:\/\/api.w.org\/{rel}","templated":true}]}}