{"id":7078,"date":"2025-03-13T09:40:11","date_gmt":"2025-03-13T08:40:11","guid":{"rendered":"https:\/\/plazadetoroscordoba.com\/producto\/boites-vip\/"},"modified":"2026-04-29T15:49:42","modified_gmt":"2026-04-29T13:49:42","slug":"boites-vip","status":"publish","type":"product","link":"https:\/\/plazadetoroscordoba.com\/fr\/producto\/boites-vip\/","title":{"rendered":"Bo\u00eetes VIP"},"content":{"rendered":"<section class=\"l-section wpb_row height_medium\"><div class=\"l-section-h i-cf\"><div class=\"g-cols vc_row via_grid cols_2 laptops-cols_inherit tablets-cols_inherit mobiles-cols_1 valign_top type_default stacking_default\"><div class=\"wpb_column vc_column_container\"><div class=\"vc_column-inner\"><div class=\"wpb_text_column\"><div class=\"wpb_wrapper\"><h2>Affiche sur la tauromachie<\/h2>\n<p>Choisissez le jour qui vous convient le mieux et venez profiter des meilleures corridas.<\/p>\n\n<table id=\"tablepress-1\" class=\"tablepress tablepress-id-1\">\n<thead>\n<tr class=\"row-1\">\n\t<th class=\"column-1\">Evento taurino<\/th><th class=\"column-2\">D\u00eda<\/th><th class=\"column-3\">Toreros que participan<\/th>\n<\/tr>\n<\/thead>\n<tbody class=\"row-striping row-hover\">\n<tr class=\"row-2\">\n\t<td class=\"column-1\">Clases pr\u00e1cticas<\/td><td class=\"column-2\">15 Mayo<\/td><td class=\"column-3\">Escuela taurina<\/td>\n<\/tr>\n<tr class=\"row-3\">\n\t<td class=\"column-1\">Novillada<\/td><td class=\"column-2\">16 mayo<\/td><td class=\"column-3\">Emiliano Osornio, Julio Norte y Manuel Quintana.<\/td>\n<\/tr>\n<tr class=\"row-4\">\n\t<td class=\"column-1\">Corrida de toros<\/td><td class=\"column-2\">17 Mayo<\/td><td class=\"column-3\">Daniel Luque, David de Miranda y Manuel Rom\u00e1n<\/td>\n<\/tr>\n<tr class=\"row-5\">\n\t<td class=\"column-1\">Corrida de toros<\/td><td class=\"column-2\">22 Mayo<\/td><td class=\"column-3\">Borja Jim\u00e9nez, V\u00edctor Hern\u00e1ndez y Marco P\u00e9rez<\/td>\n<\/tr>\n<tr class=\"row-6\">\n\t<td class=\"column-1\">Corrida de rejones<\/td><td class=\"column-2\">23 Mayo<\/td><td class=\"column-3\">Sergio Gal\u00e1n, Lea Vicens y Sebasti\u00e1n Fern\u00e1ndez<\/td>\n<\/tr>\n<tr class=\"row-7\">\n\t<td class=\"column-1\">Corrida de toros<\/td><td class=\"column-2\">24 Mayo<\/td><td class=\"column-3\">Jos\u00e9 Mar\u00eda Manzanares, Juan Ortega y Pablo Aguado.<\/td>\n<\/tr>\n<\/tbody>\n<\/table>\n<!-- #tablepress-1 from cache -->\n<h2>Exp\u00e9rience incluse<\/h2>\n<p>En plus des places pour la corrida, vos billets incluent une exp\u00e9rience unique pour vous et vos invit\u00e9s :<\/p>\n<ul>\n<li><strong>Entr\u00e9e sans file d&rsquo;attente par une porte sp\u00e9ciale<\/strong><\/li>\n<li><strong>Service de serveur  <\/strong><\/li>\n<\/ul>\n<h3>Restauration haut de gamme<\/h3>\n<ul>\n<li>Nourriture et boissons de qualit\u00e9 sup\u00e9rieure illimit\u00e9es<\/li>\n<li>Entr\u00e9es chaudes<\/li>\n<li>Saucisses et fromages de qualit\u00e9<\/li>\n<li>S\u00e9lection de pinchos<\/li>\n<\/ul>\n<\/div><\/div><\/div><\/div><div class=\"wpb_column vc_column_container type_sticky\"><div class=\"vc_column-inner\"><div class=\"w-vwrapper align_none valign_top us_custom_3f2a09fa has_text_color\" style=\"--vwrapper-gap:0.7rem\"><div class=\"wpb_text_column\"><div class=\"wpb_wrapper\"><h3 style=\"text-align: left;\">Avez-vous des doutes ?<\/h3>\n<p style=\"text-align: left;\">Notre \u00e9quipe de service client\u00e8le est \u00e0 votre disposition pour r\u00e9pondre \u00e0 toutes vos questions :<\/p>\n<\/div><\/div><div class=\"w-iconbox iconpos_left style_default color_primary align_left\"><div class=\"w-iconbox-icon\" style=\"font-size:2rem;\"><i class=\"fas fa-phone\"><\/i><\/div><div class=\"w-iconbox-meta\"><h4 class=\"w-iconbox-title\">Contact<\/h4><div class=\"w-iconbox-text\"><div class=\"wpb_column vc_column_container\">\n<div class=\"vc_column-inner\">\n<div class=\"w-iconbox iconpos_left style_default color_contrast align_left no_text\">\n<div class=\"w-iconbox-meta\">\n<div class=\"w-iconbox-title\">+34 675 247 690<\/div>\n<\/div>\n<\/div>\n<\/div>\n<\/div>\n<\/div><\/div><\/div><\/div><\/div><\/div><\/div><\/div><\/section>\n","protected":false},"excerpt":{"rendered":"<p><strong>Inclus dans votre bo\u00eete :<\/strong><\/p>\n<ul>\n<li>Jusqu&rsquo;\u00e0 10 places dans le box 1 ou 2<\/li>\n<li>Traiteur avec charcuterie ib\u00e9rique et tapas<\/li>\n<li>Boissons premium et boissons non alcoolis\u00e9es \u00e0 volont\u00e9.<\/li>\n<li>Acc\u00e8s Premium sans file d&rsquo;attente<\/li>\n<li>Service exclusif de serveurs et de serveuses par bo\u00eete<\/li>\n<\/ul>\n","protected":false},"featured_media":7076,"comment_status":"open","ping_status":"closed","template":"","meta":[],"product_brand":[],"product_cat":[98],"product_tag":[],"class_list":{"0":"post-7078","1":"product","2":"type-product","3":"status-publish","4":"has-post-thumbnail","6":"product_cat-boites-vip","8":"first","9":"instock","10":"taxable","11":"shipping-taxable","12":"purchasable","13":"product-type-variable"},"yoast_head":"<!-- This site is optimized with the Yoast SEO plugin v27.5 - https:\/\/yoast.com\/product\/yoast-seo-wordpress\/ -->\n<title>Bo\u00eetes VIP Plaza de Toros de C\u00f3rdoba : Achetez vos billets<\/title>\n<meta name=\"description\" content=\"Vente de billets pour les loges VIP des ar\u00e8nes de Cordoue. Vivez la tauromachie comme jamais auparavant [Billets disponibles].\" \/>\n<meta name=\"robots\" content=\"index, follow, max-snippet:-1, max-image-preview:large, max-video-preview:-1\" \/>\n<link rel=\"canonical\" href=\"https:\/\/plazadetoroscordoba.com\/fr\/producto\/boites-vip\/\" \/>\n<meta property=\"og:locale\" content=\"fr_FR\" \/>\n<meta property=\"og:type\" content=\"article\" \/>\n<meta property=\"og:title\" content=\"Bo\u00eetes VIP Plaza de Toros de C\u00f3rdoba : Achetez vos billets\" \/>\n<meta property=\"og:description\" content=\"Vente de billets pour les loges VIP des ar\u00e8nes de Cordoue. Vivez la tauromachie comme jamais auparavant [Billets disponibles].\" \/>\n<meta property=\"og:url\" content=\"https:\/\/plazadetoroscordoba.com\/fr\/producto\/boites-vip\/\" \/>\n<meta property=\"og:site_name\" content=\"Plaza Toros C\u00f3rdoba\" \/>\n<meta property=\"article:modified_time\" content=\"2026-04-29T13:49:42+00:00\" \/>\n<meta property=\"og:image\" content=\"https:\/\/plazadetoroscordoba.com\/wp-content\/uploads\/2025\/03\/Palcos-vip-1.webp\" \/>\n\t<meta property=\"og:image:width\" content=\"800\" \/>\n\t<meta property=\"og:image:height\" content=\"800\" \/>\n\t<meta property=\"og:image:type\" content=\"image\/webp\" \/>\n<meta name=\"twitter:card\" content=\"summary_large_image\" \/>\n<meta name=\"twitter:label1\" content=\"Dur\u00e9e de lecture estim\u00e9e\" \/>\n\t<meta name=\"twitter:data1\" content=\"1 minute\" \/>\n<script type=\"application\/ld+json\" class=\"yoast-schema-graph\">{\"@context\":\"https:\\\/\\\/schema.org\",\"@graph\":[{\"@type\":\"WebPage\",\"@id\":\"https:\\\/\\\/plazadetoroscordoba.com\\\/fr\\\/producto\\\/boites-vip\\\/\",\"url\":\"https:\\\/\\\/plazadetoroscordoba.com\\\/fr\\\/producto\\\/boites-vip\\\/\",\"name\":\"Bo\u00eetes VIP Plaza de Toros de C\u00f3rdoba : Achetez vos billets\",\"isPartOf\":{\"@id\":\"https:\\\/\\\/plazadetoroscordoba.com\\\/fr\\\/#website\"},\"primaryImageOfPage\":{\"@id\":\"https:\\\/\\\/plazadetoroscordoba.com\\\/fr\\\/producto\\\/boites-vip\\\/#primaryimage\"},\"image\":{\"@id\":\"https:\\\/\\\/plazadetoroscordoba.com\\\/fr\\\/producto\\\/boites-vip\\\/#primaryimage\"},\"thumbnailUrl\":\"https:\\\/\\\/plazadetoroscordoba.com\\\/wp-content\\\/uploads\\\/2025\\\/03\\\/Palcos-vip-1.webp\",\"datePublished\":\"2025-03-13T08:40:11+00:00\",\"dateModified\":\"2026-04-29T13:49:42+00:00\",\"description\":\"Vente de billets pour les loges VIP des ar\u00e8nes de Cordoue. Vivez la tauromachie comme jamais auparavant [Billets disponibles].\",\"breadcrumb\":{\"@id\":\"https:\\\/\\\/plazadetoroscordoba.com\\\/fr\\\/producto\\\/boites-vip\\\/#breadcrumb\"},\"inLanguage\":\"fr-FR\",\"potentialAction\":[{\"@type\":\"ReadAction\",\"target\":[\"https:\\\/\\\/plazadetoroscordoba.com\\\/fr\\\/producto\\\/boites-vip\\\/\"]}]},{\"@type\":\"ImageObject\",\"inLanguage\":\"fr-FR\",\"@id\":\"https:\\\/\\\/plazadetoroscordoba.com\\\/fr\\\/producto\\\/boites-vip\\\/#primaryimage\",\"url\":\"https:\\\/\\\/plazadetoroscordoba.com\\\/wp-content\\\/uploads\\\/2025\\\/03\\\/Palcos-vip-1.webp\",\"contentUrl\":\"https:\\\/\\\/plazadetoroscordoba.com\\\/wp-content\\\/uploads\\\/2025\\\/03\\\/Palcos-vip-1.webp\",\"width\":800,\"height\":800},{\"@type\":\"BreadcrumbList\",\"@id\":\"https:\\\/\\\/plazadetoroscordoba.com\\\/fr\\\/producto\\\/boites-vip\\\/#breadcrumb\",\"itemListElement\":[{\"@type\":\"ListItem\",\"position\":1,\"name\":\"Portada\",\"item\":\"https:\\\/\\\/plazadetoroscordoba.com\\\/fr\\\/\"},{\"@type\":\"ListItem\",\"position\":2,\"name\":\"Boutique\",\"item\":\"https:\\\/\\\/plazadetoroscordoba.com\\\/fr\\\/boutique\\\/\"},{\"@type\":\"ListItem\",\"position\":3,\"name\":\"Bo\u00eetes VIP\"}]},{\"@type\":\"WebSite\",\"@id\":\"https:\\\/\\\/plazadetoroscordoba.com\\\/fr\\\/#website\",\"url\":\"https:\\\/\\\/plazadetoroscordoba.com\\\/fr\\\/\",\"name\":\"Plaza Toros C\u00f3rdoba\",\"description\":\"Venta de entradas a corridas de toros en C\u00f3rdoba\",\"publisher\":{\"@id\":\"https:\\\/\\\/plazadetoroscordoba.com\\\/fr\\\/#organization\"},\"alternateName\":\"Plaza de Toros de C\u00f3rdoba\",\"potentialAction\":[{\"@type\":\"SearchAction\",\"target\":{\"@type\":\"EntryPoint\",\"urlTemplate\":\"https:\\\/\\\/plazadetoroscordoba.com\\\/fr\\\/?s={search_term_string}\"},\"query-input\":{\"@type\":\"PropertyValueSpecification\",\"valueRequired\":true,\"valueName\":\"search_term_string\"}}],\"inLanguage\":\"fr-FR\"},{\"@type\":\"Organization\",\"@id\":\"https:\\\/\\\/plazadetoroscordoba.com\\\/fr\\\/#organization\",\"name\":\"Plaza Toros C\u00f3rdoba\",\"url\":\"https:\\\/\\\/plazadetoroscordoba.com\\\/fr\\\/\",\"logo\":{\"@type\":\"ImageObject\",\"inLanguage\":\"fr-FR\",\"@id\":\"https:\\\/\\\/plazadetoroscordoba.com\\\/fr\\\/#\\\/schema\\\/logo\\\/image\\\/\",\"url\":\"https:\\\/\\\/plazadetoroscordoba.com\\\/wp-content\\\/uploads\\\/2024\\\/03\\\/Banner-web.webp\",\"contentUrl\":\"https:\\\/\\\/plazadetoroscordoba.com\\\/wp-content\\\/uploads\\\/2024\\\/03\\\/Banner-web.webp\",\"width\":267,\"height\":100,\"caption\":\"Plaza Toros C\u00f3rdoba\"},\"image\":{\"@id\":\"https:\\\/\\\/plazadetoroscordoba.com\\\/fr\\\/#\\\/schema\\\/logo\\\/image\\\/\"}}]}<\/script>\n<!-- \/ Yoast SEO plugin. -->","yoast_head_json":{"title":"Bo\u00eetes VIP Plaza de Toros de C\u00f3rdoba : Achetez vos billets","description":"Vente de billets pour les loges VIP des ar\u00e8nes de Cordoue. Vivez la tauromachie comme jamais auparavant [Billets disponibles].","robots":{"index":"index","follow":"follow","max-snippet":"max-snippet:-1","max-image-preview":"max-image-preview:large","max-video-preview":"max-video-preview:-1"},"canonical":"https:\/\/plazadetoroscordoba.com\/fr\/producto\/boites-vip\/","og_locale":"fr_FR","og_type":"article","og_title":"Bo\u00eetes VIP Plaza de Toros de C\u00f3rdoba : Achetez vos billets","og_description":"Vente de billets pour les loges VIP des ar\u00e8nes de Cordoue. Vivez la tauromachie comme jamais auparavant [Billets disponibles].","og_url":"https:\/\/plazadetoroscordoba.com\/fr\/producto\/boites-vip\/","og_site_name":"Plaza Toros C\u00f3rdoba","article_modified_time":"2026-04-29T13:49:42+00:00","og_image":[{"width":800,"height":800,"url":"https:\/\/plazadetoroscordoba.com\/wp-content\/uploads\/2025\/03\/Palcos-vip-1.webp","type":"image\/webp"}],"twitter_card":"summary_large_image","twitter_misc":{"Dur\u00e9e de lecture estim\u00e9e":"1 minute"},"schema":{"@context":"https:\/\/schema.org","@graph":[{"@type":"WebPage","@id":"https:\/\/plazadetoroscordoba.com\/fr\/producto\/boites-vip\/","url":"https:\/\/plazadetoroscordoba.com\/fr\/producto\/boites-vip\/","name":"Bo\u00eetes VIP Plaza de Toros de C\u00f3rdoba : Achetez vos billets","isPartOf":{"@id":"https:\/\/plazadetoroscordoba.com\/fr\/#website"},"primaryImageOfPage":{"@id":"https:\/\/plazadetoroscordoba.com\/fr\/producto\/boites-vip\/#primaryimage"},"image":{"@id":"https:\/\/plazadetoroscordoba.com\/fr\/producto\/boites-vip\/#primaryimage"},"thumbnailUrl":"https:\/\/plazadetoroscordoba.com\/wp-content\/uploads\/2025\/03\/Palcos-vip-1.webp","datePublished":"2025-03-13T08:40:11+00:00","dateModified":"2026-04-29T13:49:42+00:00","description":"Vente de billets pour les loges VIP des ar\u00e8nes de Cordoue. Vivez la tauromachie comme jamais auparavant [Billets disponibles].","breadcrumb":{"@id":"https:\/\/plazadetoroscordoba.com\/fr\/producto\/boites-vip\/#breadcrumb"},"inLanguage":"fr-FR","potentialAction":[{"@type":"ReadAction","target":["https:\/\/plazadetoroscordoba.com\/fr\/producto\/boites-vip\/"]}]},{"@type":"ImageObject","inLanguage":"fr-FR","@id":"https:\/\/plazadetoroscordoba.com\/fr\/producto\/boites-vip\/#primaryimage","url":"https:\/\/plazadetoroscordoba.com\/wp-content\/uploads\/2025\/03\/Palcos-vip-1.webp","contentUrl":"https:\/\/plazadetoroscordoba.com\/wp-content\/uploads\/2025\/03\/Palcos-vip-1.webp","width":800,"height":800},{"@type":"BreadcrumbList","@id":"https:\/\/plazadetoroscordoba.com\/fr\/producto\/boites-vip\/#breadcrumb","itemListElement":[{"@type":"ListItem","position":1,"name":"Portada","item":"https:\/\/plazadetoroscordoba.com\/fr\/"},{"@type":"ListItem","position":2,"name":"Boutique","item":"https:\/\/plazadetoroscordoba.com\/fr\/boutique\/"},{"@type":"ListItem","position":3,"name":"Bo\u00eetes VIP"}]},{"@type":"WebSite","@id":"https:\/\/plazadetoroscordoba.com\/fr\/#website","url":"https:\/\/plazadetoroscordoba.com\/fr\/","name":"Plaza Toros C\u00f3rdoba","description":"Venta de entradas a corridas de toros en C\u00f3rdoba","publisher":{"@id":"https:\/\/plazadetoroscordoba.com\/fr\/#organization"},"alternateName":"Plaza de Toros de C\u00f3rdoba","potentialAction":[{"@type":"SearchAction","target":{"@type":"EntryPoint","urlTemplate":"https:\/\/plazadetoroscordoba.com\/fr\/?s={search_term_string}"},"query-input":{"@type":"PropertyValueSpecification","valueRequired":true,"valueName":"search_term_string"}}],"inLanguage":"fr-FR"},{"@type":"Organization","@id":"https:\/\/plazadetoroscordoba.com\/fr\/#organization","name":"Plaza Toros C\u00f3rdoba","url":"https:\/\/plazadetoroscordoba.com\/fr\/","logo":{"@type":"ImageObject","inLanguage":"fr-FR","@id":"https:\/\/plazadetoroscordoba.com\/fr\/#\/schema\/logo\/image\/","url":"https:\/\/plazadetoroscordoba.com\/wp-content\/uploads\/2024\/03\/Banner-web.webp","contentUrl":"https:\/\/plazadetoroscordoba.com\/wp-content\/uploads\/2024\/03\/Banner-web.webp","width":267,"height":100,"caption":"Plaza Toros C\u00f3rdoba"},"image":{"@id":"https:\/\/plazadetoroscordoba.com\/fr\/#\/schema\/logo\/image\/"}}]}},"_links":{"self":[{"href":"https:\/\/plazadetoroscordoba.com\/fr\/wp-json\/wp\/v2\/product\/7078","targetHints":{"allow":["GET"]}}],"collection":[{"href":"https:\/\/plazadetoroscordoba.com\/fr\/wp-json\/wp\/v2\/product"}],"about":[{"href":"https:\/\/plazadetoroscordoba.com\/fr\/wp-json\/wp\/v2\/types\/product"}],"replies":[{"embeddable":true,"href":"https:\/\/plazadetoroscordoba.com\/fr\/wp-json\/wp\/v2\/comments?post=7078"}],"wp:featuredmedia":[{"embeddable":true,"href":"https:\/\/plazadetoroscordoba.com\/fr\/wp-json\/wp\/v2\/media\/7076"}],"wp:attachment":[{"href":"https:\/\/plazadetoroscordoba.com\/fr\/wp-json\/wp\/v2\/media?parent=7078"}],"wp:term":[{"taxonomy":"product_brand","embeddable":true,"href":"https:\/\/plazadetoroscordoba.com\/fr\/wp-json\/wp\/v2\/product_brand?post=7078"},{"taxonomy":"product_cat","embeddable":true,"href":"https:\/\/plazadetoroscordoba.com\/fr\/wp-json\/wp\/v2\/product_cat?post=7078"},{"taxonomy":"product_tag","embeddable":true,"href":"https:\/\/plazadetoroscordoba.com\/fr\/wp-json\/wp\/v2\/product_tag?post=7078"}],"curies":[{"name":"wp","href":"https:\/\/api.w.org\/{rel}","templated":true}]}}