{"id":9475,"date":"2026-04-28T14:58:10","date_gmt":"2026-04-28T12:58:10","guid":{"rendered":"https:\/\/plazadetoroscordoba.com\/producto\/tauromachie-17-mai\/"},"modified":"2026-04-28T15:00:32","modified_gmt":"2026-04-28T13:00:32","slug":"tauromachie-17-mai","status":"publish","type":"product","link":"https:\/\/plazadetoroscordoba.com\/fr\/producto\/tauromachie-17-mai\/","title":{"rendered":"Tauromachie 17 mai"},"content":{"rendered":"<section class=\"l-section wpb_row height_medium\"><div class=\"l-section-h i-cf\"><div class=\"g-cols vc_row via_grid cols_1 laptops-cols_inherit tablets-cols_inherit mobiles-cols_1 valign_top type_default stacking_default\"><div class=\"wpb_column vc_column_container\"><div class=\"vc_column-inner\"><div class=\"g-cols wpb_row via_grid cols_2 laptops-cols_inherit tablets-cols_inherit mobiles-cols_1 valign_top type_default stacking_default\" style=\"--columns-gap:3rem;\" id=\"espectaculo\"><div class=\"wpb_column vc_column_container\"><div class=\"vc_column-inner\"><div class=\"w-iconbox iconpos_left style_default color_primary align_left\"><div class=\"w-iconbox-icon\" style=\"font-size:2rem;\"><i class=\"fas fa-users\"><\/i><\/div><div class=\"w-iconbox-meta\"><h3 class=\"w-iconbox-title\">Toreros participants :<\/h3><div class=\"w-iconbox-text\"><p>Daniel Luque, David de Miranda et Manuel Rom\u00e1n<\/p>\n<\/div><\/div><\/div><\/div><\/div><div class=\"wpb_column vc_column_container\"><div class=\"vc_column-inner\"><div class=\"w-iconbox iconpos_left style_default color_primary align_left\"><div class=\"w-iconbox-icon\" style=\"font-size:2rem;\"><i class=\"fas fa-calendar\"><\/i><\/div><div class=\"w-iconbox-meta\"><h3 class=\"w-iconbox-title\">Calendrier<\/h3><div class=\"w-iconbox-text\"><p>17 mai<\/p>\n<\/div><\/div><\/div><\/div><\/div><\/div><div class=\"w-separator size_large\"><\/div><div class=\"g-cols wpb_row via_grid cols_1 laptops-cols_inherit tablets-cols_inherit mobiles-cols_1 valign_top type_default stacking_default\" style=\"--columns-gap:3rem;\" id=\"localidades\"><div class=\"wpb_column vc_column_container\"><div class=\"vc_column-inner\"><div class=\"wpb_text_column\"><div class=\"wpb_wrapper\"><h2>Types de billets disponibles<\/h2>\n<p>Dans les ar\u00e8nes de Los Califas \u00e0 Cordoba, vous pouvez trouver diff\u00e9rents types de si\u00e8ges ou de si\u00e8ges en fonction de la proximit\u00e9 de l&rsquo;ar\u00e8ne et de son orientation. Certaines des places disponibles pour la corrida du 11 mai sont :<\/p>\n<ul>\n<li><strong>Barrera:<\/strong> Son los asientos m\u00e1s cercanos al ruedo, ubicados en la parte delantera. Ils offrent une vue privil\u00e9gi\u00e9e pour observer l&rsquo;habilet\u00e9 des toreros.<\/li>\n<li><strong>Contrabarri\u00e8re:<\/strong> Ce sont les si\u00e8ges les plus proches de l&rsquo;ar\u00e8ne. Ils ont une vue privil\u00e9gi\u00e9e mais avec une plus grande s\u00e9curit\u00e9.<\/li>\n<li><strong>Tendido<\/strong>: Ce sont les si\u00e8ges du milieu, ils ont une vue l\u00e9g\u00e8rement plus haute et \u00e9loign\u00e9e de l&rsquo;ar\u00e8ne. Malgr\u00e9 cela, ils ont une bonne vision pour observer les futurs matadors.<\/li>\n<li><strong>VIP Loges:<\/strong> Ce sont des espaces priv\u00e9s et ferm\u00e9s situ\u00e9s aux \u00e9tages sup\u00e9rieurs des ar\u00e8nes. Les loges ont une capacit\u00e9 limit\u00e9e et offrent une vue panoramique sur l&rsquo;ar\u00e8ne.<\/li>\n<li><strong>Gradin<\/strong>: Ce sont les zones les plus hautes de la place. Dans le cas des ar\u00e8nes de Cordoba, vous pouvez choisir entre la tribune couverte avant (la plus proche de l&rsquo;ar\u00e8ne) ou la tribune couverte haute (plus loin).<\/li>\n<\/ul>\n<p>Enfin, le spectateur pourra acheter son billet pour les taureaux en fonction de la zone dans laquelle se situe son si\u00e8ge.<\/p>\n<ul>\n<li><strong>Soleil :<\/strong> Ce sont g\u00e9n\u00e9ralement les billets les moins chers car ils sont situ\u00e9s dans la zone o\u00f9 le soleil est le plus.<\/li>\n<li><strong>Soleil et ombre<\/strong>: ces si\u00e8ges alternent entre des zones ensoleill\u00e9es et des zones ombrag\u00e9es.<\/li>\n<li><strong>Ombre:<\/strong> Ce sont les plus chers mais aussi les meilleurs puisqu&rsquo;ils permettent de mieux voir la corrida et avec plus de confort.<\/li>\n<\/ul>\n<\/div><\/div><\/div><\/div><\/div><\/div><\/div><\/div><\/div><\/section><section class=\"l-section wpb_row height_medium\"><div class=\"l-section-h i-cf\"><div class=\"g-cols vc_row via_grid cols_1 laptops-cols_inherit tablets-cols_inherit mobiles-cols_1 valign_top type_default stacking_default\"><div class=\"wpb_column vc_column_container\"><div class=\"vc_column-inner\"><h2 class=\"w-text us_custom_3517658c\"><span class=\"w-text-h\"><span class=\"w-text-value\">Tu as besoin d&apos;aide?<\/span><\/span><\/h2><div class=\"w-separator size_medium\"><\/div><div class=\"g-cols wpb_row via_grid cols_3 laptops-cols_inherit tablets-cols_2 mobiles-cols_1 valign_top type_default stacking_default\" style=\"--columns-gap:3rem;\"><div class=\"wpb_column vc_column_container us_custom_94b84146\"><div class=\"vc_column-inner\"><div class=\"w-iconbox iconpos_top style_default color_primary align_center\"><div class=\"w-iconbox-icon\" style=\"font-size:2rem;\"><i class=\"fas fa-envelope\"><\/i><\/div><div class=\"w-iconbox-meta\"><h4 class=\"w-iconbox-title\">Email<\/h4><div class=\"w-iconbox-text\"><p>info@plazadetoroscordoba.com<\/p>\n<\/div><\/div><\/div><\/div><\/div><div class=\"wpb_column vc_column_container us_custom_94b84146\"><div class=\"vc_column-inner\"><div class=\"w-iconbox iconpos_top style_default color_primary align_center\"><div class=\"w-iconbox-icon\" style=\"font-size:2rem;\"><i class=\"fas fa-phone\"><\/i><\/div><div class=\"w-iconbox-meta\"><h4 class=\"w-iconbox-title\">Phone<\/h4><div class=\"w-iconbox-text\"><p>+34 675 247 690<\/p>\n<\/div><\/div><\/div><\/div><\/div><div class=\"wpb_column vc_column_container us_custom_94b84146\"><div class=\"vc_column-inner\"><div class=\"w-iconbox iconpos_top style_default color_primary align_center\"><div class=\"w-iconbox-icon\" style=\"font-size:2rem;\"><i class=\"fab fa-whatsapp-square\"><\/i><\/div><div class=\"w-iconbox-meta\"><h4 class=\"w-iconbox-title\">WhatsApp<\/h4><div class=\"w-iconbox-text\"><p>675 247 690<\/p>\n<\/div><\/div><\/div><\/div><\/div><\/div><\/div><\/div><\/div><\/div><\/section>\n","protected":false},"excerpt":{"rendered":"<ul>\n<li>Il s<strong>&lsquo;agit d&rsquo;un billet non num\u00e9rot\u00e9,<\/strong> les meilleures places disponibles seront attribu\u00e9es.<\/li>\n<li><strong>Si vous achetez plusieurs billets<\/strong>, les si\u00e8ges qui vous seront attribu\u00e9s seront cons\u00e9cutifs les uns \u00e0 c\u00f4t\u00e9 des autres.<\/li>\n<li>Le prix ne comprend pas les frais de gestion suppl\u00e9mentaires.<\/li>\n<li>Les billets sont envoy\u00e9s quelques jours avant l&rsquo;\u00e9v\u00e9nement.<\/li>\n<\/ul>\n<p><a href=\"https:\/\/plazadetoroscordoba.com\/fr\/date-de-livraison-et-commissions\/\">V\u00e9rifier la date de livraison et les commissions<\/a><\/p>\n","protected":false},"featured_media":9243,"comment_status":"open","ping_status":"closed","template":"","meta":[],"product_brand":[],"product_cat":[81],"product_tag":[],"class_list":{"0":"post-9475","1":"product","2":"type-product","3":"status-publish","4":"has-post-thumbnail","6":"product_cat-evenements-taurins-fr","8":"first","9":"instock","10":"taxable","11":"shipping-taxable","12":"purchasable","13":"product-type-variable"},"yoast_head":"<!-- This site is optimized with the Yoast SEO plugin v27.5 - https:\/\/yoast.com\/product\/yoast-seo-wordpress\/ -->\n<title>\u25b7 Billets de corrida pour le 17 mai : Ar\u00e8nes de Cordoue<\/title>\n<meta name=\"description\" content=\"Achetez vos billets pour la prochaine corrida du 17 mai dans les ar\u00e8nes de Cordoue : Daniel Luque, David de Miranda y Manuel Rom\u00e1n\" \/>\n<meta name=\"robots\" content=\"index, follow, max-snippet:-1, max-image-preview:large, max-video-preview:-1\" \/>\n<link rel=\"canonical\" href=\"https:\/\/plazadetoroscordoba.com\/fr\/producto\/tauromachie-17-mai\/\" \/>\n<meta property=\"og:locale\" content=\"fr_FR\" \/>\n<meta property=\"og:type\" content=\"article\" \/>\n<meta property=\"og:title\" content=\"\u25b7 Billets de corrida pour le 17 mai : Ar\u00e8nes de Cordoue\" \/>\n<meta property=\"og:description\" content=\"Achetez vos billets pour la prochaine corrida du 17 mai dans les ar\u00e8nes de Cordoue : Daniel Luque, David de Miranda y Manuel Rom\u00e1n\" \/>\n<meta property=\"og:url\" content=\"https:\/\/plazadetoroscordoba.com\/fr\/producto\/tauromachie-17-mai\/\" \/>\n<meta property=\"og:site_name\" content=\"Plaza Toros C\u00f3rdoba\" \/>\n<meta property=\"article:modified_time\" content=\"2026-04-28T13:00:32+00:00\" \/>\n<meta property=\"og:image\" content=\"https:\/\/plazadetoroscordoba.com\/wp-content\/uploads\/2026\/04\/Corrida-de-toros-17-mayo.webp\" \/>\n\t<meta property=\"og:image:width\" content=\"500\" \/>\n\t<meta property=\"og:image:height\" content=\"500\" \/>\n\t<meta property=\"og:image:type\" content=\"image\/webp\" \/>\n<meta name=\"twitter:card\" content=\"summary_large_image\" \/>\n<meta name=\"twitter:label1\" content=\"Dur\u00e9e de lecture estim\u00e9e\" \/>\n\t<meta name=\"twitter:data1\" content=\"3 minutes\" \/>\n<script type=\"application\/ld+json\" class=\"yoast-schema-graph\">{\"@context\":\"https:\\\/\\\/schema.org\",\"@graph\":[{\"@type\":\"WebPage\",\"@id\":\"https:\\\/\\\/plazadetoroscordoba.com\\\/fr\\\/producto\\\/tauromachie-17-mai\\\/\",\"url\":\"https:\\\/\\\/plazadetoroscordoba.com\\\/fr\\\/producto\\\/tauromachie-17-mai\\\/\",\"name\":\"\u25b7 Billets de corrida pour le 17 mai : Ar\u00e8nes de Cordoue\",\"isPartOf\":{\"@id\":\"https:\\\/\\\/plazadetoroscordoba.com\\\/fr\\\/#website\"},\"primaryImageOfPage\":{\"@id\":\"https:\\\/\\\/plazadetoroscordoba.com\\\/fr\\\/producto\\\/tauromachie-17-mai\\\/#primaryimage\"},\"image\":{\"@id\":\"https:\\\/\\\/plazadetoroscordoba.com\\\/fr\\\/producto\\\/tauromachie-17-mai\\\/#primaryimage\"},\"thumbnailUrl\":\"https:\\\/\\\/plazadetoroscordoba.com\\\/wp-content\\\/uploads\\\/2026\\\/04\\\/Corrida-de-toros-17-mayo.webp\",\"datePublished\":\"2026-04-28T12:58:10+00:00\",\"dateModified\":\"2026-04-28T13:00:32+00:00\",\"description\":\"Achetez vos billets pour la prochaine corrida du 17 mai dans les ar\u00e8nes de Cordoue : Daniel Luque, David de Miranda y Manuel Rom\u00e1n\",\"breadcrumb\":{\"@id\":\"https:\\\/\\\/plazadetoroscordoba.com\\\/fr\\\/producto\\\/tauromachie-17-mai\\\/#breadcrumb\"},\"inLanguage\":\"fr-FR\",\"potentialAction\":[{\"@type\":\"ReadAction\",\"target\":[\"https:\\\/\\\/plazadetoroscordoba.com\\\/fr\\\/producto\\\/tauromachie-17-mai\\\/\"]}]},{\"@type\":\"ImageObject\",\"inLanguage\":\"fr-FR\",\"@id\":\"https:\\\/\\\/plazadetoroscordoba.com\\\/fr\\\/producto\\\/tauromachie-17-mai\\\/#primaryimage\",\"url\":\"https:\\\/\\\/plazadetoroscordoba.com\\\/wp-content\\\/uploads\\\/2026\\\/04\\\/Corrida-de-toros-17-mayo.webp\",\"contentUrl\":\"https:\\\/\\\/plazadetoroscordoba.com\\\/wp-content\\\/uploads\\\/2026\\\/04\\\/Corrida-de-toros-17-mayo.webp\",\"width\":500,\"height\":500,\"caption\":\"Corrida de toros 17 mayo cordoba\"},{\"@type\":\"BreadcrumbList\",\"@id\":\"https:\\\/\\\/plazadetoroscordoba.com\\\/fr\\\/producto\\\/tauromachie-17-mai\\\/#breadcrumb\",\"itemListElement\":[{\"@type\":\"ListItem\",\"position\":1,\"name\":\"Portada\",\"item\":\"https:\\\/\\\/plazadetoroscordoba.com\\\/fr\\\/\"},{\"@type\":\"ListItem\",\"position\":2,\"name\":\"Boutique\",\"item\":\"https:\\\/\\\/plazadetoroscordoba.com\\\/fr\\\/boutique\\\/\"},{\"@type\":\"ListItem\",\"position\":3,\"name\":\"Tauromachie 17 mai\"}]},{\"@type\":\"WebSite\",\"@id\":\"https:\\\/\\\/plazadetoroscordoba.com\\\/fr\\\/#website\",\"url\":\"https:\\\/\\\/plazadetoroscordoba.com\\\/fr\\\/\",\"name\":\"Plaza Toros C\u00f3rdoba\",\"description\":\"Venta de entradas a corridas de toros en C\u00f3rdoba\",\"publisher\":{\"@id\":\"https:\\\/\\\/plazadetoroscordoba.com\\\/fr\\\/#organization\"},\"alternateName\":\"Plaza de Toros de C\u00f3rdoba\",\"potentialAction\":[{\"@type\":\"SearchAction\",\"target\":{\"@type\":\"EntryPoint\",\"urlTemplate\":\"https:\\\/\\\/plazadetoroscordoba.com\\\/fr\\\/?s={search_term_string}\"},\"query-input\":{\"@type\":\"PropertyValueSpecification\",\"valueRequired\":true,\"valueName\":\"search_term_string\"}}],\"inLanguage\":\"fr-FR\"},{\"@type\":\"Organization\",\"@id\":\"https:\\\/\\\/plazadetoroscordoba.com\\\/fr\\\/#organization\",\"name\":\"Plaza Toros C\u00f3rdoba\",\"url\":\"https:\\\/\\\/plazadetoroscordoba.com\\\/fr\\\/\",\"logo\":{\"@type\":\"ImageObject\",\"inLanguage\":\"fr-FR\",\"@id\":\"https:\\\/\\\/plazadetoroscordoba.com\\\/fr\\\/#\\\/schema\\\/logo\\\/image\\\/\",\"url\":\"https:\\\/\\\/plazadetoroscordoba.com\\\/wp-content\\\/uploads\\\/2024\\\/03\\\/Banner-web.webp\",\"contentUrl\":\"https:\\\/\\\/plazadetoroscordoba.com\\\/wp-content\\\/uploads\\\/2024\\\/03\\\/Banner-web.webp\",\"width\":267,\"height\":100,\"caption\":\"Plaza Toros C\u00f3rdoba\"},\"image\":{\"@id\":\"https:\\\/\\\/plazadetoroscordoba.com\\\/fr\\\/#\\\/schema\\\/logo\\\/image\\\/\"}}]}<\/script>\n<!-- \/ Yoast SEO plugin. -->","yoast_head_json":{"title":"\u25b7 Billets de corrida pour le 17 mai : Ar\u00e8nes de Cordoue","description":"Achetez vos billets pour la prochaine corrida du 17 mai dans les ar\u00e8nes de Cordoue : Daniel Luque, David de Miranda y Manuel Rom\u00e1n","robots":{"index":"index","follow":"follow","max-snippet":"max-snippet:-1","max-image-preview":"max-image-preview:large","max-video-preview":"max-video-preview:-1"},"canonical":"https:\/\/plazadetoroscordoba.com\/fr\/producto\/tauromachie-17-mai\/","og_locale":"fr_FR","og_type":"article","og_title":"\u25b7 Billets de corrida pour le 17 mai : Ar\u00e8nes de Cordoue","og_description":"Achetez vos billets pour la prochaine corrida du 17 mai dans les ar\u00e8nes de Cordoue : Daniel Luque, David de Miranda y Manuel Rom\u00e1n","og_url":"https:\/\/plazadetoroscordoba.com\/fr\/producto\/tauromachie-17-mai\/","og_site_name":"Plaza Toros C\u00f3rdoba","article_modified_time":"2026-04-28T13:00:32+00:00","og_image":[{"width":500,"height":500,"url":"https:\/\/plazadetoroscordoba.com\/wp-content\/uploads\/2026\/04\/Corrida-de-toros-17-mayo.webp","type":"image\/webp"}],"twitter_card":"summary_large_image","twitter_misc":{"Dur\u00e9e de lecture estim\u00e9e":"3 minutes"},"schema":{"@context":"https:\/\/schema.org","@graph":[{"@type":"WebPage","@id":"https:\/\/plazadetoroscordoba.com\/fr\/producto\/tauromachie-17-mai\/","url":"https:\/\/plazadetoroscordoba.com\/fr\/producto\/tauromachie-17-mai\/","name":"\u25b7 Billets de corrida pour le 17 mai : Ar\u00e8nes de Cordoue","isPartOf":{"@id":"https:\/\/plazadetoroscordoba.com\/fr\/#website"},"primaryImageOfPage":{"@id":"https:\/\/plazadetoroscordoba.com\/fr\/producto\/tauromachie-17-mai\/#primaryimage"},"image":{"@id":"https:\/\/plazadetoroscordoba.com\/fr\/producto\/tauromachie-17-mai\/#primaryimage"},"thumbnailUrl":"https:\/\/plazadetoroscordoba.com\/wp-content\/uploads\/2026\/04\/Corrida-de-toros-17-mayo.webp","datePublished":"2026-04-28T12:58:10+00:00","dateModified":"2026-04-28T13:00:32+00:00","description":"Achetez vos billets pour la prochaine corrida du 17 mai dans les ar\u00e8nes de Cordoue : Daniel Luque, David de Miranda y Manuel Rom\u00e1n","breadcrumb":{"@id":"https:\/\/plazadetoroscordoba.com\/fr\/producto\/tauromachie-17-mai\/#breadcrumb"},"inLanguage":"fr-FR","potentialAction":[{"@type":"ReadAction","target":["https:\/\/plazadetoroscordoba.com\/fr\/producto\/tauromachie-17-mai\/"]}]},{"@type":"ImageObject","inLanguage":"fr-FR","@id":"https:\/\/plazadetoroscordoba.com\/fr\/producto\/tauromachie-17-mai\/#primaryimage","url":"https:\/\/plazadetoroscordoba.com\/wp-content\/uploads\/2026\/04\/Corrida-de-toros-17-mayo.webp","contentUrl":"https:\/\/plazadetoroscordoba.com\/wp-content\/uploads\/2026\/04\/Corrida-de-toros-17-mayo.webp","width":500,"height":500,"caption":"Corrida de toros 17 mayo cordoba"},{"@type":"BreadcrumbList","@id":"https:\/\/plazadetoroscordoba.com\/fr\/producto\/tauromachie-17-mai\/#breadcrumb","itemListElement":[{"@type":"ListItem","position":1,"name":"Portada","item":"https:\/\/plazadetoroscordoba.com\/fr\/"},{"@type":"ListItem","position":2,"name":"Boutique","item":"https:\/\/plazadetoroscordoba.com\/fr\/boutique\/"},{"@type":"ListItem","position":3,"name":"Tauromachie 17 mai"}]},{"@type":"WebSite","@id":"https:\/\/plazadetoroscordoba.com\/fr\/#website","url":"https:\/\/plazadetoroscordoba.com\/fr\/","name":"Plaza Toros C\u00f3rdoba","description":"Venta de entradas a corridas de toros en C\u00f3rdoba","publisher":{"@id":"https:\/\/plazadetoroscordoba.com\/fr\/#organization"},"alternateName":"Plaza de Toros de C\u00f3rdoba","potentialAction":[{"@type":"SearchAction","target":{"@type":"EntryPoint","urlTemplate":"https:\/\/plazadetoroscordoba.com\/fr\/?s={search_term_string}"},"query-input":{"@type":"PropertyValueSpecification","valueRequired":true,"valueName":"search_term_string"}}],"inLanguage":"fr-FR"},{"@type":"Organization","@id":"https:\/\/plazadetoroscordoba.com\/fr\/#organization","name":"Plaza Toros C\u00f3rdoba","url":"https:\/\/plazadetoroscordoba.com\/fr\/","logo":{"@type":"ImageObject","inLanguage":"fr-FR","@id":"https:\/\/plazadetoroscordoba.com\/fr\/#\/schema\/logo\/image\/","url":"https:\/\/plazadetoroscordoba.com\/wp-content\/uploads\/2024\/03\/Banner-web.webp","contentUrl":"https:\/\/plazadetoroscordoba.com\/wp-content\/uploads\/2024\/03\/Banner-web.webp","width":267,"height":100,"caption":"Plaza Toros C\u00f3rdoba"},"image":{"@id":"https:\/\/plazadetoroscordoba.com\/fr\/#\/schema\/logo\/image\/"}}]}},"_links":{"self":[{"href":"https:\/\/plazadetoroscordoba.com\/fr\/wp-json\/wp\/v2\/product\/9475","targetHints":{"allow":["GET"]}}],"collection":[{"href":"https:\/\/plazadetoroscordoba.com\/fr\/wp-json\/wp\/v2\/product"}],"about":[{"href":"https:\/\/plazadetoroscordoba.com\/fr\/wp-json\/wp\/v2\/types\/product"}],"replies":[{"embeddable":true,"href":"https:\/\/plazadetoroscordoba.com\/fr\/wp-json\/wp\/v2\/comments?post=9475"}],"wp:featuredmedia":[{"embeddable":true,"href":"https:\/\/plazadetoroscordoba.com\/fr\/wp-json\/wp\/v2\/media\/9243"}],"wp:attachment":[{"href":"https:\/\/plazadetoroscordoba.com\/fr\/wp-json\/wp\/v2\/media?parent=9475"}],"wp:term":[{"taxonomy":"product_brand","embeddable":true,"href":"https:\/\/plazadetoroscordoba.com\/fr\/wp-json\/wp\/v2\/product_brand?post=9475"},{"taxonomy":"product_cat","embeddable":true,"href":"https:\/\/plazadetoroscordoba.com\/fr\/wp-json\/wp\/v2\/product_cat?post=9475"},{"taxonomy":"product_tag","embeddable":true,"href":"https:\/\/plazadetoroscordoba.com\/fr\/wp-json\/wp\/v2\/product_tag?post=9475"}],"curies":[{"name":"wp","href":"https:\/\/api.w.org\/{rel}","templated":true}]}}