{"id":9775,"date":"2026-04-30T10:41:23","date_gmt":"2026-04-30T08:41:23","guid":{"rendered":"https:\/\/plazadetoroscordoba.com\/producto\/abonnements\/"},"modified":"2026-04-30T10:45:44","modified_gmt":"2026-04-30T08:45:44","slug":"abonnements","status":"publish","type":"product","link":"https:\/\/plazadetoroscordoba.com\/fr\/producto\/abonnements\/","title":{"rendered":"Abonnements"},"content":{"rendered":"<section class=\"l-section wpb_row height_medium\"><div class=\"l-section-h i-cf\"><div class=\"g-cols vc_row via_grid cols_1 laptops-cols_inherit tablets-cols_inherit mobiles-cols_1 valign_top type_default stacking_default\"><div class=\"wpb_column vc_column_container\"><div class=\"vc_column-inner\"><div class=\"wpb_text_column us_custom_435c636a\"><div class=\"wpb_wrapper\"><h2 style=\"text-align: center;\">Que comprennent les abonnements ?<\/h2>\n<\/div><\/div><div class=\"w-separator size_medium\"><\/div><div class=\"g-cols wpb_row via_grid cols_3 laptops-cols_2 tablets-cols_2 mobiles-cols_1 valign_top type_default\" style=\"--columns-gap:1.5rem;\"><div class=\"wpb_column vc_column_container\"><div class=\"vc_column-inner\"><div class=\"w-iconbox us_custom_13427bc9 iconpos_top style_circle color_primary align_left\"><div class=\"w-iconbox-icon\" style=\"font-size:1.8rem;\"><i class=\"fas fa-ticket\"><\/i><\/div><div class=\"w-iconbox-meta\"><h4 class=\"w-iconbox-title\">5 Billets<\/h4><div class=\"w-iconbox-text\"><p>Billets avec un lieu choisi par le spectateur pour toute la foire taurine de Cordoue.<\/p>\n<\/div><\/div><\/div><\/div><\/div><div class=\"wpb_column vc_column_container\"><div class=\"vc_column-inner\"><div class=\"w-iconbox us_custom_13427bc9 iconpos_top style_circle color_primary align_left\"><div class=\"w-iconbox-icon\" style=\"font-size:1.8rem;\"><i class=\"fas fa-percent\"><\/i><\/div><div class=\"w-iconbox-meta\"><h4 class=\"w-iconbox-title\">10 % R\u00e9duc<\/h4><div class=\"w-iconbox-text\"><p>Achetez tous les billets avec jusqu&rsquo;\u00e0 10 % de r\u00e9duction par rapport \u00e0 un achat individuel.<\/p>\n<\/div><\/div><\/div><\/div><\/div><div class=\"wpb_column vc_column_container\"><div class=\"vc_column-inner\"><div class=\"w-iconbox us_custom_13427bc9 iconpos_top style_circle color_primary align_left\"><div class=\"w-iconbox-icon\" style=\"font-size:1.8rem;\"><i class=\"fas fa-search\"><\/i><\/div><div class=\"w-iconbox-meta\"><h4 class=\"w-iconbox-title\">Priorit\u00e9<\/h4><div class=\"w-iconbox-text\"><p>Choisissez vos si\u00e8ges des semaines avant la mise en vente des billets au public. Vous pouvez choisir les meilleurs !<\/p>\n<\/div><\/div><\/div><\/div><\/div><\/div><\/div><\/div><\/div><\/div><\/section>\n","protected":false},"excerpt":{"rendered":"<ul>\n<li><strong>Il s&rsquo;agit d&rsquo;un billet non num\u00e9rot\u00e9,<\/strong><span> <\/span>les meilleures places disponibles seront attribu\u00e9es.<\/li>\n<li><strong>Si vous achetez plusieurs billets<\/strong>, les si\u00e8ges qui vous seront attribu\u00e9s seront cons\u00e9cutifs les uns \u00e0 c\u00f4t\u00e9 des autres.<\/li>\n<li>Le prix ne comprend pas les frais de gestion suppl\u00e9mentaires.<\/li>\n<li>Les billets sont envoy\u00e9s quelques jours avant l&rsquo;\u00e9v\u00e9nement.<\/li>\n<\/ul>\n<p><a href=\"https:\/\/plazadetoroscordoba.com\/fr\/date-de-livraison-et-commissions\/\">V\u00e9rifier la date de livraison et les commissions<\/a><\/p>\n","protected":false},"featured_media":9772,"comment_status":"open","ping_status":"closed","template":"","meta":[],"product_brand":[],"product_cat":[81],"product_tag":[],"class_list":{"0":"post-9775","1":"product","2":"type-product","3":"status-publish","4":"has-post-thumbnail","6":"product_cat-evenements-taurins-fr","8":"first","9":"instock","10":"taxable","11":"shipping-taxable","12":"purchasable","13":"product-type-variable"},"yoast_head":"<!-- This site is optimized with the Yoast SEO plugin v27.5 - https:\/\/yoast.com\/product\/yoast-seo-wordpress\/ -->\n<title>Abonnement Corridas Cordoue 2026 | Ar\u00e8nes de Cordoue<\/title>\n<meta name=\"description\" content=\"Achetez des abonnements pour les Ar\u00e8nes de Cordoue 2026 au meilleur prix. Garantissez votre place \u00e0 la feria taurine avec acc\u00e8s \u00e0 tous les spectacles.\" \/>\n<meta name=\"robots\" content=\"index, follow, max-snippet:-1, max-image-preview:large, max-video-preview:-1\" \/>\n<link rel=\"canonical\" href=\"https:\/\/plazadetoroscordoba.com\/fr\/producto\/abonnements\/\" \/>\n<meta property=\"og:locale\" content=\"fr_FR\" \/>\n<meta property=\"og:type\" content=\"article\" \/>\n<meta property=\"og:title\" content=\"Abonnement Corridas Cordoue 2026 | Ar\u00e8nes de Cordoue\" \/>\n<meta property=\"og:description\" content=\"Achetez des abonnements pour les Ar\u00e8nes de Cordoue 2026 au meilleur prix. Garantissez votre place \u00e0 la feria taurine avec acc\u00e8s \u00e0 tous les spectacles.\" \/>\n<meta property=\"og:url\" content=\"https:\/\/plazadetoroscordoba.com\/fr\/producto\/abonnements\/\" \/>\n<meta property=\"og:site_name\" content=\"Plaza Toros C\u00f3rdoba\" \/>\n<meta property=\"article:modified_time\" content=\"2026-04-30T08:45:44+00:00\" \/>\n<meta property=\"og:image\" content=\"https:\/\/plazadetoroscordoba.com\/wp-content\/uploads\/2026\/04\/Abono-toros-cordoba.webp\" \/>\n\t<meta property=\"og:image:width\" content=\"500\" \/>\n\t<meta property=\"og:image:height\" content=\"500\" \/>\n\t<meta property=\"og:image:type\" content=\"image\/webp\" \/>\n<meta name=\"twitter:card\" content=\"summary_large_image\" \/>\n<meta name=\"twitter:label1\" content=\"Dur\u00e9e de lecture estim\u00e9e\" \/>\n\t<meta name=\"twitter:data1\" content=\"2 minutes\" \/>\n<script type=\"application\/ld+json\" class=\"yoast-schema-graph\">{\"@context\":\"https:\\\/\\\/schema.org\",\"@graph\":[{\"@type\":\"WebPage\",\"@id\":\"https:\\\/\\\/plazadetoroscordoba.com\\\/fr\\\/producto\\\/abonnements\\\/\",\"url\":\"https:\\\/\\\/plazadetoroscordoba.com\\\/fr\\\/producto\\\/abonnements\\\/\",\"name\":\"Abonnement Corridas Cordoue 2026 | Ar\u00e8nes de Cordoue\",\"isPartOf\":{\"@id\":\"https:\\\/\\\/plazadetoroscordoba.com\\\/fr\\\/#website\"},\"primaryImageOfPage\":{\"@id\":\"https:\\\/\\\/plazadetoroscordoba.com\\\/fr\\\/producto\\\/abonnements\\\/#primaryimage\"},\"image\":{\"@id\":\"https:\\\/\\\/plazadetoroscordoba.com\\\/fr\\\/producto\\\/abonnements\\\/#primaryimage\"},\"thumbnailUrl\":\"https:\\\/\\\/plazadetoroscordoba.com\\\/wp-content\\\/uploads\\\/2026\\\/04\\\/Abono-toros-cordoba.webp\",\"datePublished\":\"2026-04-30T08:41:23+00:00\",\"dateModified\":\"2026-04-30T08:45:44+00:00\",\"description\":\"Achetez des abonnements pour les Ar\u00e8nes de Cordoue 2026 au meilleur prix. Garantissez votre place \u00e0 la feria taurine avec acc\u00e8s \u00e0 tous les spectacles.\",\"breadcrumb\":{\"@id\":\"https:\\\/\\\/plazadetoroscordoba.com\\\/fr\\\/producto\\\/abonnements\\\/#breadcrumb\"},\"inLanguage\":\"fr-FR\",\"potentialAction\":[{\"@type\":\"ReadAction\",\"target\":[\"https:\\\/\\\/plazadetoroscordoba.com\\\/fr\\\/producto\\\/abonnements\\\/\"]}]},{\"@type\":\"ImageObject\",\"inLanguage\":\"fr-FR\",\"@id\":\"https:\\\/\\\/plazadetoroscordoba.com\\\/fr\\\/producto\\\/abonnements\\\/#primaryimage\",\"url\":\"https:\\\/\\\/plazadetoroscordoba.com\\\/wp-content\\\/uploads\\\/2026\\\/04\\\/Abono-toros-cordoba.webp\",\"contentUrl\":\"https:\\\/\\\/plazadetoroscordoba.com\\\/wp-content\\\/uploads\\\/2026\\\/04\\\/Abono-toros-cordoba.webp\",\"width\":500,\"height\":500,\"caption\":\"Abono toros cordoba 2026\"},{\"@type\":\"BreadcrumbList\",\"@id\":\"https:\\\/\\\/plazadetoroscordoba.com\\\/fr\\\/producto\\\/abonnements\\\/#breadcrumb\",\"itemListElement\":[{\"@type\":\"ListItem\",\"position\":1,\"name\":\"Portada\",\"item\":\"https:\\\/\\\/plazadetoroscordoba.com\\\/fr\\\/\"},{\"@type\":\"ListItem\",\"position\":2,\"name\":\"Boutique\",\"item\":\"https:\\\/\\\/plazadetoroscordoba.com\\\/fr\\\/boutique\\\/\"},{\"@type\":\"ListItem\",\"position\":3,\"name\":\"Abonnements\"}]},{\"@type\":\"WebSite\",\"@id\":\"https:\\\/\\\/plazadetoroscordoba.com\\\/fr\\\/#website\",\"url\":\"https:\\\/\\\/plazadetoroscordoba.com\\\/fr\\\/\",\"name\":\"Plaza Toros C\u00f3rdoba\",\"description\":\"Venta de entradas a corridas de toros en C\u00f3rdoba\",\"publisher\":{\"@id\":\"https:\\\/\\\/plazadetoroscordoba.com\\\/fr\\\/#organization\"},\"alternateName\":\"Plaza de Toros de C\u00f3rdoba\",\"potentialAction\":[{\"@type\":\"SearchAction\",\"target\":{\"@type\":\"EntryPoint\",\"urlTemplate\":\"https:\\\/\\\/plazadetoroscordoba.com\\\/fr\\\/?s={search_term_string}\"},\"query-input\":{\"@type\":\"PropertyValueSpecification\",\"valueRequired\":true,\"valueName\":\"search_term_string\"}}],\"inLanguage\":\"fr-FR\"},{\"@type\":\"Organization\",\"@id\":\"https:\\\/\\\/plazadetoroscordoba.com\\\/fr\\\/#organization\",\"name\":\"Plaza Toros C\u00f3rdoba\",\"url\":\"https:\\\/\\\/plazadetoroscordoba.com\\\/fr\\\/\",\"logo\":{\"@type\":\"ImageObject\",\"inLanguage\":\"fr-FR\",\"@id\":\"https:\\\/\\\/plazadetoroscordoba.com\\\/fr\\\/#\\\/schema\\\/logo\\\/image\\\/\",\"url\":\"https:\\\/\\\/plazadetoroscordoba.com\\\/wp-content\\\/uploads\\\/2024\\\/03\\\/Banner-web.webp\",\"contentUrl\":\"https:\\\/\\\/plazadetoroscordoba.com\\\/wp-content\\\/uploads\\\/2024\\\/03\\\/Banner-web.webp\",\"width\":267,\"height\":100,\"caption\":\"Plaza Toros C\u00f3rdoba\"},\"image\":{\"@id\":\"https:\\\/\\\/plazadetoroscordoba.com\\\/fr\\\/#\\\/schema\\\/logo\\\/image\\\/\"}}]}<\/script>\n<!-- \/ Yoast SEO plugin. -->","yoast_head_json":{"title":"Abonnement Corridas Cordoue 2026 | Ar\u00e8nes de Cordoue","description":"Achetez des abonnements pour les Ar\u00e8nes de Cordoue 2026 au meilleur prix. Garantissez votre place \u00e0 la feria taurine avec acc\u00e8s \u00e0 tous les spectacles.","robots":{"index":"index","follow":"follow","max-snippet":"max-snippet:-1","max-image-preview":"max-image-preview:large","max-video-preview":"max-video-preview:-1"},"canonical":"https:\/\/plazadetoroscordoba.com\/fr\/producto\/abonnements\/","og_locale":"fr_FR","og_type":"article","og_title":"Abonnement Corridas Cordoue 2026 | Ar\u00e8nes de Cordoue","og_description":"Achetez des abonnements pour les Ar\u00e8nes de Cordoue 2026 au meilleur prix. Garantissez votre place \u00e0 la feria taurine avec acc\u00e8s \u00e0 tous les spectacles.","og_url":"https:\/\/plazadetoroscordoba.com\/fr\/producto\/abonnements\/","og_site_name":"Plaza Toros C\u00f3rdoba","article_modified_time":"2026-04-30T08:45:44+00:00","og_image":[{"width":500,"height":500,"url":"https:\/\/plazadetoroscordoba.com\/wp-content\/uploads\/2026\/04\/Abono-toros-cordoba.webp","type":"image\/webp"}],"twitter_card":"summary_large_image","twitter_misc":{"Dur\u00e9e de lecture estim\u00e9e":"2 minutes"},"schema":{"@context":"https:\/\/schema.org","@graph":[{"@type":"WebPage","@id":"https:\/\/plazadetoroscordoba.com\/fr\/producto\/abonnements\/","url":"https:\/\/plazadetoroscordoba.com\/fr\/producto\/abonnements\/","name":"Abonnement Corridas Cordoue 2026 | Ar\u00e8nes de Cordoue","isPartOf":{"@id":"https:\/\/plazadetoroscordoba.com\/fr\/#website"},"primaryImageOfPage":{"@id":"https:\/\/plazadetoroscordoba.com\/fr\/producto\/abonnements\/#primaryimage"},"image":{"@id":"https:\/\/plazadetoroscordoba.com\/fr\/producto\/abonnements\/#primaryimage"},"thumbnailUrl":"https:\/\/plazadetoroscordoba.com\/wp-content\/uploads\/2026\/04\/Abono-toros-cordoba.webp","datePublished":"2026-04-30T08:41:23+00:00","dateModified":"2026-04-30T08:45:44+00:00","description":"Achetez des abonnements pour les Ar\u00e8nes de Cordoue 2026 au meilleur prix. Garantissez votre place \u00e0 la feria taurine avec acc\u00e8s \u00e0 tous les spectacles.","breadcrumb":{"@id":"https:\/\/plazadetoroscordoba.com\/fr\/producto\/abonnements\/#breadcrumb"},"inLanguage":"fr-FR","potentialAction":[{"@type":"ReadAction","target":["https:\/\/plazadetoroscordoba.com\/fr\/producto\/abonnements\/"]}]},{"@type":"ImageObject","inLanguage":"fr-FR","@id":"https:\/\/plazadetoroscordoba.com\/fr\/producto\/abonnements\/#primaryimage","url":"https:\/\/plazadetoroscordoba.com\/wp-content\/uploads\/2026\/04\/Abono-toros-cordoba.webp","contentUrl":"https:\/\/plazadetoroscordoba.com\/wp-content\/uploads\/2026\/04\/Abono-toros-cordoba.webp","width":500,"height":500,"caption":"Abono toros cordoba 2026"},{"@type":"BreadcrumbList","@id":"https:\/\/plazadetoroscordoba.com\/fr\/producto\/abonnements\/#breadcrumb","itemListElement":[{"@type":"ListItem","position":1,"name":"Portada","item":"https:\/\/plazadetoroscordoba.com\/fr\/"},{"@type":"ListItem","position":2,"name":"Boutique","item":"https:\/\/plazadetoroscordoba.com\/fr\/boutique\/"},{"@type":"ListItem","position":3,"name":"Abonnements"}]},{"@type":"WebSite","@id":"https:\/\/plazadetoroscordoba.com\/fr\/#website","url":"https:\/\/plazadetoroscordoba.com\/fr\/","name":"Plaza Toros C\u00f3rdoba","description":"Venta de entradas a corridas de toros en C\u00f3rdoba","publisher":{"@id":"https:\/\/plazadetoroscordoba.com\/fr\/#organization"},"alternateName":"Plaza de Toros de C\u00f3rdoba","potentialAction":[{"@type":"SearchAction","target":{"@type":"EntryPoint","urlTemplate":"https:\/\/plazadetoroscordoba.com\/fr\/?s={search_term_string}"},"query-input":{"@type":"PropertyValueSpecification","valueRequired":true,"valueName":"search_term_string"}}],"inLanguage":"fr-FR"},{"@type":"Organization","@id":"https:\/\/plazadetoroscordoba.com\/fr\/#organization","name":"Plaza Toros C\u00f3rdoba","url":"https:\/\/plazadetoroscordoba.com\/fr\/","logo":{"@type":"ImageObject","inLanguage":"fr-FR","@id":"https:\/\/plazadetoroscordoba.com\/fr\/#\/schema\/logo\/image\/","url":"https:\/\/plazadetoroscordoba.com\/wp-content\/uploads\/2024\/03\/Banner-web.webp","contentUrl":"https:\/\/plazadetoroscordoba.com\/wp-content\/uploads\/2024\/03\/Banner-web.webp","width":267,"height":100,"caption":"Plaza Toros C\u00f3rdoba"},"image":{"@id":"https:\/\/plazadetoroscordoba.com\/fr\/#\/schema\/logo\/image\/"}}]}},"_links":{"self":[{"href":"https:\/\/plazadetoroscordoba.com\/fr\/wp-json\/wp\/v2\/product\/9775","targetHints":{"allow":["GET"]}}],"collection":[{"href":"https:\/\/plazadetoroscordoba.com\/fr\/wp-json\/wp\/v2\/product"}],"about":[{"href":"https:\/\/plazadetoroscordoba.com\/fr\/wp-json\/wp\/v2\/types\/product"}],"replies":[{"embeddable":true,"href":"https:\/\/plazadetoroscordoba.com\/fr\/wp-json\/wp\/v2\/comments?post=9775"}],"wp:featuredmedia":[{"embeddable":true,"href":"https:\/\/plazadetoroscordoba.com\/fr\/wp-json\/wp\/v2\/media\/9772"}],"wp:attachment":[{"href":"https:\/\/plazadetoroscordoba.com\/fr\/wp-json\/wp\/v2\/media?parent=9775"}],"wp:term":[{"taxonomy":"product_brand","embeddable":true,"href":"https:\/\/plazadetoroscordoba.com\/fr\/wp-json\/wp\/v2\/product_brand?post=9775"},{"taxonomy":"product_cat","embeddable":true,"href":"https:\/\/plazadetoroscordoba.com\/fr\/wp-json\/wp\/v2\/product_cat?post=9775"},{"taxonomy":"product_tag","embeddable":true,"href":"https:\/\/plazadetoroscordoba.com\/fr\/wp-json\/wp\/v2\/product_tag?post=9775"}],"curies":[{"name":"wp","href":"https:\/\/api.w.org\/{rel}","templated":true}]}}